{"id":1469,"date":"2018-10-18T18:44:59","date_gmt":"2018-10-18T16:44:59","guid":{"rendered":"http:\/\/www.mg-modelleisenbahnbau.de\/?post_type=product&#038;p=1469"},"modified":"2025-01-03T21:34:46","modified_gmt":"2025-01-03T20:34:46","slug":"h0-%c2%b7-fussgaengersteg-%c2%b7-25-cm-f-25","status":"publish","type":"product","link":"https:\/\/www.mg-modelleisenbahnbau.de\/startseite-2\/produkt\/h0-%c2%b7-fussgaengersteg-%c2%b7-25-cm-f-25\/","title":{"rendered":"H0 \u00b7 Fu\u00dfg\u00e4ngersteg \u00b7 25 cm F 25"},"content":{"rendered":"<p>Gr\u00f6\u00dfe: 25 x 2,7 x 2,2 cm<\/p>\n<p>f\u00fcr 2-beiniges Gehen<\/p>\n<p>ACHTUNG: Unsere Br\u00fccken und sonstigen Artikel sind aus sehr feinem Metall oder aus z.T. feinstem Holz- bzw. Kartonteilen gearbeitet und deshalb nur f\u00fcr den Modellbau durch Erwachsene vorgesehen. Als Spielzeug und f\u00fcr Kinder unter 14 Jahren sind sie nicht geeignet !<\/p>\n","protected":false},"excerpt":{"rendered":"<p>Gr\u00f6\u00dfe: 25 x 2,7 x 2,2 cm f\u00fcr 2-beiniges Gehen ACHTUNG: Unsere Br\u00fccken und sonstigen Artikel sind aus sehr feinem Metall oder aus z.T. feinstem Holz- bzw. Kartonteilen gearbeitet und deshalb nur f\u00fcr den Modellbau durch Erwachsene vorgesehen. Als Spielzeug und f\u00fcr Kinder unter 14 Jahren sind sie nicht geeignet !<\/p>\n","protected":false},"featured_media":4269,"comment_status":"open","ping_status":"closed","template":"","meta":[],"product_brand":[],"product_cat":[90,43,78,38],"product_tag":[],"class_list":{"0":"post-1469","1":"product","2":"type-product","3":"status-publish","4":"has-post-thumbnail","6":"product_cat-fussgaengerstege","7":"product_cat-hack-bruecken","8":"product_cat-spur-h0-hack-bruecken","9":"product_cat-unkategorisiert","11":"first","12":"instock","13":"taxable","14":"shipping-taxable","15":"purchasable","16":"product-type-simple"},"jetpack_sharing_enabled":true,"_links":{"self":[{"href":"https:\/\/www.mg-modelleisenbahnbau.de\/startseite-2\/wp-json\/wp\/v2\/product\/1469","targetHints":{"allow":["GET"]}}],"collection":[{"href":"https:\/\/www.mg-modelleisenbahnbau.de\/startseite-2\/wp-json\/wp\/v2\/product"}],"about":[{"href":"https:\/\/www.mg-modelleisenbahnbau.de\/startseite-2\/wp-json\/wp\/v2\/types\/product"}],"replies":[{"embeddable":true,"href":"https:\/\/www.mg-modelleisenbahnbau.de\/startseite-2\/wp-json\/wp\/v2\/comments?post=1469"}],"wp:featuredmedia":[{"embeddable":true,"href":"https:\/\/www.mg-modelleisenbahnbau.de\/startseite-2\/wp-json\/wp\/v2\/media\/4269"}],"wp:attachment":[{"href":"https:\/\/www.mg-modelleisenbahnbau.de\/startseite-2\/wp-json\/wp\/v2\/media?parent=1469"}],"wp:term":[{"taxonomy":"product_brand","embeddable":true,"href":"https:\/\/www.mg-modelleisenbahnbau.de\/startseite-2\/wp-json\/wp\/v2\/product_brand?post=1469"},{"taxonomy":"product_cat","embeddable":true,"href":"https:\/\/www.mg-modelleisenbahnbau.de\/startseite-2\/wp-json\/wp\/v2\/product_cat?post=1469"},{"taxonomy":"product_tag","embeddable":true,"href":"https:\/\/www.mg-modelleisenbahnbau.de\/startseite-2\/wp-json\/wp\/v2\/product_tag?post=1469"}],"curies":[{"name":"wp","href":"https:\/\/api.w.org\/{rel}","templated":true}]}}