{"id":1413,"date":"2018-10-18T16:59:58","date_gmt":"2018-10-18T14:59:58","guid":{"rendered":"http:\/\/www.mg-modelleisenbahnbau.de\/?post_type=product&#038;p=1413"},"modified":"2025-04-23T06:34:58","modified_gmt":"2025-04-23T04:34:58","slug":"h0-%c2%b7-blechtraegerbruecke-%c2%b7-30-cm-%c2%b7-2-gleisig-t-30-2","status":"publish","type":"product","link":"https:\/\/www.mg-modelleisenbahnbau.de\/startseite-2\/produkt\/h0-%c2%b7-blechtraegerbruecke-%c2%b7-30-cm-%c2%b7-2-gleisig-t-30-2\/","title":{"rendered":"H0 \u00b7 Blechtr\u00e4gerbr\u00fccke \u00b7 30 cm \u00b7 2-gleisig T 30-2"},"content":{"rendered":"<p>Gr\u00f6\u00dfe: 30 x 10,8 x 3,4 cm<\/p>\n<p>Neuheit 2018<\/p>\n<p>ACHTUNG: Unsere Br\u00fccken und sonstigen Artikel sind aus sehr feinem Metall oder aus z.T. feinstem Holz- bzw. Kartonteilen gearbeitet und deshalb nur f\u00fcr den Modellbau durch Erwachsene vorgesehen. Als Spielzeug und f\u00fcr Kinder unter 14 Jahren sind sie nicht geeignet !<\/p>\n","protected":false},"excerpt":{"rendered":"<p>Gr\u00f6\u00dfe: 30 x 10,8 x 3,4 cm Neuheit 2018 ACHTUNG: Unsere Br\u00fccken und sonstigen Artikel sind aus sehr feinem Metall oder aus z.T. feinstem Holz- bzw. Kartonteilen gearbeitet und deshalb nur f\u00fcr den Modellbau durch Erwachsene vorgesehen. Als Spielzeug und f\u00fcr Kinder unter 14 Jahren sind sie nicht geeignet !<\/p>\n","protected":false},"featured_media":1414,"comment_status":"open","ping_status":"closed","template":"","meta":[],"product_brand":[],"product_cat":[79,43,78,38],"product_tag":[],"class_list":{"0":"post-1413","1":"product","2":"type-product","3":"status-publish","4":"has-post-thumbnail","6":"product_cat-blechtraegerbruecken","7":"product_cat-hack-bruecken","8":"product_cat-spur-h0-hack-bruecken","9":"product_cat-unkategorisiert","11":"first","12":"instock","13":"taxable","14":"shipping-taxable","15":"purchasable","16":"product-type-simple"},"jetpack_sharing_enabled":true,"_links":{"self":[{"href":"https:\/\/www.mg-modelleisenbahnbau.de\/startseite-2\/wp-json\/wp\/v2\/product\/1413","targetHints":{"allow":["GET"]}}],"collection":[{"href":"https:\/\/www.mg-modelleisenbahnbau.de\/startseite-2\/wp-json\/wp\/v2\/product"}],"about":[{"href":"https:\/\/www.mg-modelleisenbahnbau.de\/startseite-2\/wp-json\/wp\/v2\/types\/product"}],"replies":[{"embeddable":true,"href":"https:\/\/www.mg-modelleisenbahnbau.de\/startseite-2\/wp-json\/wp\/v2\/comments?post=1413"}],"wp:featuredmedia":[{"embeddable":true,"href":"https:\/\/www.mg-modelleisenbahnbau.de\/startseite-2\/wp-json\/wp\/v2\/media\/1414"}],"wp:attachment":[{"href":"https:\/\/www.mg-modelleisenbahnbau.de\/startseite-2\/wp-json\/wp\/v2\/media?parent=1413"}],"wp:term":[{"taxonomy":"product_brand","embeddable":true,"href":"https:\/\/www.mg-modelleisenbahnbau.de\/startseite-2\/wp-json\/wp\/v2\/product_brand?post=1413"},{"taxonomy":"product_cat","embeddable":true,"href":"https:\/\/www.mg-modelleisenbahnbau.de\/startseite-2\/wp-json\/wp\/v2\/product_cat?post=1413"},{"taxonomy":"product_tag","embeddable":true,"href":"https:\/\/www.mg-modelleisenbahnbau.de\/startseite-2\/wp-json\/wp\/v2\/product_tag?post=1413"}],"curies":[{"name":"wp","href":"https:\/\/api.w.org\/{rel}","templated":true}]}}