{"id":1409,"date":"2018-10-18T16:56:09","date_gmt":"2018-10-18T14:56:09","guid":{"rendered":"http:\/\/www.mg-modelleisenbahnbau.de\/?post_type=product&#038;p=1409"},"modified":"2025-04-23T06:33:39","modified_gmt":"2025-04-23T04:33:39","slug":"h0-%c2%b7-blechtraegerbruecke-%c2%b7-22-cm-%c2%b7-2-gleisig-t-22-2","status":"publish","type":"product","link":"https:\/\/www.mg-modelleisenbahnbau.de\/startseite-2\/produkt\/h0-%c2%b7-blechtraegerbruecke-%c2%b7-22-cm-%c2%b7-2-gleisig-t-22-2\/","title":{"rendered":"H0 \u00b7 Blechtr\u00e4gerbr\u00fccke \u00b7 22 cm \u00b7 2-gleisig T 22-2"},"content":{"rendered":"<p>Gr\u00f6\u00dfe: 21,8 x 13,5 x 4,8 cm<\/p>\n<p>Gleisabstand: 64 mm<\/p>\n<p>ACHTUNG: Unsere Br\u00fccken und sonstigen Artikel sind aus sehr feinem Metall oder aus z.T. feinstem Holz- bzw. Kartonteilen gearbeitet und deshalb nur f\u00fcr den Modellbau durch Erwachsene vorgesehen. Als Spielzeug und f\u00fcr Kinder unter 14 Jahren sind sie nicht geeignet !<\/p>\n","protected":false},"excerpt":{"rendered":"<p>Gr\u00f6\u00dfe: 21,8 x 13,5 x 4,8 cm Gleisabstand: 64 mm ACHTUNG: Unsere Br\u00fccken und sonstigen Artikel sind aus sehr feinem Metall oder aus z.T. feinstem Holz- bzw. Kartonteilen gearbeitet und deshalb nur f\u00fcr den Modellbau durch Erwachsene vorgesehen. Als Spielzeug und f\u00fcr Kinder unter 14 Jahren sind sie nicht geeignet !<\/p>\n","protected":false},"featured_media":1410,"comment_status":"open","ping_status":"closed","template":"","meta":[],"product_brand":[],"product_cat":[79,43,78,38],"product_tag":[],"class_list":{"0":"post-1409","1":"product","2":"type-product","3":"status-publish","4":"has-post-thumbnail","6":"product_cat-blechtraegerbruecken","7":"product_cat-hack-bruecken","8":"product_cat-spur-h0-hack-bruecken","9":"product_cat-unkategorisiert","11":"first","12":"instock","13":"taxable","14":"shipping-taxable","15":"purchasable","16":"product-type-simple"},"jetpack_sharing_enabled":true,"_links":{"self":[{"href":"https:\/\/www.mg-modelleisenbahnbau.de\/startseite-2\/wp-json\/wp\/v2\/product\/1409","targetHints":{"allow":["GET"]}}],"collection":[{"href":"https:\/\/www.mg-modelleisenbahnbau.de\/startseite-2\/wp-json\/wp\/v2\/product"}],"about":[{"href":"https:\/\/www.mg-modelleisenbahnbau.de\/startseite-2\/wp-json\/wp\/v2\/types\/product"}],"replies":[{"embeddable":true,"href":"https:\/\/www.mg-modelleisenbahnbau.de\/startseite-2\/wp-json\/wp\/v2\/comments?post=1409"}],"wp:featuredmedia":[{"embeddable":true,"href":"https:\/\/www.mg-modelleisenbahnbau.de\/startseite-2\/wp-json\/wp\/v2\/media\/1410"}],"wp:attachment":[{"href":"https:\/\/www.mg-modelleisenbahnbau.de\/startseite-2\/wp-json\/wp\/v2\/media?parent=1409"}],"wp:term":[{"taxonomy":"product_brand","embeddable":true,"href":"https:\/\/www.mg-modelleisenbahnbau.de\/startseite-2\/wp-json\/wp\/v2\/product_brand?post=1409"},{"taxonomy":"product_cat","embeddable":true,"href":"https:\/\/www.mg-modelleisenbahnbau.de\/startseite-2\/wp-json\/wp\/v2\/product_cat?post=1409"},{"taxonomy":"product_tag","embeddable":true,"href":"https:\/\/www.mg-modelleisenbahnbau.de\/startseite-2\/wp-json\/wp\/v2\/product_tag?post=1409"}],"curies":[{"name":"wp","href":"https:\/\/api.w.org\/{rel}","templated":true}]}}