{"id":1292,"date":"2018-10-18T11:32:08","date_gmt":"2018-10-18T09:32:08","guid":{"rendered":"http:\/\/www.mg-modelleisenbahnbau.de\/?post_type=product&#038;p=1292"},"modified":"2025-01-03T21:36:54","modified_gmt":"2025-01-03T20:36:54","slug":"h0-%c2%b7-vorflutbruecke-%c2%b7-gerade-%c2%b7-15-cm-%c2%b7-2-gleisig-v-15-2-15-2-64","status":"publish","type":"product","link":"https:\/\/www.mg-modelleisenbahnbau.de\/startseite-2\/produkt\/h0-%c2%b7-vorflutbruecke-%c2%b7-gerade-%c2%b7-15-cm-%c2%b7-2-gleisig-v-15-2-15-2-64\/","title":{"rendered":"H0 \u00b7 Vorflutbr\u00fccke \u00b7 gerade \u00b7 15 cm \u00b7 2-gleisig V 15-2-64"},"content":{"rendered":"<p>Gr\u00f6\u00dfe: 15 x 13,2 x 4,5<\/p>\n<p>&nbsp;<\/p>\n<p>ACHTUNG: Unsere Br\u00fccken und sonstigen Artikel sind aus sehr feinem Metall oder aus z.T. feinstem Holz- bzw. Kartonteilen gearbeitet und deshalb nur f\u00fcr den Modellbau durch Erwachsene vorgesehen. Als Spielzeug und f\u00fcr Kinder unter 14 Jahren sind sie nicht geeignet !<\/p>\n","protected":false},"excerpt":{"rendered":"<p>Gr\u00f6\u00dfe: 15 x 13,2 x 4,5 &nbsp; ACHTUNG: Unsere Br\u00fccken und sonstigen Artikel sind aus sehr feinem Metall oder aus z.T. feinstem Holz- bzw. Kartonteilen gearbeitet und deshalb nur f\u00fcr den Modellbau durch Erwachsene vorgesehen. Als Spielzeug und f\u00fcr Kinder unter 14 Jahren sind sie nicht geeignet !<\/p>\n","protected":false},"featured_media":4357,"comment_status":"open","ping_status":"closed","template":"","meta":[],"product_brand":[],"product_cat":[43,78,38,82],"product_tag":[],"class_list":{"0":"post-1292","1":"product","2":"type-product","3":"status-publish","4":"has-post-thumbnail","6":"product_cat-hack-bruecken","7":"product_cat-spur-h0-hack-bruecken","8":"product_cat-unkategorisiert","9":"product_cat-vorflutbruecken","11":"first","12":"instock","13":"taxable","14":"shipping-taxable","15":"purchasable","16":"product-type-simple"},"jetpack_sharing_enabled":true,"_links":{"self":[{"href":"https:\/\/www.mg-modelleisenbahnbau.de\/startseite-2\/wp-json\/wp\/v2\/product\/1292","targetHints":{"allow":["GET"]}}],"collection":[{"href":"https:\/\/www.mg-modelleisenbahnbau.de\/startseite-2\/wp-json\/wp\/v2\/product"}],"about":[{"href":"https:\/\/www.mg-modelleisenbahnbau.de\/startseite-2\/wp-json\/wp\/v2\/types\/product"}],"replies":[{"embeddable":true,"href":"https:\/\/www.mg-modelleisenbahnbau.de\/startseite-2\/wp-json\/wp\/v2\/comments?post=1292"}],"wp:featuredmedia":[{"embeddable":true,"href":"https:\/\/www.mg-modelleisenbahnbau.de\/startseite-2\/wp-json\/wp\/v2\/media\/4357"}],"wp:attachment":[{"href":"https:\/\/www.mg-modelleisenbahnbau.de\/startseite-2\/wp-json\/wp\/v2\/media?parent=1292"}],"wp:term":[{"taxonomy":"product_brand","embeddable":true,"href":"https:\/\/www.mg-modelleisenbahnbau.de\/startseite-2\/wp-json\/wp\/v2\/product_brand?post=1292"},{"taxonomy":"product_cat","embeddable":true,"href":"https:\/\/www.mg-modelleisenbahnbau.de\/startseite-2\/wp-json\/wp\/v2\/product_cat?post=1292"},{"taxonomy":"product_tag","embeddable":true,"href":"https:\/\/www.mg-modelleisenbahnbau.de\/startseite-2\/wp-json\/wp\/v2\/product_tag?post=1292"}],"curies":[{"name":"wp","href":"https:\/\/api.w.org\/{rel}","templated":true}]}}