{"id":1215,"date":"2018-10-17T11:00:17","date_gmt":"2018-10-17T09:00:17","guid":{"rendered":"http:\/\/www.mg-modelleisenbahnbau.de\/?post_type=product&#038;p=1215"},"modified":"2025-06-30T09:10:50","modified_gmt":"2025-06-30T07:10:50","slug":"9500-0-digital-form-hauptsignal-einfluegelig","status":"publish","type":"product","link":"https:\/\/www.mg-modelleisenbahnbau.de\/startseite-2\/produkt\/9500-0-digital-form-hauptsignal-einfluegelig\/","title":{"rendered":"9500 0 Digital Form-Hauptsignal, einfl\u00fcgelig"},"content":{"rendered":"<p>Produktinformationen &#8222;0 Digital Form-Hauptsignal, einfl\u00fcgelig&#8220;<br \/>\nMit filigranem Gittermast aus Messing in originalgetreuer Lackierung, bedrucktem Signalfl\u00fcgel, leistungsstarkem und ger\u00e4uscharmem motorischem Antrieb und integriertem Multiprotokoll-Digitaldecoder f\u00fcr DCC und MM. Dieser sorgt f\u00fcr eine besonders vorbildgerechte Fl\u00fcgelbewegung. Sogar das Nachwippen der Signalfl\u00fcgel kann individuell eingestellt werden. Im Auslieferungszustand ist ein leichtes Nachwippen bereits eingestellt. Der Digitaldecoder befindet sich als Baugruppe im Kabel und der kompakte Antrieb ist im Schaltkasten des Signals untergebracht. Wartungsfrei dank LED-Beleuchtung. Flexible Montage durch beiliegende Schrauben und Befestigungsclip f\u00fcr Teppichbahnen. F\u00fcr Analog- und Digitalbetrieb geeignet. Signalbilder Hp0 und Hp1. H\u00f6he: 200 mm.<\/p>\n","protected":false},"excerpt":{"rendered":"<p>Produktinformationen &#8222;0 Digital Form-Hauptsignal, einfl\u00fcgelig&#8220; Mit filigranem Gittermast aus Messing in originalgetreuer Lackierung, bedrucktem Signalfl\u00fcgel, leistungsstarkem und ger\u00e4uscharmem motorischem Antrieb und integriertem Multiprotokoll-Digitaldecoder f\u00fcr DCC und MM. Dieser sorgt f\u00fcr eine besonders vorbildgerechte Fl\u00fcgelbewegung. Sogar das Nachwippen der Signalfl\u00fcgel kann individuell eingestellt werden. Im Auslieferungszustand ist ein leichtes Nachwippen bereits eingestellt. Der Digitaldecoder befindet sich&#8230;<\/p>\n","protected":false},"featured_media":1217,"comment_status":"open","ping_status":"closed","template":"","meta":[],"product_brand":[],"product_cat":[158,38,37,155],"product_tag":[292,156,291],"class_list":{"0":"post-1215","1":"product","2":"type-product","3":"status-publish","4":"has-post-thumbnail","6":"product_cat-formsignale-spur-0","7":"product_cat-unkategorisiert","8":"product_cat-viessmann","9":"product_cat-viessmann-spur-0","10":"product_tag-kein-spielzeug-nicht-geeignet-fuer-kinder-unter-14-jahren","11":"product_tag-viessmann-spur-0","12":"product_tag-warn-und-sicherheitshinweise-modellbauartikel","14":"first","15":"instock","16":"taxable","17":"shipping-taxable","18":"purchasable","19":"product-type-simple"},"jetpack_sharing_enabled":true,"_links":{"self":[{"href":"https:\/\/www.mg-modelleisenbahnbau.de\/startseite-2\/wp-json\/wp\/v2\/product\/1215","targetHints":{"allow":["GET"]}}],"collection":[{"href":"https:\/\/www.mg-modelleisenbahnbau.de\/startseite-2\/wp-json\/wp\/v2\/product"}],"about":[{"href":"https:\/\/www.mg-modelleisenbahnbau.de\/startseite-2\/wp-json\/wp\/v2\/types\/product"}],"replies":[{"embeddable":true,"href":"https:\/\/www.mg-modelleisenbahnbau.de\/startseite-2\/wp-json\/wp\/v2\/comments?post=1215"}],"wp:featuredmedia":[{"embeddable":true,"href":"https:\/\/www.mg-modelleisenbahnbau.de\/startseite-2\/wp-json\/wp\/v2\/media\/1217"}],"wp:attachment":[{"href":"https:\/\/www.mg-modelleisenbahnbau.de\/startseite-2\/wp-json\/wp\/v2\/media?parent=1215"}],"wp:term":[{"taxonomy":"product_brand","embeddable":true,"href":"https:\/\/www.mg-modelleisenbahnbau.de\/startseite-2\/wp-json\/wp\/v2\/product_brand?post=1215"},{"taxonomy":"product_cat","embeddable":true,"href":"https:\/\/www.mg-modelleisenbahnbau.de\/startseite-2\/wp-json\/wp\/v2\/product_cat?post=1215"},{"taxonomy":"product_tag","embeddable":true,"href":"https:\/\/www.mg-modelleisenbahnbau.de\/startseite-2\/wp-json\/wp\/v2\/product_tag?post=1215"}],"curies":[{"name":"wp","href":"https:\/\/api.w.org\/{rel}","templated":true}]}}