{"id":1211,"date":"2018-10-17T10:49:27","date_gmt":"2018-10-17T08:49:27","guid":{"rendered":"http:\/\/www.mg-modelleisenbahnbau.de\/?post_type=product&#038;p=1211"},"modified":"2025-06-29T22:53:56","modified_gmt":"2025-06-29T20:53:56","slug":"5225-5a-powermodul","status":"publish","type":"product","link":"https:\/\/www.mg-modelleisenbahnbau.de\/startseite-2\/produkt\/5225-5a-powermodul\/","title":{"rendered":"5225 5A Powermodul"},"content":{"rendered":"<p>Produktinformationen &#8222;5A Powermodul&#8220;<br \/>\nDas ideale Ger\u00e4t f\u00fcr stabilen und kr\u00e4ftigen Schaltstrom sowie helle und flackerfreie LED-Beleuchtung. F\u00fcr maximale Schaltleistung von Digitaldecodern mit separater Spannungseinspeisung und zum Anschluss an die Decoder Art. 5211, 5231, 5280 und Digitalsignale. Auch geeignet f\u00fcr Decoder anderer Hersteller, sofern diese \u00fcber separate Spannungseinspeisung verf\u00fcgen. LED-Leuchten arbeiten flackerfrei und fast doppelt so hell im Vergleich zur Versorgung \u00fcber einen Wechselstrom-Trafo. Ein Powermodul reicht zur Versorgung mehrerer Decoder, bis zu 200 LED-Leuchten. Belastbarkeit: 5A. Gegen \u00dcberlast gesch\u00fctzt, eine gr\u00fcne LED zeigt die Betriebsbereitschaft an.<\/p>\n","protected":false},"excerpt":{"rendered":"<p>Produktinformationen &#8222;5A Powermodul&#8220; Das ideale Ger\u00e4t f\u00fcr stabilen und kr\u00e4ftigen Schaltstrom sowie helle und flackerfreie LED-Beleuchtung. F\u00fcr maximale Schaltleistung von Digitaldecodern mit separater Spannungseinspeisung und zum Anschluss an die Decoder Art. 5211, 5231, 5280 und Digitalsignale. Auch geeignet f\u00fcr Decoder anderer Hersteller, sofern diese \u00fcber separate Spannungseinspeisung verf\u00fcgen. LED-Leuchten arbeiten flackerfrei und fast doppelt so&#8230;<\/p>\n","protected":false},"featured_media":1212,"comment_status":"open","ping_status":"closed","template":"","meta":[],"product_brand":[],"product_cat":[38,37,148,149],"product_tag":[292,291],"class_list":{"0":"post-1211","1":"product","2":"type-product","3":"status-publish","4":"has-post-thumbnail","6":"product_cat-unkategorisiert","7":"product_cat-viessmann","8":"product_cat-viessmann-elektronik","9":"product_cat-viessmann-module-und-elektroniken","10":"product_tag-kein-spielzeug-nicht-geeignet-fuer-kinder-unter-14-jahren","11":"product_tag-warn-und-sicherheitshinweise-modellbauartikel","13":"first","14":"instock","15":"taxable","16":"shipping-taxable","17":"purchasable","18":"product-type-simple"},"jetpack_sharing_enabled":true,"_links":{"self":[{"href":"https:\/\/www.mg-modelleisenbahnbau.de\/startseite-2\/wp-json\/wp\/v2\/product\/1211","targetHints":{"allow":["GET"]}}],"collection":[{"href":"https:\/\/www.mg-modelleisenbahnbau.de\/startseite-2\/wp-json\/wp\/v2\/product"}],"about":[{"href":"https:\/\/www.mg-modelleisenbahnbau.de\/startseite-2\/wp-json\/wp\/v2\/types\/product"}],"replies":[{"embeddable":true,"href":"https:\/\/www.mg-modelleisenbahnbau.de\/startseite-2\/wp-json\/wp\/v2\/comments?post=1211"}],"wp:featuredmedia":[{"embeddable":true,"href":"https:\/\/www.mg-modelleisenbahnbau.de\/startseite-2\/wp-json\/wp\/v2\/media\/1212"}],"wp:attachment":[{"href":"https:\/\/www.mg-modelleisenbahnbau.de\/startseite-2\/wp-json\/wp\/v2\/media?parent=1211"}],"wp:term":[{"taxonomy":"product_brand","embeddable":true,"href":"https:\/\/www.mg-modelleisenbahnbau.de\/startseite-2\/wp-json\/wp\/v2\/product_brand?post=1211"},{"taxonomy":"product_cat","embeddable":true,"href":"https:\/\/www.mg-modelleisenbahnbau.de\/startseite-2\/wp-json\/wp\/v2\/product_cat?post=1211"},{"taxonomy":"product_tag","embeddable":true,"href":"https:\/\/www.mg-modelleisenbahnbau.de\/startseite-2\/wp-json\/wp\/v2\/product_tag?post=1211"}],"curies":[{"name":"wp","href":"https:\/\/api.w.org\/{rel}","templated":true}]}}