{"id":1193,"date":"2018-10-16T21:20:11","date_gmt":"2018-10-16T19:20:11","guid":{"rendered":"http:\/\/www.mg-modelleisenbahnbau.de\/?post_type=product&#038;p=1193"},"modified":"2025-06-30T00:42:30","modified_gmt":"2025-06-29T22:42:30","slug":"6339-h0-deckenstrahler-led-weiss-7-stueck","status":"publish","type":"product","link":"https:\/\/www.mg-modelleisenbahnbau.de\/startseite-2\/produkt\/6339-h0-deckenstrahler-led-weiss-7-stueck\/","title":{"rendered":"6339 H0 Deckenstrahler, LED wei\u00df, 7 St\u00fcck"},"content":{"rendered":"<p>Produktinformationen &#8222;H0 Deckenstrahler, LED wei\u00df, 7 St\u00fcck&#8220;<br \/>\nDieses Set passt als Erg\u00e4nzung perfekt zum kibri Art. 39000 H0 Moderner Busbahnhof in Halle\/Saale. Mit den beiliegenden Universal-Konsolen und etwas Klebstoff sind die Strahler au\u00dferdem zur indirekten Beleuchtung von \u00dcberdachungen aller Art geeignet. Wartungsfrei dank LED-Beleuchtung. Auch passend f\u00fcr Spur H0 und N. H\u00f6he mit B\u00fcgel: 4 mm, Strahlergeh\u00e4use: L 5 x B 3 mm. TIPP: Das Powermodul Art. 5215 sorgt f\u00fcr flackerfreies Licht beim Betrieb mit Wechselstrom und erzeugt nahezu doppelte Helligkeit. Auch f\u00fcr TT und N geeignet.<\/p>\n","protected":false},"excerpt":{"rendered":"<p>Produktinformationen &#8222;H0 Deckenstrahler, LED wei\u00df, 7 St\u00fcck&#8220; Dieses Set passt als Erg\u00e4nzung perfekt zum kibri Art. 39000 H0 Moderner Busbahnhof in Halle\/Saale. Mit den beiliegenden Universal-Konsolen und etwas Klebstoff sind die Strahler au\u00dferdem zur indirekten Beleuchtung von \u00dcberdachungen aller Art geeignet. Wartungsfrei dank LED-Beleuchtung. Auch passend f\u00fcr Spur H0 und N. H\u00f6he mit B\u00fcgel: 4&#8230;<\/p>\n","protected":false},"featured_media":1194,"comment_status":"open","ping_status":"closed","template":"","meta":[],"product_brand":[],"product_cat":[123,139,132,38,37,124,138,131],"product_tag":[292,291],"class_list":{"0":"post-1193","1":"product","2":"type-product","3":"status-publish","4":"has-post-thumbnail","6":"product_cat-leuchten-h0","7":"product_cat-leuchten-n","8":"product_cat-leuchten-tt","9":"product_cat-unkategorisiert","10":"product_cat-viessmann","11":"product_cat-viessmann-spur-h0","12":"product_cat-viessmann-spur-n","13":"product_cat-viessmann-spur-tt","14":"product_tag-kein-spielzeug-nicht-geeignet-fuer-kinder-unter-14-jahren","15":"product_tag-warn-und-sicherheitshinweise-modellbauartikel","17":"first","18":"instock","19":"taxable","20":"shipping-taxable","21":"purchasable","22":"product-type-simple"},"jetpack_sharing_enabled":true,"_links":{"self":[{"href":"https:\/\/www.mg-modelleisenbahnbau.de\/startseite-2\/wp-json\/wp\/v2\/product\/1193","targetHints":{"allow":["GET"]}}],"collection":[{"href":"https:\/\/www.mg-modelleisenbahnbau.de\/startseite-2\/wp-json\/wp\/v2\/product"}],"about":[{"href":"https:\/\/www.mg-modelleisenbahnbau.de\/startseite-2\/wp-json\/wp\/v2\/types\/product"}],"replies":[{"embeddable":true,"href":"https:\/\/www.mg-modelleisenbahnbau.de\/startseite-2\/wp-json\/wp\/v2\/comments?post=1193"}],"wp:featuredmedia":[{"embeddable":true,"href":"https:\/\/www.mg-modelleisenbahnbau.de\/startseite-2\/wp-json\/wp\/v2\/media\/1194"}],"wp:attachment":[{"href":"https:\/\/www.mg-modelleisenbahnbau.de\/startseite-2\/wp-json\/wp\/v2\/media?parent=1193"}],"wp:term":[{"taxonomy":"product_brand","embeddable":true,"href":"https:\/\/www.mg-modelleisenbahnbau.de\/startseite-2\/wp-json\/wp\/v2\/product_brand?post=1193"},{"taxonomy":"product_cat","embeddable":true,"href":"https:\/\/www.mg-modelleisenbahnbau.de\/startseite-2\/wp-json\/wp\/v2\/product_cat?post=1193"},{"taxonomy":"product_tag","embeddable":true,"href":"https:\/\/www.mg-modelleisenbahnbau.de\/startseite-2\/wp-json\/wp\/v2\/product_tag?post=1193"}],"curies":[{"name":"wp","href":"https:\/\/api.w.org\/{rel}","templated":true}]}}