{"id":10938,"date":"2026-01-22T19:56:48","date_gmt":"2026-01-22T18:56:48","guid":{"rendered":"https:\/\/www.mg-modelleisenbahnbau.de\/startseite-2\/?post_type=product&#038;p=10938"},"modified":"2026-01-22T19:56:49","modified_gmt":"2026-01-22T18:56:49","slug":"8460-carmotion-grundmodul-l-90-x-b-54-x-h-10-cm","status":"publish","type":"product","link":"https:\/\/www.mg-modelleisenbahnbau.de\/startseite-2\/produkt\/8460-carmotion-grundmodul-l-90-x-b-54-x-h-10-cm\/","title":{"rendered":"8460 CarMotion Grundmodul L 90 x B 54 x H 10 cm"},"content":{"rendered":"<h2 class=\"product-detail-description-title\">Produktinformationen &#8222;CarMotion Grundmodul L 90 x B 54 x H 10 cm&#8220;<\/h2>\n<div class=\"product-detail-description-text\">Das Modul ist perfekt f\u00fcr die Gestaltung verschiedenster Modellszenen geeignet. Es kann z. B. als Verbindungselement oder thematisches Zwischensegment dienen, das sich nahtlos in ein gr\u00f6\u00dferes Layout einf\u00fcgt.<br \/>\nMit vorgefr\u00e4ster Nut f\u00fcr 1 mm Magnetband, Art. 8430 und ausbrechbaren L\u00f6chern f\u00fcr InduktivCharger, Art. 8408 oder Abzweig, Art. 8445\/8448. Inklusive Plexiglasscheiben als Umrandung.<br \/>\nL 90 x B 54 x H 10 cm<\/div>\n<div class=\"row\">\n<div class=\"col-12\">\n<div class=\"product-review-list-widget\">\n<div class=\"col-40\">\n<div class=\"rating-distribution\">\n<div class=\"header\"><span class=\"message\"> Dieses Produkt wurde noch nicht bewertet. <\/span><\/div>\n<\/div>\n<\/div>\n<div class=\"col-60\">\n<div class=\"bar\">\n<div class=\"bar-action\"><\/div>\n<div class=\"bar-content\"><\/div>\n<\/div>\n<\/div>\n<\/div>\n<\/div>\n<\/div>\n<hr \/>\n<h2 class=\"product-detail-description-title\">Warn- und Sicherheitshinweise<\/h2>\n<p><strong>Modellbauartikel, kein Spielzeug!<\/strong> Nicht geeignet f\u00fcr Kinder unter 14 Jahren!<\/p>\n","protected":false},"excerpt":{"rendered":"<p>Produktinformationen &#8222;CarMotion Grundmodul L 90 x B 54 x H 10 cm&#8220; Das Modul ist perfekt f\u00fcr die Gestaltung verschiedenster Modellszenen geeignet. Es kann z. B. als Verbindungselement oder thematisches Zwischensegment dienen, das sich nahtlos in ein gr\u00f6\u00dferes Layout einf\u00fcgt. Mit vorgefr\u00e4ster Nut f\u00fcr 1 mm Magnetband, Art. 8430 und ausbrechbaren L\u00f6chern f\u00fcr InduktivCharger, Art&#8230;.<\/p>\n","protected":false},"featured_media":10939,"comment_status":"open","ping_status":"closed","template":"","meta":[],"product_brand":[],"product_cat":[272,38,37],"product_tag":[],"class_list":{"0":"post-10938","1":"product","2":"type-product","3":"status-publish","4":"has-post-thumbnail","6":"product_cat-h0-carmotion","7":"product_cat-unkategorisiert","8":"product_cat-viessmann","10":"first","11":"instock","12":"taxable","13":"shipping-taxable","14":"purchasable","15":"product-type-simple"},"jetpack_sharing_enabled":true,"_links":{"self":[{"href":"https:\/\/www.mg-modelleisenbahnbau.de\/startseite-2\/wp-json\/wp\/v2\/product\/10938","targetHints":{"allow":["GET"]}}],"collection":[{"href":"https:\/\/www.mg-modelleisenbahnbau.de\/startseite-2\/wp-json\/wp\/v2\/product"}],"about":[{"href":"https:\/\/www.mg-modelleisenbahnbau.de\/startseite-2\/wp-json\/wp\/v2\/types\/product"}],"replies":[{"embeddable":true,"href":"https:\/\/www.mg-modelleisenbahnbau.de\/startseite-2\/wp-json\/wp\/v2\/comments?post=10938"}],"wp:featuredmedia":[{"embeddable":true,"href":"https:\/\/www.mg-modelleisenbahnbau.de\/startseite-2\/wp-json\/wp\/v2\/media\/10939"}],"wp:attachment":[{"href":"https:\/\/www.mg-modelleisenbahnbau.de\/startseite-2\/wp-json\/wp\/v2\/media?parent=10938"}],"wp:term":[{"taxonomy":"product_brand","embeddable":true,"href":"https:\/\/www.mg-modelleisenbahnbau.de\/startseite-2\/wp-json\/wp\/v2\/product_brand?post=10938"},{"taxonomy":"product_cat","embeddable":true,"href":"https:\/\/www.mg-modelleisenbahnbau.de\/startseite-2\/wp-json\/wp\/v2\/product_cat?post=10938"},{"taxonomy":"product_tag","embeddable":true,"href":"https:\/\/www.mg-modelleisenbahnbau.de\/startseite-2\/wp-json\/wp\/v2\/product_tag?post=10938"}],"curies":[{"name":"wp","href":"https:\/\/api.w.org\/{rel}","templated":true}]}}