{"id":10922,"date":"2026-01-22T19:27:44","date_gmt":"2026-01-22T18:27:44","guid":{"rendered":"https:\/\/www.mg-modelleisenbahnbau.de\/startseite-2\/?post_type=product&#038;p=10922"},"modified":"2026-01-22T19:27:45","modified_gmt":"2026-01-22T18:27:45","slug":"8406-ir-scanner-neu-geplante-lieferung-2-quartal-2026","status":"publish","type":"product","link":"https:\/\/www.mg-modelleisenbahnbau.de\/startseite-2\/produkt\/8406-ir-scanner-neu-geplante-lieferung-2-quartal-2026\/","title":{"rendered":"8406 IR Scanner  Neu geplante Lieferung 2 Quartal 2026"},"content":{"rendered":"<h2 class=\"product-detail-description-title\">Produktinformationen &#8222;IR Scanner&#8220;<\/h2>\n<div class=\"product-detail-description-text\">Der IR-Scanner ist eine lokal eingesetzte Sensoreinheit zur Erfassung fahrzeugbezogener Informationen an definierten Streckenpunkten. W\u00e4hrend der Fahrt erfasst er relevante Fahrzeugdaten in Echtzeit und stellt diese Informationen der Verkehrsinfrastruktur unmittelbar zur Verf\u00fcgung. Dadurch wird eine situationsabh\u00e4ngige Steuerung von Fahrwegen, Zufahrten und Sonderzonen m\u00f6glich \u2013 pr\u00e4zise, automatisiert und effizient. Durch die kontinuierliche Datenerfassung lassen sich Verkehrsstr\u00f6me gezielt differenzieren. So k\u00f6nnen beispielsweise kurze Fahrzeuge bevorzugt in innerst\u00e4dtische Bereiche geleitet werden, w\u00e4hrend lange Fahrzeuge oder Gespanne mit Anh\u00e4nger automatisch auf alternative Routen gef\u00fchrt werden. Ebenso ist es m\u00f6glich, Zufahrten exklusiv f\u00fcr bestimmte Fahrzeugtypen freizugeben, etwa das gezielte Einfahren von Bussen in Haltestellenbereiche, w\u00e4hrend der \u00fcbrige Verkehr vorbeigef\u00fchrt wird. Fahrzeuge mit niedrigem Akkuladestand k\u00f6nnen gezielt in induktive Ladezonen geleitet werden, w\u00e4hrend Fahrzeuge mit ausreichender Reichweite den Verkehrsfluss nicht beeintr\u00e4chtigen. Das Ergebnis ist eine effizientere Nutzung der Infrastruktur bei gleichzeitiger Entlastung sensibler Verkehrsbereiche.<\/div>\n<div class=\"row\">\n<div class=\"col-12\">\n<div class=\"product-review-list-widget\">\n<div class=\"col-40\">\n<div class=\"rating-distribution\">\n<div class=\"header\"><span class=\"message\"> Dieses Produkt wurde noch nicht bewertet. <\/span><\/div>\n<\/div>\n<\/div>\n<div class=\"col-60\">\n<div class=\"bar\">\n<div class=\"bar-action\"><\/div>\n<div class=\"bar-content\"><\/div>\n<\/div>\n<\/div>\n<\/div>\n<\/div>\n<\/div>\n<hr \/>\n<h2 class=\"product-detail-description-title\">Warn- und Sicherheitshinweise<\/h2>\n<p><strong>Modellbauartikel, kein Spielzeug!<\/strong> Nicht geeignet f\u00fcr Kinder unter 14 Jahren!<\/p>\n","protected":false},"excerpt":{"rendered":"<p>Produktinformationen &#8222;IR Scanner&#8220; Der IR-Scanner ist eine lokal eingesetzte Sensoreinheit zur Erfassung fahrzeugbezogener Informationen an definierten Streckenpunkten. W\u00e4hrend der Fahrt erfasst er relevante Fahrzeugdaten in Echtzeit und stellt diese Informationen der Verkehrsinfrastruktur unmittelbar zur Verf\u00fcgung. Dadurch wird eine situationsabh\u00e4ngige Steuerung von Fahrwegen, Zufahrten und Sonderzonen m\u00f6glich \u2013 pr\u00e4zise, automatisiert und effizient. Durch die kontinuierliche Datenerfassung&#8230;<\/p>\n","protected":false},"featured_media":10923,"comment_status":"open","ping_status":"closed","template":"","meta":[],"product_brand":[],"product_cat":[272,38,37],"product_tag":[],"class_list":{"0":"post-10922","1":"product","2":"type-product","3":"status-publish","4":"has-post-thumbnail","6":"product_cat-h0-carmotion","7":"product_cat-unkategorisiert","8":"product_cat-viessmann","10":"first","11":"outofstock","12":"taxable","13":"shipping-taxable","14":"purchasable","15":"product-type-simple"},"jetpack_sharing_enabled":true,"_links":{"self":[{"href":"https:\/\/www.mg-modelleisenbahnbau.de\/startseite-2\/wp-json\/wp\/v2\/product\/10922","targetHints":{"allow":["GET"]}}],"collection":[{"href":"https:\/\/www.mg-modelleisenbahnbau.de\/startseite-2\/wp-json\/wp\/v2\/product"}],"about":[{"href":"https:\/\/www.mg-modelleisenbahnbau.de\/startseite-2\/wp-json\/wp\/v2\/types\/product"}],"replies":[{"embeddable":true,"href":"https:\/\/www.mg-modelleisenbahnbau.de\/startseite-2\/wp-json\/wp\/v2\/comments?post=10922"}],"wp:featuredmedia":[{"embeddable":true,"href":"https:\/\/www.mg-modelleisenbahnbau.de\/startseite-2\/wp-json\/wp\/v2\/media\/10923"}],"wp:attachment":[{"href":"https:\/\/www.mg-modelleisenbahnbau.de\/startseite-2\/wp-json\/wp\/v2\/media?parent=10922"}],"wp:term":[{"taxonomy":"product_brand","embeddable":true,"href":"https:\/\/www.mg-modelleisenbahnbau.de\/startseite-2\/wp-json\/wp\/v2\/product_brand?post=10922"},{"taxonomy":"product_cat","embeddable":true,"href":"https:\/\/www.mg-modelleisenbahnbau.de\/startseite-2\/wp-json\/wp\/v2\/product_cat?post=10922"},{"taxonomy":"product_tag","embeddable":true,"href":"https:\/\/www.mg-modelleisenbahnbau.de\/startseite-2\/wp-json\/wp\/v2\/product_tag?post=10922"}],"curies":[{"name":"wp","href":"https:\/\/api.w.org\/{rel}","templated":true}]}}