{"id":10918,"date":"2026-01-22T19:24:04","date_gmt":"2026-01-22T18:24:04","guid":{"rendered":"https:\/\/www.mg-modelleisenbahnbau.de\/startseite-2\/?post_type=product&#038;p=10918"},"modified":"2026-04-01T18:40:40","modified_gmt":"2026-04-01T16:40:40","slug":"8409-h0-mb-actros-3-achs-fahrwerk-basis-neu-geplante-lieferung-2-quartal-2026","status":"publish","type":"product","link":"https:\/\/www.mg-modelleisenbahnbau.de\/startseite-2\/produkt\/8409-h0-mb-actros-3-achs-fahrwerk-basis-neu-geplante-lieferung-2-quartal-2026\/","title":{"rendered":"8409 H0 MB Actros 3-achs Fahrwerk, Basis  Neu geplante Lieferung 2 Quartal 2026"},"content":{"rendered":"<h2 class=\"product-detail-description-title\">Produktinformationen &#8222;H0 MB Actros 3-achs Fahrwerk, Basis&#8220;<\/h2>\n<div class=\"product-detail-description-text\">Mit dem CarMotion Fahrwerk auf Basis des beliebten dreiachsigen Actros erf\u00fcllen Sie sich den Traum vom individuellen Wunschfahrzeug. Die Akkus sind bereits angel\u00f6tet, eine integrierte Platine erm\u00f6glicht komfortables Ein- und Ausschalten. Nach wenigen Anpassungen l\u00e4sst sich eine Fahrerkabine Ihrer Wahl montieren. Ideal f\u00fcr anspruchsvolle Modellbauer \u2013 exklusiv, flexibel und auf das Wesentliche fokussiert. Sound ist in dieser limitierten Serie nicht enthalten.<br \/>\nL 8 x B 3 x H 1,6 cm<\/div>\n<div class=\"row\">\n<div class=\"col-12\">\n<div class=\"product-review-list-widget\">\n<div class=\"col-40\">\n<div class=\"rating-distribution\">\n<div class=\"header\"><span class=\"message\"> Dieses Produkt wurde noch nicht bewertet. <\/span><\/div>\n<\/div>\n<\/div>\n<div class=\"col-60\">\n<div class=\"bar\">\n<div class=\"bar-action\"><\/div>\n<div class=\"bar-content\"><\/div>\n<\/div>\n<\/div>\n<\/div>\n<\/div>\n<\/div>\n<hr \/>\n<h2 class=\"product-detail-description-title\">Warn- und Sicherheitshinweise<\/h2>\n<p><strong>Modellbauartikel, kein Spielzeug!<\/strong> Nicht geeignet f\u00fcr Kinder unter 14 Jahren!<\/p>\n","protected":false},"excerpt":{"rendered":"<p>Produktinformationen &#8222;H0 MB Actros 3-achs Fahrwerk, Basis&#8220; Mit dem CarMotion Fahrwerk auf Basis des beliebten dreiachsigen Actros erf\u00fcllen Sie sich den Traum vom individuellen Wunschfahrzeug. Die Akkus sind bereits angel\u00f6tet, eine integrierte Platine erm\u00f6glicht komfortables Ein- und Ausschalten. Nach wenigen Anpassungen l\u00e4sst sich eine Fahrerkabine Ihrer Wahl montieren. Ideal f\u00fcr anspruchsvolle Modellbauer \u2013 exklusiv, flexibel&#8230;<\/p>\n","protected":false},"featured_media":10920,"comment_status":"open","ping_status":"closed","template":"","meta":[],"product_brand":[],"product_cat":[272,38,37],"product_tag":[],"class_list":{"0":"post-10918","1":"product","2":"type-product","3":"status-publish","4":"has-post-thumbnail","6":"product_cat-h0-carmotion","7":"product_cat-unkategorisiert","8":"product_cat-viessmann","10":"first","11":"instock","12":"taxable","13":"shipping-taxable","14":"purchasable","15":"product-type-simple"},"jetpack_sharing_enabled":true,"_links":{"self":[{"href":"https:\/\/www.mg-modelleisenbahnbau.de\/startseite-2\/wp-json\/wp\/v2\/product\/10918","targetHints":{"allow":["GET"]}}],"collection":[{"href":"https:\/\/www.mg-modelleisenbahnbau.de\/startseite-2\/wp-json\/wp\/v2\/product"}],"about":[{"href":"https:\/\/www.mg-modelleisenbahnbau.de\/startseite-2\/wp-json\/wp\/v2\/types\/product"}],"replies":[{"embeddable":true,"href":"https:\/\/www.mg-modelleisenbahnbau.de\/startseite-2\/wp-json\/wp\/v2\/comments?post=10918"}],"wp:featuredmedia":[{"embeddable":true,"href":"https:\/\/www.mg-modelleisenbahnbau.de\/startseite-2\/wp-json\/wp\/v2\/media\/10920"}],"wp:attachment":[{"href":"https:\/\/www.mg-modelleisenbahnbau.de\/startseite-2\/wp-json\/wp\/v2\/media?parent=10918"}],"wp:term":[{"taxonomy":"product_brand","embeddable":true,"href":"https:\/\/www.mg-modelleisenbahnbau.de\/startseite-2\/wp-json\/wp\/v2\/product_brand?post=10918"},{"taxonomy":"product_cat","embeddable":true,"href":"https:\/\/www.mg-modelleisenbahnbau.de\/startseite-2\/wp-json\/wp\/v2\/product_cat?post=10918"},{"taxonomy":"product_tag","embeddable":true,"href":"https:\/\/www.mg-modelleisenbahnbau.de\/startseite-2\/wp-json\/wp\/v2\/product_tag?post=10918"}],"curies":[{"name":"wp","href":"https:\/\/api.w.org\/{rel}","templated":true}]}}