{"id":10914,"date":"2026-01-22T19:17:36","date_gmt":"2026-01-22T18:17:36","guid":{"rendered":"https:\/\/www.mg-modelleisenbahnbau.de\/startseite-2\/?post_type=product&#038;p=10914"},"modified":"2026-01-22T19:17:37","modified_gmt":"2026-01-22T18:17:37","slug":"8231-h0-3-achs-shell-tankanhaenger-funktionsmodell-neu-geplante-lieferung-2-quartal-2026","status":"publish","type":"product","link":"https:\/\/www.mg-modelleisenbahnbau.de\/startseite-2\/produkt\/8231-h0-3-achs-shell-tankanhaenger-funktionsmodell-neu-geplante-lieferung-2-quartal-2026\/","title":{"rendered":"8231  H0 3-achs Shell Tankanh\u00e4nger, Funktionsmodell  Neu geplante Lieferung 2 Quartal 2026"},"content":{"rendered":"<h2 class=\"product-detail-description-title\">Produktinformationen &#8222;H0 3-achs Shell Tankanh\u00e4nger, Funktionsmodell&#8220;<\/h2>\n<div class=\"product-detail-description-text\">Der Auflieger mit r\u00fcckw\u00e4rtiger Beleuchtung verf\u00fcgt \u00fcber eine 5-polige Steckkupplung, um eine Verbindung zum jeweiligen<br \/>\nFahrzeug herzustellen. Durch den Anschluss an die Zugmaschine werden folgende Funktionen \u00fcbertragen:<br \/>\n\u2022 Infrarot-Sender f\u00fcr Abstandssteuerung<br \/>\n\u2022 Bremslichter und R\u00fcckfahrscheinwerfer<br \/>\n\u2022 Blinker rechts\/links und Warnblinker steuerbar<br \/>\nL 10,5 x B 2,7 x H 3,5 cm<\/div>\n<div class=\"row\">\n<div class=\"col-12\">\n<div class=\"product-review-list-widget\">\n<div class=\"col-40\">\n<div class=\"rating-distribution\">\n<div class=\"header\"><span class=\"message\"> Dieses Produkt wurde noch nicht bewertet. <\/span><\/div>\n<\/div>\n<\/div>\n<div class=\"col-60\">\n<div class=\"bar\">\n<div class=\"bar-action\"><\/div>\n<div class=\"bar-content\"><\/div>\n<\/div>\n<\/div>\n<\/div>\n<\/div>\n<\/div>\n<hr \/>\n<h2 class=\"product-detail-description-title\">Warn- und Sicherheitshinweise<\/h2>\n<p><strong>Modellbauartikel, kein Spielzeug!<\/strong> Nicht geeignet f\u00fcr Kinder unter 14 Jahren!<\/p>\n","protected":false},"excerpt":{"rendered":"<p>Produktinformationen &#8222;H0 3-achs Shell Tankanh\u00e4nger, Funktionsmodell&#8220; Der Auflieger mit r\u00fcckw\u00e4rtiger Beleuchtung verf\u00fcgt \u00fcber eine 5-polige Steckkupplung, um eine Verbindung zum jeweiligen Fahrzeug herzustellen. Durch den Anschluss an die Zugmaschine werden folgende Funktionen \u00fcbertragen: \u2022 Infrarot-Sender f\u00fcr Abstandssteuerung \u2022 Bremslichter und R\u00fcckfahrscheinwerfer \u2022 Blinker rechts\/links und Warnblinker steuerbar L 10,5 x B 2,7 x H 3,5&#8230;<\/p>\n","protected":false},"featured_media":10915,"comment_status":"open","ping_status":"closed","template":"","meta":[],"product_brand":[],"product_cat":[272,38,37],"product_tag":[],"class_list":{"0":"post-10914","1":"product","2":"type-product","3":"status-publish","4":"has-post-thumbnail","6":"product_cat-h0-carmotion","7":"product_cat-unkategorisiert","8":"product_cat-viessmann","10":"first","11":"outofstock","12":"taxable","13":"shipping-taxable","14":"purchasable","15":"product-type-simple"},"jetpack_sharing_enabled":true,"_links":{"self":[{"href":"https:\/\/www.mg-modelleisenbahnbau.de\/startseite-2\/wp-json\/wp\/v2\/product\/10914","targetHints":{"allow":["GET"]}}],"collection":[{"href":"https:\/\/www.mg-modelleisenbahnbau.de\/startseite-2\/wp-json\/wp\/v2\/product"}],"about":[{"href":"https:\/\/www.mg-modelleisenbahnbau.de\/startseite-2\/wp-json\/wp\/v2\/types\/product"}],"replies":[{"embeddable":true,"href":"https:\/\/www.mg-modelleisenbahnbau.de\/startseite-2\/wp-json\/wp\/v2\/comments?post=10914"}],"wp:featuredmedia":[{"embeddable":true,"href":"https:\/\/www.mg-modelleisenbahnbau.de\/startseite-2\/wp-json\/wp\/v2\/media\/10915"}],"wp:attachment":[{"href":"https:\/\/www.mg-modelleisenbahnbau.de\/startseite-2\/wp-json\/wp\/v2\/media?parent=10914"}],"wp:term":[{"taxonomy":"product_brand","embeddable":true,"href":"https:\/\/www.mg-modelleisenbahnbau.de\/startseite-2\/wp-json\/wp\/v2\/product_brand?post=10914"},{"taxonomy":"product_cat","embeddable":true,"href":"https:\/\/www.mg-modelleisenbahnbau.de\/startseite-2\/wp-json\/wp\/v2\/product_cat?post=10914"},{"taxonomy":"product_tag","embeddable":true,"href":"https:\/\/www.mg-modelleisenbahnbau.de\/startseite-2\/wp-json\/wp\/v2\/product_tag?post=10914"}],"curies":[{"name":"wp","href":"https:\/\/api.w.org\/{rel}","templated":true}]}}