{"id":10899,"date":"2026-01-22T18:55:08","date_gmt":"2026-01-22T17:55:08","guid":{"rendered":"https:\/\/www.mg-modelleisenbahnbau.de\/startseite-2\/?post_type=product&#038;p=10899"},"modified":"2026-01-22T18:55:35","modified_gmt":"2026-01-22T17:55:35","slug":"8060-h0-malteser-magirus-deutz-3-achs-mit-rundumleuchte-basis-funktionsmodell-neu-geplante-lieferung-2-quartal-2026","status":"publish","type":"product","link":"https:\/\/www.mg-modelleisenbahnbau.de\/startseite-2\/produkt\/8060-h0-malteser-magirus-deutz-3-achs-mit-rundumleuchte-basis-funktionsmodell-neu-geplante-lieferung-2-quartal-2026\/","title":{"rendered":"8060 H0 Malteser MAGIRUS DEUTZ 3-achs mit Rundumleuchte, Basis, Funktionsmodell Neu geplante Lieferung 2 Quartal 2026"},"content":{"rendered":"<h2 class=\"product-detail-description-title\">Produktinformationen &#8222;H0 Malteser MAGIRUS DEUTZ 3-achs mit Rundumleuchte, Basis, Funktionsmodell&#8220;<\/h2>\n<div class=\"product-detail-description-text\">Wie alle Modelle der CarMotion-Serie verf\u00fcgt das Fahrzeug \u00fcber folgende Funktionen:<br \/>\n&#8211; Lade- und Programmieranschluss<br \/>\n&#8211; Kurze Ladezeiten durch moderne Li-Po Akkus<br \/>\n&#8211; Mit einer Akkuladung ist bei normalem Fahrbetrieb mit Wartezeiten und verschiedenen Geschwindigkeiten eine Laufzeit von ca. 4 \u2013 6 Stunden, bei H\u00f6chstgeschwindigkeit von ca. 2 Stunden m\u00f6glich<br \/>\n&#8211; Einfaches Ein-\/Ausschalten mit Hilfe eines Reedkontakts unter dem Dach der Fahrerkabine mit Magnetstift oder Teleskop-Magnetstab Art. 8410<br \/>\n&#8211; Infrarot-Sender\/-Empf\u00e4nger f\u00fcr Abstandssteuerung (nur bedingt mit anderen IR-Systemen kompatibel)<br \/>\n&#8211; Realistische Brems- bzw. Beschleunigungsvorg\u00e4nge und konfigurierbarer Geschwindigkeit durch drehzahlgeregelten Motor<br \/>\n&#8211; Freie Ladefl\u00e4che durch Unterflurantrieb<br \/>\n&#8211; Kabinenbeleuchtung<br \/>\n&#8211; Bremslichter und R\u00fcckfahrscheinwerfer<br \/>\n&#8211; Blinker rechts\/links und Warnblinker steuerbar<br \/>\n&#8211; Abblendlicht \/ Fernlicht<br \/>\n&#8211; Dachblinker (abh\u00e4ngig vom Fahrzeugtyp)<br \/>\n&#8211; Einsehbare Fahrerkabine mit Figur<br \/>\n&#8211; 5-polige Steckkupplung zum Anschluss von CarMotion Anh\u00e4ngern oder Aufliegern<br \/>\n&#8211; Kompatibel zu vorhandenen Systemen mit Fahrdraht oder Magnetband<br \/>\n&#8211; Steuerung \u00fcber Infrarot-Signale, Dauermagnete Art. 8431 in der Stra\u00dfe, elektromagnetische Stopp-Spulen und Fernbedienung Art. 8402<br \/>\n&#8211; Selbst ohne Spurhilfen ist eine kurze geradlinige R\u00fcckw\u00e4rtsfahrt mittels Steuerung \u00fcber die Fernbedienung m\u00f6glich<br \/>\nVorbilddaten: MAGIRUS Deutz 200 D 16 S, 161 kW \/ 220 PS, Motortyp F8L 714.<br \/>\nPassendes Nachr\u00fcst-Set Sound: Art. 8452<br \/>\nL 8,6 x B 3,2 x H 3,5 cm<\/div>\n<div class=\"row\">\n<div class=\"col-12\">\n<div class=\"product-review-list-widget\">\n<div class=\"col-40\">\n<div class=\"rating-distribution\">\n<div class=\"header\"><span class=\"message\"> Dieses Produkt wurde noch nicht bewertet. <\/span><\/div>\n<\/div>\n<\/div>\n<div class=\"col-60\">\n<div class=\"bar\">\n<div class=\"bar-action\"><\/div>\n<div class=\"bar-content\"><\/div>\n<\/div>\n<\/div>\n<\/div>\n<\/div>\n<\/div>\n<hr \/>\n<h2 class=\"product-detail-description-title\">Warn- und Sicherheitshinweise<\/h2>\n<p><strong>Modellbauartikel, kein Spielzeug!<\/strong> Nicht geeignet f\u00fcr Kinder unter 14 Jahren!<\/p>\n","protected":false},"excerpt":{"rendered":"<p>Produktinformationen &#8222;H0 Malteser MAGIRUS DEUTZ 3-achs mit Rundumleuchte, Basis, Funktionsmodell&#8220; Wie alle Modelle der CarMotion-Serie verf\u00fcgt das Fahrzeug \u00fcber folgende Funktionen: &#8211; Lade- und Programmieranschluss &#8211; Kurze Ladezeiten durch moderne Li-Po Akkus &#8211; Mit einer Akkuladung ist bei normalem Fahrbetrieb mit Wartezeiten und verschiedenen Geschwindigkeiten eine Laufzeit von ca. 4 \u2013 6 Stunden, bei H\u00f6chstgeschwindigkeit&#8230;<\/p>\n","protected":false},"featured_media":10900,"comment_status":"open","ping_status":"closed","template":"","meta":[],"product_brand":[],"product_cat":[272,38,37],"product_tag":[],"class_list":{"0":"post-10899","1":"product","2":"type-product","3":"status-publish","4":"has-post-thumbnail","6":"product_cat-h0-carmotion","7":"product_cat-unkategorisiert","8":"product_cat-viessmann","10":"first","11":"outofstock","12":"taxable","13":"shipping-taxable","14":"purchasable","15":"product-type-simple"},"jetpack_sharing_enabled":true,"_links":{"self":[{"href":"https:\/\/www.mg-modelleisenbahnbau.de\/startseite-2\/wp-json\/wp\/v2\/product\/10899","targetHints":{"allow":["GET"]}}],"collection":[{"href":"https:\/\/www.mg-modelleisenbahnbau.de\/startseite-2\/wp-json\/wp\/v2\/product"}],"about":[{"href":"https:\/\/www.mg-modelleisenbahnbau.de\/startseite-2\/wp-json\/wp\/v2\/types\/product"}],"replies":[{"embeddable":true,"href":"https:\/\/www.mg-modelleisenbahnbau.de\/startseite-2\/wp-json\/wp\/v2\/comments?post=10899"}],"wp:featuredmedia":[{"embeddable":true,"href":"https:\/\/www.mg-modelleisenbahnbau.de\/startseite-2\/wp-json\/wp\/v2\/media\/10900"}],"wp:attachment":[{"href":"https:\/\/www.mg-modelleisenbahnbau.de\/startseite-2\/wp-json\/wp\/v2\/media?parent=10899"}],"wp:term":[{"taxonomy":"product_brand","embeddable":true,"href":"https:\/\/www.mg-modelleisenbahnbau.de\/startseite-2\/wp-json\/wp\/v2\/product_brand?post=10899"},{"taxonomy":"product_cat","embeddable":true,"href":"https:\/\/www.mg-modelleisenbahnbau.de\/startseite-2\/wp-json\/wp\/v2\/product_cat?post=10899"},{"taxonomy":"product_tag","embeddable":true,"href":"https:\/\/www.mg-modelleisenbahnbau.de\/startseite-2\/wp-json\/wp\/v2\/product_tag?post=10899"}],"curies":[{"name":"wp","href":"https:\/\/api.w.org\/{rel}","templated":true}]}}