{"id":10876,"date":"2026-01-10T10:58:30","date_gmt":"2026-01-10T09:58:30","guid":{"rendered":"https:\/\/www.mg-modelleisenbahnbau.de\/startseite-2\/?post_type=product&#038;p=10876"},"modified":"2026-01-10T11:23:11","modified_gmt":"2026-01-10T10:23:11","slug":"9-modur-hartschaum-platte-fuer-bahndaemme-oder-ggebaeude-10cm-x-57cm-x-08-cm-mit-starke-abbrueche-1c-ware","status":"publish","type":"product","link":"https:\/\/www.mg-modelleisenbahnbau.de\/startseite-2\/produkt\/9-modur-hartschaum-platte-fuer-bahndaemme-oder-ggebaeude-10cm-x-57cm-x-08-cm-mit-starke-abbrueche-1c-ware\/","title":{"rendered":"9 Modur-Hartschaum-Platte f\u00fcr Bahnd\u00e4mme oder Ggeb\u00e4ude 10cm x 57cm x 0,8 cm mit starke abbr\u00fcche 1c Ware"},"content":{"rendered":"<p>Ideal f\u00fcr kreatives Gestalten von Dioramen und Landschaftsmodellen<\/p>\n<p>mit\u00a0 Besch\u00e4dugung siehe Bild<\/p>\n<p>&nbsp;<\/p>\n<p>einzellige Polyurethan-Hartsch\u00e4ume, duroplastisch, f\u00fcr den Modell- und Formenbau- speziell f\u00fcr Erprobungs-, Design- und Architekturmodelle- f\u00fcr<\/p>\n<p>Bahnd\u00e4mme oder Ggeb\u00e4ude bauen\u00a0 ,Str\u00f6mungsmodelle im Flugzeug-, Automobil- und Schiffbau<\/p>\n<p>Dichte ca. 50 kg\/m\u00b3<\/p>\n<p>Als Spielzeug und f\u00fcr Kinder unter 14 Jahren sind sie nicht geeignet!<\/p>\n","protected":false},"excerpt":{"rendered":"<p>Ideal f\u00fcr kreatives Gestalten von Dioramen und Landschaftsmodellen mit\u00a0 Besch\u00e4dugung siehe Bild &nbsp; einzellige Polyurethan-Hartsch\u00e4ume, duroplastisch, f\u00fcr den Modell- und Formenbau- speziell f\u00fcr Erprobungs-, Design- und Architekturmodelle- f\u00fcr Bahnd\u00e4mme oder Ggeb\u00e4ude bauen\u00a0 ,Str\u00f6mungsmodelle im Flugzeug-, Automobil- und Schiffbau Dichte ca. 50 kg\/m\u00b3 Als Spielzeug und f\u00fcr Kinder unter 14 Jahren sind sie nicht geeignet!<\/p>\n","protected":false},"featured_media":10882,"comment_status":"open","ping_status":"closed","template":"","meta":[],"product_brand":[],"product_cat":[55,38],"product_tag":[],"class_list":{"0":"post-10876","1":"product","2":"type-product","3":"status-publish","4":"has-post-thumbnail","6":"product_cat-puren-modur-hartschaumplatten","7":"product_cat-unkategorisiert","9":"first","10":"instock","11":"taxable","12":"shipping-taxable","13":"purchasable","14":"product-type-simple"},"jetpack_sharing_enabled":true,"_links":{"self":[{"href":"https:\/\/www.mg-modelleisenbahnbau.de\/startseite-2\/wp-json\/wp\/v2\/product\/10876","targetHints":{"allow":["GET"]}}],"collection":[{"href":"https:\/\/www.mg-modelleisenbahnbau.de\/startseite-2\/wp-json\/wp\/v2\/product"}],"about":[{"href":"https:\/\/www.mg-modelleisenbahnbau.de\/startseite-2\/wp-json\/wp\/v2\/types\/product"}],"replies":[{"embeddable":true,"href":"https:\/\/www.mg-modelleisenbahnbau.de\/startseite-2\/wp-json\/wp\/v2\/comments?post=10876"}],"wp:featuredmedia":[{"embeddable":true,"href":"https:\/\/www.mg-modelleisenbahnbau.de\/startseite-2\/wp-json\/wp\/v2\/media\/10882"}],"wp:attachment":[{"href":"https:\/\/www.mg-modelleisenbahnbau.de\/startseite-2\/wp-json\/wp\/v2\/media?parent=10876"}],"wp:term":[{"taxonomy":"product_brand","embeddable":true,"href":"https:\/\/www.mg-modelleisenbahnbau.de\/startseite-2\/wp-json\/wp\/v2\/product_brand?post=10876"},{"taxonomy":"product_cat","embeddable":true,"href":"https:\/\/www.mg-modelleisenbahnbau.de\/startseite-2\/wp-json\/wp\/v2\/product_cat?post=10876"},{"taxonomy":"product_tag","embeddable":true,"href":"https:\/\/www.mg-modelleisenbahnbau.de\/startseite-2\/wp-json\/wp\/v2\/product_tag?post=10876"}],"curies":[{"name":"wp","href":"https:\/\/api.w.org\/{rel}","templated":true}]}}