{"id":10812,"date":"2025-11-28T14:35:12","date_gmt":"2025-11-28T13:35:12","guid":{"rendered":"https:\/\/www.mg-modelleisenbahnbau.de\/startseite-2\/?post_type=product&#038;p=10812"},"modified":"2025-11-28T14:45:08","modified_gmt":"2025-11-28T13:45:08","slug":"heki-1830-schotterkleber","status":"publish","type":"product","link":"https:\/\/www.mg-modelleisenbahnbau.de\/startseite-2\/produkt\/heki-1830-schotterkleber\/","title":{"rendered":"Heki 1830 Schotterkleber"},"content":{"rendered":"<div class=\"product-details-module__title ec-header-h6\">Produktbeschreibung<\/div>\n<div class=\"product-details-module__content\">\n<div id=\"productDescription\" class=\"product-details__product-description\">\n<p>Professionelles Einschottern von Gleisen mit HEKI Schotterkleber. Der Schotter wird einfach auf die verlegten Gleise gestreut und danach mit einem Pinsel verteilt. Bitte darauf achten, dass kein Schotter auf den Gleisen liegt. Anschlie\u00dfend mit dem Schotterkleber \u00fcbergie\u00dfen und trocknen lassen. Da der Schotter wasserl\u00f6slich ist, kann er durch befeuchten wieder entfernt werden, so dass die Gleise beim Umbau wieder verwendet werden k\u00f6nnen.<\/p>\n<h2 class=\"product-detail-description-title\">Warn- und Sicherheitshinweise<\/h2>\n<p><strong>Modellbauartikel, kein Spielzeug!<\/strong> Nicht geeignet f\u00fcr Kinder unter 14 Jahren!<\/p>\n<\/div>\n<\/div>\n","protected":false},"excerpt":{"rendered":"<p>Produktbeschreibung Professionelles Einschottern von Gleisen mit HEKI Schotterkleber. Der Schotter wird einfach auf die verlegten Gleise gestreut und danach mit einem Pinsel verteilt. Bitte darauf achten, dass kein Schotter auf den Gleisen liegt. Anschlie\u00dfend mit dem Schotterkleber \u00fcbergie\u00dfen und trocknen lassen. Da der Schotter wasserl\u00f6slich ist, kann er durch befeuchten wieder entfernt werden, so dass&#8230;<\/p>\n","protected":false},"featured_media":10813,"comment_status":"open","ping_status":"closed","template":"","meta":[],"product_brand":[],"product_cat":[36,239,44,38],"product_tag":[],"class_list":{"0":"post-10812","1":"product","2":"type-product","3":"status-publish","4":"has-post-thumbnail","6":"product_cat-eigene-produkte","7":"product_cat-eigener-schotter","8":"product_cat-kibri","9":"product_cat-unkategorisiert","11":"first","12":"instock","13":"taxable","14":"shipping-taxable","15":"purchasable","16":"product-type-simple"},"jetpack_sharing_enabled":true,"_links":{"self":[{"href":"https:\/\/www.mg-modelleisenbahnbau.de\/startseite-2\/wp-json\/wp\/v2\/product\/10812","targetHints":{"allow":["GET"]}}],"collection":[{"href":"https:\/\/www.mg-modelleisenbahnbau.de\/startseite-2\/wp-json\/wp\/v2\/product"}],"about":[{"href":"https:\/\/www.mg-modelleisenbahnbau.de\/startseite-2\/wp-json\/wp\/v2\/types\/product"}],"replies":[{"embeddable":true,"href":"https:\/\/www.mg-modelleisenbahnbau.de\/startseite-2\/wp-json\/wp\/v2\/comments?post=10812"}],"wp:featuredmedia":[{"embeddable":true,"href":"https:\/\/www.mg-modelleisenbahnbau.de\/startseite-2\/wp-json\/wp\/v2\/media\/10813"}],"wp:attachment":[{"href":"https:\/\/www.mg-modelleisenbahnbau.de\/startseite-2\/wp-json\/wp\/v2\/media?parent=10812"}],"wp:term":[{"taxonomy":"product_brand","embeddable":true,"href":"https:\/\/www.mg-modelleisenbahnbau.de\/startseite-2\/wp-json\/wp\/v2\/product_brand?post=10812"},{"taxonomy":"product_cat","embeddable":true,"href":"https:\/\/www.mg-modelleisenbahnbau.de\/startseite-2\/wp-json\/wp\/v2\/product_cat?post=10812"},{"taxonomy":"product_tag","embeddable":true,"href":"https:\/\/www.mg-modelleisenbahnbau.de\/startseite-2\/wp-json\/wp\/v2\/product_tag?post=10812"}],"curies":[{"name":"wp","href":"https:\/\/api.w.org\/{rel}","templated":true}]}}