{"id":10810,"date":"2025-11-28T14:44:16","date_gmt":"2025-11-28T13:44:16","guid":{"rendered":"https:\/\/www.mg-modelleisenbahnbau.de\/startseite-2\/?post_type=product&#038;p=10810"},"modified":"2026-02-20T14:27:35","modified_gmt":"2026-02-20T13:27:35","slug":"heki-3342-latex","status":"publish","type":"product","link":"https:\/\/www.mg-modelleisenbahnbau.de\/startseite-2\/produkt\/heki-3342-latex\/","title":{"rendered":"HEKI 3342 Latex"},"content":{"rendered":"<div class=\"product-details-module__title ec-header-h6\">Produktbeschreibung<\/div>\n<div class=\"product-details-module__content\">\n<div id=\"productDescription\" class=\"product-details__product-description\">\n<p>Mit dem dickfl\u00fcssigen HEKI Latex gelingt das schwellenoberkantenb\u00fcndige Einschottern von Modellgleisen leicht und sicher. Das Einbringen der z\u00e4hfl\u00fcssigen Masse zwischen den Schwellen gelingt mit Hilfe der praktischen Spritzflasche problemlos und sauber. Das Klebebett sinkt kaum ein und bleibt lange offen. Auch l\u00e4ngere Gleisstrecken k\u00f6nnen somit z\u00fcgig eingeschottert werden.<\/p>\n<h2 class=\"product-detail-description-title\">Warn- und Sicherheitshinweise<\/h2>\n<p><strong>Modellbauartikel, kein Spielzeug!<\/strong> Nicht geeignet f\u00fcr Kinder unter 14 Jahren!<\/p>\n<\/div>\n<\/div>\n","protected":false},"excerpt":{"rendered":"<p>Produktbeschreibung Mit dem dickfl\u00fcssigen HEKI Latex gelingt das schwellenoberkantenb\u00fcndige Einschottern von Modellgleisen leicht und sicher. Das Einbringen der z\u00e4hfl\u00fcssigen Masse zwischen den Schwellen gelingt mit Hilfe der praktischen Spritzflasche problemlos und sauber. Das Klebebett sinkt kaum ein und bleibt lange offen. Auch l\u00e4ngere Gleisstrecken k\u00f6nnen somit z\u00fcgig eingeschottert werden. Warn- und Sicherheitshinweise Modellbauartikel, kein Spielzeug!&#8230;<\/p>\n","protected":false},"featured_media":10817,"comment_status":"open","ping_status":"closed","template":"","meta":[],"product_brand":[],"product_cat":[36,239,40,38],"product_tag":[],"class_list":{"0":"post-10810","1":"product","2":"type-product","3":"status-publish","4":"has-post-thumbnail","6":"product_cat-eigene-produkte","7":"product_cat-eigener-schotter","8":"product_cat-heki","9":"product_cat-unkategorisiert","11":"first","12":"instock","13":"taxable","14":"shipping-taxable","15":"purchasable","16":"product-type-simple"},"jetpack_sharing_enabled":true,"_links":{"self":[{"href":"https:\/\/www.mg-modelleisenbahnbau.de\/startseite-2\/wp-json\/wp\/v2\/product\/10810","targetHints":{"allow":["GET"]}}],"collection":[{"href":"https:\/\/www.mg-modelleisenbahnbau.de\/startseite-2\/wp-json\/wp\/v2\/product"}],"about":[{"href":"https:\/\/www.mg-modelleisenbahnbau.de\/startseite-2\/wp-json\/wp\/v2\/types\/product"}],"replies":[{"embeddable":true,"href":"https:\/\/www.mg-modelleisenbahnbau.de\/startseite-2\/wp-json\/wp\/v2\/comments?post=10810"}],"wp:featuredmedia":[{"embeddable":true,"href":"https:\/\/www.mg-modelleisenbahnbau.de\/startseite-2\/wp-json\/wp\/v2\/media\/10817"}],"wp:attachment":[{"href":"https:\/\/www.mg-modelleisenbahnbau.de\/startseite-2\/wp-json\/wp\/v2\/media?parent=10810"}],"wp:term":[{"taxonomy":"product_brand","embeddable":true,"href":"https:\/\/www.mg-modelleisenbahnbau.de\/startseite-2\/wp-json\/wp\/v2\/product_brand?post=10810"},{"taxonomy":"product_cat","embeddable":true,"href":"https:\/\/www.mg-modelleisenbahnbau.de\/startseite-2\/wp-json\/wp\/v2\/product_cat?post=10810"},{"taxonomy":"product_tag","embeddable":true,"href":"https:\/\/www.mg-modelleisenbahnbau.de\/startseite-2\/wp-json\/wp\/v2\/product_tag?post=10810"}],"curies":[{"name":"wp","href":"https:\/\/api.w.org\/{rel}","templated":true}]}}