{"id":10689,"date":"2025-08-18T14:08:02","date_gmt":"2025-08-18T12:08:02","guid":{"rendered":"https:\/\/www.mg-modelleisenbahnbau.de\/startseite-2\/?post_type=product&#038;p=10689"},"modified":"2026-01-04T21:05:10","modified_gmt":"2026-01-04T20:05:10","slug":"duha-11492-transportkiste-lanz-spur-h0","status":"publish","type":"product","link":"https:\/\/www.mg-modelleisenbahnbau.de\/startseite-2\/produkt\/duha-11492-transportkiste-lanz-spur-h0\/","title":{"rendered":"DUHA 11492 \u2013 Transportkiste \u201dLANZ\u201d (Spur H0)"},"content":{"rendered":"<p>Handarbeit aus der EU<\/p>\n<p>Transportkiste \u201dLANZ\u201d<br \/>\nMa\u00dfe ca. 54 x 24 x 25 mm<br \/>\nDie Lieferung erfolgt ohne Figur und Wagen.<br \/>\nLadegut von DUHA<br \/>\nDUHA-Modelle sind bis ins Detail nach den gro\u00dfen Vorbildern gefertigt, ganz nach dem Motto \u201dSo wirklichkeitsgetreu wie m\u00f6glich\u201d!<br \/>\nDa \u00fcberwiegend Naturmaterialien verwendet werden, kommen gerade die Details besonders sch\u00f6n zur Geltung.<br \/>\nDas zeigt immer wieder die \u00dcberlegenheit gegen\u00fcber den reinen Kunststoffmodellen.<br \/>\nBei den Holzteilen kann man die Struktur sehr gut erkennen.<br \/>\nWir geben uns bei der Fertigung der einzelnen St\u00fccke die gr\u00f6\u00dfte M\u00fche, ein optimales Ergebnis zu erzielen.<br \/>\nSicher werden Sie von unserem Ladegut begeistert sein.<br \/>\nKleine Abweichungen in Struktur und Farbe sind ein Zeichen f\u00fcr reine Handarbeit.<br \/>\nDamit ist jedes St\u00fcck, das Sie erwerben ein Original, ein kleines Kunstwerk!<br \/>\nEs bereichert in seiner Einzigartigkeit Ihre Anlage, Ihr Modell oder Ihre Sammlung und macht sie zu etwas Besonderem.<\/p>\n<p><strong>Modellbauartikel, kein Spielzeug!<\/strong> Nicht geeignet f\u00fcr Kinder unter 14 Jahren!<\/p>\n","protected":false},"excerpt":{"rendered":"<p>Handarbeit aus der EU Transportkiste \u201dLANZ\u201d Ma\u00dfe ca. 54 x 24 x 25 mm Die Lieferung erfolgt ohne Figur und Wagen. Ladegut von DUHA DUHA-Modelle sind bis ins Detail nach den gro\u00dfen Vorbildern gefertigt, ganz nach dem Motto \u201dSo wirklichkeitsgetreu wie m\u00f6glich\u201d! Da \u00fcberwiegend Naturmaterialien verwendet werden, kommen gerade die Details besonders sch\u00f6n zur Geltung&#8230;.<\/p>\n","protected":false},"featured_media":10690,"comment_status":"open","ping_status":"closed","template":"","meta":[],"product_brand":[],"product_cat":[50,38],"product_tag":[],"class_list":{"0":"post-10689","1":"product","2":"type-product","3":"status-publish","4":"has-post-thumbnail","6":"product_cat-ladegueter","7":"product_cat-unkategorisiert","9":"first","10":"instock","11":"taxable","12":"shipping-taxable","13":"purchasable","14":"product-type-simple"},"jetpack_sharing_enabled":true,"_links":{"self":[{"href":"https:\/\/www.mg-modelleisenbahnbau.de\/startseite-2\/wp-json\/wp\/v2\/product\/10689","targetHints":{"allow":["GET"]}}],"collection":[{"href":"https:\/\/www.mg-modelleisenbahnbau.de\/startseite-2\/wp-json\/wp\/v2\/product"}],"about":[{"href":"https:\/\/www.mg-modelleisenbahnbau.de\/startseite-2\/wp-json\/wp\/v2\/types\/product"}],"replies":[{"embeddable":true,"href":"https:\/\/www.mg-modelleisenbahnbau.de\/startseite-2\/wp-json\/wp\/v2\/comments?post=10689"}],"wp:featuredmedia":[{"embeddable":true,"href":"https:\/\/www.mg-modelleisenbahnbau.de\/startseite-2\/wp-json\/wp\/v2\/media\/10690"}],"wp:attachment":[{"href":"https:\/\/www.mg-modelleisenbahnbau.de\/startseite-2\/wp-json\/wp\/v2\/media?parent=10689"}],"wp:term":[{"taxonomy":"product_brand","embeddable":true,"href":"https:\/\/www.mg-modelleisenbahnbau.de\/startseite-2\/wp-json\/wp\/v2\/product_brand?post=10689"},{"taxonomy":"product_cat","embeddable":true,"href":"https:\/\/www.mg-modelleisenbahnbau.de\/startseite-2\/wp-json\/wp\/v2\/product_cat?post=10689"},{"taxonomy":"product_tag","embeddable":true,"href":"https:\/\/www.mg-modelleisenbahnbau.de\/startseite-2\/wp-json\/wp\/v2\/product_tag?post=10689"}],"curies":[{"name":"wp","href":"https:\/\/api.w.org\/{rel}","templated":true}]}}