{"id":10646,"date":"2025-07-01T13:03:49","date_gmt":"2025-07-01T11:03:49","guid":{"rendered":"https:\/\/www.mg-modelleisenbahnbau.de\/startseite-2\/?post_type=product&#038;p=10646"},"modified":"2025-07-01T13:04:22","modified_gmt":"2025-07-01T11:04:22","slug":"38841-h0-schwedenhaus-blau","status":"publish","type":"product","link":"https:\/\/www.mg-modelleisenbahnbau.de\/startseite-2\/produkt\/38841-h0-schwedenhaus-blau\/","title":{"rendered":"38841 H0 Schwedenhaus, blau"},"content":{"rendered":"<h2 class=\"product-detail-description-title\">Produktinformationen &#8222;H0 Schwedenhaus, blau &#8222;<\/h2>\n<div class=\"product-detail-description-text\">Bausatz. In Deutschland werden immer mehr sogenannte Schwedenh\u00e4user errichtet. Die heimischen H\u00e4userbauer wurden inspiriert durch viele Besuche in dem beliebten skandinavischen Land. So wurden einige H\u00e4user in diesem Baustil mittlerweile in allen Bereichen Deutschlands errichtet.<br \/>\nMit Stecksystem.<br \/>\nHergestellt im Zweifarben-Spritzgie\u00dfverfahren.<br \/>\nL 15,2 x B 9,0 x H 12,2 cm<br \/>\nSchwierigkeitsgrad: 2 (Fortgeschrittene)<\/div>\n<hr \/>\n<h2 class=\"product-detail-description-title\">Warn- und Sicherheitshinweise<\/h2>\n<p><strong>Modellbauartikel, kein Spielzeug!<\/strong> Nicht geeignet f\u00fcr Kinder unter 14 Jahren!<\/p>\n","protected":false},"excerpt":{"rendered":"<p>Produktinformationen &#8222;H0 Schwedenhaus, blau &#8222; Bausatz. In Deutschland werden immer mehr sogenannte Schwedenh\u00e4user errichtet. Die heimischen H\u00e4userbauer wurden inspiriert durch viele Besuche in dem beliebten skandinavischen Land. So wurden einige H\u00e4user in diesem Baustil mittlerweile in allen Bereichen Deutschlands errichtet. Mit Stecksystem. Hergestellt im Zweifarben-Spritzgie\u00dfverfahren. L 15,2 x B 9,0 x H 12,2 cm Schwierigkeitsgrad:&#8230;<\/p>\n","protected":false},"featured_media":10647,"comment_status":"open","ping_status":"closed","template":"","meta":[],"product_brand":[],"product_cat":[44,201,210,38],"product_tag":[],"class_list":{"0":"post-10646","1":"product","2":"type-product","3":"status-publish","4":"has-post-thumbnail","6":"product_cat-kibri","7":"product_cat-kibri-spur-ho","8":"product_cat-stadthaeuser-ho","9":"product_cat-unkategorisiert","11":"first","12":"instock","13":"taxable","14":"shipping-taxable","15":"purchasable","16":"product-type-simple"},"jetpack_sharing_enabled":true,"_links":{"self":[{"href":"https:\/\/www.mg-modelleisenbahnbau.de\/startseite-2\/wp-json\/wp\/v2\/product\/10646","targetHints":{"allow":["GET"]}}],"collection":[{"href":"https:\/\/www.mg-modelleisenbahnbau.de\/startseite-2\/wp-json\/wp\/v2\/product"}],"about":[{"href":"https:\/\/www.mg-modelleisenbahnbau.de\/startseite-2\/wp-json\/wp\/v2\/types\/product"}],"replies":[{"embeddable":true,"href":"https:\/\/www.mg-modelleisenbahnbau.de\/startseite-2\/wp-json\/wp\/v2\/comments?post=10646"}],"wp:featuredmedia":[{"embeddable":true,"href":"https:\/\/www.mg-modelleisenbahnbau.de\/startseite-2\/wp-json\/wp\/v2\/media\/10647"}],"wp:attachment":[{"href":"https:\/\/www.mg-modelleisenbahnbau.de\/startseite-2\/wp-json\/wp\/v2\/media?parent=10646"}],"wp:term":[{"taxonomy":"product_brand","embeddable":true,"href":"https:\/\/www.mg-modelleisenbahnbau.de\/startseite-2\/wp-json\/wp\/v2\/product_brand?post=10646"},{"taxonomy":"product_cat","embeddable":true,"href":"https:\/\/www.mg-modelleisenbahnbau.de\/startseite-2\/wp-json\/wp\/v2\/product_cat?post=10646"},{"taxonomy":"product_tag","embeddable":true,"href":"https:\/\/www.mg-modelleisenbahnbau.de\/startseite-2\/wp-json\/wp\/v2\/product_tag?post=10646"}],"curies":[{"name":"wp","href":"https:\/\/api.w.org\/{rel}","templated":true}]}}