{"id":10638,"date":"2025-07-01T12:48:54","date_gmt":"2025-07-01T10:48:54","guid":{"rendered":"https:\/\/www.mg-modelleisenbahnbau.de\/startseite-2\/?post_type=product&#038;p=10638"},"modified":"2025-07-01T12:52:05","modified_gmt":"2025-07-01T10:52:05","slug":"48290-h0-strassenplatte-asphalt-aus-steinkunst-mit-nut-fuer-magnetband","status":"publish","type":"product","link":"https:\/\/www.mg-modelleisenbahnbau.de\/startseite-2\/produkt\/48290-h0-strassenplatte-asphalt-aus-steinkunst-mit-nut-fuer-magnetband\/","title":{"rendered":"48290 H0 Stra\u00dfenplatte Asphalt aus Steinkunst mit Nut f\u00fcr Magnetband"},"content":{"rendered":"<p class=\"hide-if-no-js\"><a class=\"thickbox\" href=\"https:\/\/www.mg-modelleisenbahnbau.de\/wp-admin\/media-upload.php?post_id=10638&amp;type=image&amp;TB_iframe=1\" aria-describedby=\"set-post-thumbnail-desc\"><img loading=\"lazy\" decoding=\"async\" class=\"attachment-266x266 size-266x266\" src=\"https:\/\/www.mg-modelleisenbahnbau.de\/wp-content\/uploads\/48292_2-300x300.jpg\" sizes=\"auto, (max-width: 266px) 100vw, 266px\" srcset=\"https:\/\/www.mg-modelleisenbahnbau.de\/wp-content\/uploads\/48292_2-300x300.jpg 300w, https:\/\/www.mg-modelleisenbahnbau.de\/wp-content\/uploads\/48292_2-1024x1024.jpg 1024w, https:\/\/www.mg-modelleisenbahnbau.de\/wp-content\/uploads\/48292_2-150x150.jpg 150w, https:\/\/www.mg-modelleisenbahnbau.de\/wp-content\/uploads\/48292_2-768x768.jpg 768w, https:\/\/www.mg-modelleisenbahnbau.de\/wp-content\/uploads\/48292_2-1536x1536.jpg 1536w, https:\/\/www.mg-modelleisenbahnbau.de\/wp-content\/uploads\/48292_2-600x600.jpg 600w, https:\/\/www.mg-modelleisenbahnbau.de\/wp-content\/uploads\/48292_2-350x350.jpg 350w, https:\/\/www.mg-modelleisenbahnbau.de\/wp-content\/uploads\/48292_2-100x100.jpg 100w, https:\/\/www.mg-modelleisenbahnbau.de\/wp-content\/uploads\/48292_2.jpg 1700w\" alt=\"\" width=\"266\" height=\"266\" \/><\/a><\/p>\n<h2 class=\"product-detail-description-title\">Produktinformationen &#8222;H0 Stra\u00dfenplatte Asphalt aus Steinkunst mit Nut f\u00fcr Magnetband&#8220;<\/h2>\n<div class=\"product-detail-description-text\">Die Asphaltstra\u00dfe aus der Steinkunst-Serie besteht aus wetterfestem Sedimentverbundwerkstoff. Dieser Werkstoff erzeugt eine un\u00fcbertroffen realistische Asphaltoberfl\u00e4che. Die Stra\u00dfe ist flexibel und einfach mit einem Cutter-Messer zuschneidbar. Die Stra\u00dfe ist an der Unterseite mit einer Nut f\u00fcr das CarMotion Magnetband, 0,5 mm, Art. 8429 ausgestattet.<br \/>\nIn der Stra\u00dfe befinden sich 2 Gullideckel und 2 Kanaldeckel.<br \/>\nL 75 x B 8 cm<\/div>\n<hr \/>\n<h2 class=\"product-detail-description-title\">Warn- und Sicherheitshinweise<\/h2>\n<p><strong>Modellbauartikel, kein Spielzeug!<\/strong> Nicht geeignet f\u00fcr Kinder unter 14 Jahren!<\/p>\n<p class=\"hide-if-no-js\">\n","protected":false},"excerpt":{"rendered":"<p>Produktinformationen &#8222;H0 Stra\u00dfenplatte Asphalt aus Steinkunst mit Nut f\u00fcr Magnetband&#8220; Die Asphaltstra\u00dfe aus der Steinkunst-Serie besteht aus wetterfestem Sedimentverbundwerkstoff. Dieser Werkstoff erzeugt eine un\u00fcbertroffen realistische Asphaltoberfl\u00e4che. Die Stra\u00dfe ist flexibel und einfach mit einem Cutter-Messer zuschneidbar. Die Stra\u00dfe ist an der Unterseite mit einer Nut f\u00fcr das CarMotion Magnetband, 0,5 mm, Art. 8429 ausgestattet. In&#8230;<\/p>\n","protected":false},"featured_media":10639,"comment_status":"open","ping_status":"closed","template":"","meta":[],"product_brand":[],"product_cat":[161,38,41,160],"product_tag":[],"class_list":{"0":"post-10638","1":"product","2":"type-product","3":"status-publish","4":"has-post-thumbnail","6":"product_cat-steinkunst-ho","7":"product_cat-unkategorisiert","8":"product_cat-vollmer","9":"product_cat-vollmer-ho","11":"first","12":"outofstock","13":"taxable","14":"shipping-taxable","15":"purchasable","16":"product-type-simple"},"jetpack_sharing_enabled":true,"_links":{"self":[{"href":"https:\/\/www.mg-modelleisenbahnbau.de\/startseite-2\/wp-json\/wp\/v2\/product\/10638","targetHints":{"allow":["GET"]}}],"collection":[{"href":"https:\/\/www.mg-modelleisenbahnbau.de\/startseite-2\/wp-json\/wp\/v2\/product"}],"about":[{"href":"https:\/\/www.mg-modelleisenbahnbau.de\/startseite-2\/wp-json\/wp\/v2\/types\/product"}],"replies":[{"embeddable":true,"href":"https:\/\/www.mg-modelleisenbahnbau.de\/startseite-2\/wp-json\/wp\/v2\/comments?post=10638"}],"wp:featuredmedia":[{"embeddable":true,"href":"https:\/\/www.mg-modelleisenbahnbau.de\/startseite-2\/wp-json\/wp\/v2\/media\/10639"}],"wp:attachment":[{"href":"https:\/\/www.mg-modelleisenbahnbau.de\/startseite-2\/wp-json\/wp\/v2\/media?parent=10638"}],"wp:term":[{"taxonomy":"product_brand","embeddable":true,"href":"https:\/\/www.mg-modelleisenbahnbau.de\/startseite-2\/wp-json\/wp\/v2\/product_brand?post=10638"},{"taxonomy":"product_cat","embeddable":true,"href":"https:\/\/www.mg-modelleisenbahnbau.de\/startseite-2\/wp-json\/wp\/v2\/product_cat?post=10638"},{"taxonomy":"product_tag","embeddable":true,"href":"https:\/\/www.mg-modelleisenbahnbau.de\/startseite-2\/wp-json\/wp\/v2\/product_tag?post=10638"}],"curies":[{"name":"wp","href":"https:\/\/api.w.org\/{rel}","templated":true}]}}