{"id":10637,"date":"2025-07-01T12:45:02","date_gmt":"2025-07-01T10:45:02","guid":{"rendered":"https:\/\/www.mg-modelleisenbahnbau.de\/startseite-2\/?post_type=product&#038;p=10637"},"modified":"2025-07-01T12:52:05","modified_gmt":"2025-07-01T10:52:05","slug":"48291-h0-strassenplatte-asphalt-aus-steinkunst-mit-nut-fuer-magnetband-90-einmuendung","status":"publish","type":"product","link":"https:\/\/www.mg-modelleisenbahnbau.de\/startseite-2\/produkt\/48291-h0-strassenplatte-asphalt-aus-steinkunst-mit-nut-fuer-magnetband-90-einmuendung\/","title":{"rendered":"48291 H0 Stra\u00dfenplatte Asphalt aus Steinkunst mit Nut f\u00fcr Magnetband, 90\u00b0-Einm\u00fcndung"},"content":{"rendered":"<h2 class=\"product-detail-description-title\">Produktinformationen &#8222;H0 Stra\u00dfenplatte Asphalt aus Steinkunst mit Nut f\u00fcr Magnetband, 90\u00b0-Einm\u00fcndung&#8220;<\/h2>\n<div class=\"product-detail-description-text\">Die Asphaltstra\u00dfe aus der Steinkunst-Serie besteht aus wetterfestem Sedimentverbundwerkstoff. Dieser Werkstoff erzeugt eine un\u00fcbertroffen realistische Asphaltoberfl\u00e4che. Die Stra\u00dfe ist flexibel und einfach mit einem Cutter-Messer zuschneidbar. Die Stra\u00dfe ist an der Unterseite mit einer Nut f\u00fcr das CarMotion Magnetband, 0,5 mm, Art. 8429 ausgestattet. Durch leichtes Erw\u00e4rmen mit Hei\u00dfluft wird das Material biegsam, so kann es auch auf unebene Wege angepasst werden.<br \/>\nL 15 x B 11,5 cm<\/div>\n<hr \/>\n<h2 class=\"product-detail-description-title\">Warn- und Sicherheitshinweise<\/h2>\n<p><strong>Modellbauartikel, kein Spielzeug!<\/strong> Nicht geeignet f\u00fcr Kinder unter 14 Jahren!<\/p>\n<hr \/>\n","protected":false},"excerpt":{"rendered":"<p>Produktinformationen &#8222;H0 Stra\u00dfenplatte Asphalt aus Steinkunst mit Nut f\u00fcr Magnetband, 90\u00b0-Einm\u00fcndung&#8220; Die Asphaltstra\u00dfe aus der Steinkunst-Serie besteht aus wetterfestem Sedimentverbundwerkstoff. Dieser Werkstoff erzeugt eine un\u00fcbertroffen realistische Asphaltoberfl\u00e4che. Die Stra\u00dfe ist flexibel und einfach mit einem Cutter-Messer zuschneidbar. Die Stra\u00dfe ist an der Unterseite mit einer Nut f\u00fcr das CarMotion Magnetband, 0,5 mm, Art. 8429 ausgestattet&#8230;.<\/p>\n","protected":false},"featured_media":10636,"comment_status":"open","ping_status":"closed","template":"","meta":[],"product_brand":[],"product_cat":[161,38,41,160],"product_tag":[],"class_list":{"0":"post-10637","1":"product","2":"type-product","3":"status-publish","4":"has-post-thumbnail","6":"product_cat-steinkunst-ho","7":"product_cat-unkategorisiert","8":"product_cat-vollmer","9":"product_cat-vollmer-ho","11":"first","12":"outofstock","13":"taxable","14":"shipping-taxable","15":"purchasable","16":"product-type-simple"},"jetpack_sharing_enabled":true,"_links":{"self":[{"href":"https:\/\/www.mg-modelleisenbahnbau.de\/startseite-2\/wp-json\/wp\/v2\/product\/10637","targetHints":{"allow":["GET"]}}],"collection":[{"href":"https:\/\/www.mg-modelleisenbahnbau.de\/startseite-2\/wp-json\/wp\/v2\/product"}],"about":[{"href":"https:\/\/www.mg-modelleisenbahnbau.de\/startseite-2\/wp-json\/wp\/v2\/types\/product"}],"replies":[{"embeddable":true,"href":"https:\/\/www.mg-modelleisenbahnbau.de\/startseite-2\/wp-json\/wp\/v2\/comments?post=10637"}],"wp:featuredmedia":[{"embeddable":true,"href":"https:\/\/www.mg-modelleisenbahnbau.de\/startseite-2\/wp-json\/wp\/v2\/media\/10636"}],"wp:attachment":[{"href":"https:\/\/www.mg-modelleisenbahnbau.de\/startseite-2\/wp-json\/wp\/v2\/media?parent=10637"}],"wp:term":[{"taxonomy":"product_brand","embeddable":true,"href":"https:\/\/www.mg-modelleisenbahnbau.de\/startseite-2\/wp-json\/wp\/v2\/product_brand?post=10637"},{"taxonomy":"product_cat","embeddable":true,"href":"https:\/\/www.mg-modelleisenbahnbau.de\/startseite-2\/wp-json\/wp\/v2\/product_cat?post=10637"},{"taxonomy":"product_tag","embeddable":true,"href":"https:\/\/www.mg-modelleisenbahnbau.de\/startseite-2\/wp-json\/wp\/v2\/product_tag?post=10637"}],"curies":[{"name":"wp","href":"https:\/\/api.w.org\/{rel}","templated":true}]}}