{"id":10623,"date":"2025-06-30T09:16:37","date_gmt":"2025-06-30T07:16:37","guid":{"rendered":"https:\/\/www.mg-modelleisenbahnbau.de\/startseite-2\/?post_type=product&#038;p=10623"},"modified":"2026-02-13T10:07:16","modified_gmt":"2026-02-13T09:07:16","slug":"8437-dauermagnethalter-fuer-den-testbetrieb-2-stueck","status":"publish","type":"product","link":"https:\/\/www.mg-modelleisenbahnbau.de\/startseite-2\/produkt\/8437-dauermagnethalter-fuer-den-testbetrieb-2-stueck\/","title":{"rendered":"8437 Dauermagnethalter f\u00fcr den Testbetrieb, 2 St\u00fcck"},"content":{"rendered":"<h2 class=\"product-detail-description-title\">Produktinformationen &#8222;Dauermagnethalter f\u00fcr den Testbetrieb, 2 St\u00fcck &#8222;<\/h2>\n<div class=\"product-detail-description-text\">Der Dauermagnethalter ist die ideale L\u00f6sung f\u00fcr den Testbetrieb des CarMotion Systems. Mit einem oder mehreren Magneten best\u00fcckt, l\u00e4sst sich der Halter flexibel rechts neben der Fahrbahn positionieren. So k\u00f6nnen Sie gezielt \u00fcberpr\u00fcfen, ob und an welcher Stelle das CarMotion-Fahrzeug definierte Steuerbefehle erkennt und umsetzt. Die robuste Ausf\u00fchrung erm\u00f6glicht den schnellen Aufbau sowie das einfache Umsetzen w\u00e4hrend Testl\u00e4ufen \u2013 f\u00fcr pr\u00e4zise Ergebnisse unter realistischen Bedingungen.<\/div>\n<hr \/>\n<h2 class=\"product-detail-description-title\">Warn- und Sicherheitshinweise<\/h2>\n<p><strong>Modellbauartikel, kein Spielzeug!<\/strong> Nicht geeignet f\u00fcr Kinder unter 14 Jahren!<\/p>\n","protected":false},"excerpt":{"rendered":"<p>Produktinformationen &#8222;Dauermagnethalter f\u00fcr den Testbetrieb, 2 St\u00fcck &#8222; Der Dauermagnethalter ist die ideale L\u00f6sung f\u00fcr den Testbetrieb des CarMotion Systems. Mit einem oder mehreren Magneten best\u00fcckt, l\u00e4sst sich der Halter flexibel rechts neben der Fahrbahn positionieren. So k\u00f6nnen Sie gezielt \u00fcberpr\u00fcfen, ob und an welcher Stelle das CarMotion-Fahrzeug definierte Steuerbefehle erkennt und umsetzt. Die robuste&#8230;<\/p>\n","protected":false},"featured_media":10624,"comment_status":"open","ping_status":"closed","template":"","meta":[],"product_brand":[],"product_cat":[272,38,37],"product_tag":[],"class_list":{"0":"post-10623","1":"product","2":"type-product","3":"status-publish","4":"has-post-thumbnail","6":"product_cat-h0-carmotion","7":"product_cat-unkategorisiert","8":"product_cat-viessmann","10":"first","11":"instock","12":"taxable","13":"shipping-taxable","14":"purchasable","15":"product-type-simple"},"jetpack_sharing_enabled":true,"_links":{"self":[{"href":"https:\/\/www.mg-modelleisenbahnbau.de\/startseite-2\/wp-json\/wp\/v2\/product\/10623","targetHints":{"allow":["GET"]}}],"collection":[{"href":"https:\/\/www.mg-modelleisenbahnbau.de\/startseite-2\/wp-json\/wp\/v2\/product"}],"about":[{"href":"https:\/\/www.mg-modelleisenbahnbau.de\/startseite-2\/wp-json\/wp\/v2\/types\/product"}],"replies":[{"embeddable":true,"href":"https:\/\/www.mg-modelleisenbahnbau.de\/startseite-2\/wp-json\/wp\/v2\/comments?post=10623"}],"wp:featuredmedia":[{"embeddable":true,"href":"https:\/\/www.mg-modelleisenbahnbau.de\/startseite-2\/wp-json\/wp\/v2\/media\/10624"}],"wp:attachment":[{"href":"https:\/\/www.mg-modelleisenbahnbau.de\/startseite-2\/wp-json\/wp\/v2\/media?parent=10623"}],"wp:term":[{"taxonomy":"product_brand","embeddable":true,"href":"https:\/\/www.mg-modelleisenbahnbau.de\/startseite-2\/wp-json\/wp\/v2\/product_brand?post=10623"},{"taxonomy":"product_cat","embeddable":true,"href":"https:\/\/www.mg-modelleisenbahnbau.de\/startseite-2\/wp-json\/wp\/v2\/product_cat?post=10623"},{"taxonomy":"product_tag","embeddable":true,"href":"https:\/\/www.mg-modelleisenbahnbau.de\/startseite-2\/wp-json\/wp\/v2\/product_tag?post=10623"}],"curies":[{"name":"wp","href":"https:\/\/api.w.org\/{rel}","templated":true}]}}