{"id":10621,"date":"2025-06-30T09:13:50","date_gmt":"2025-06-30T07:13:50","guid":{"rendered":"https:\/\/www.mg-modelleisenbahnbau.de\/startseite-2\/?post_type=product&#038;p=10621"},"modified":"2025-06-30T09:13:51","modified_gmt":"2025-06-30T07:13:51","slug":"8436-verlaengerungskabel-fuer-easychain-05-m-2-stueck","status":"publish","type":"product","link":"https:\/\/www.mg-modelleisenbahnbau.de\/startseite-2\/produkt\/8436-verlaengerungskabel-fuer-easychain-05-m-2-stueck\/","title":{"rendered":"8436 Verl\u00e4ngerungskabel f\u00fcr EasyChain, 0,5 m, 2 St\u00fcck"},"content":{"rendered":"<h2 class=\"product-detail-description-title\">Produktinformationen &#8222;Verl\u00e4ngerungskabel f\u00fcr EasyChain, 0,5 m, 2 St\u00fcck &#8222;<\/h2>\n<div class=\"product-detail-description-text\">Kabel zur Verl\u00e4ngerung der EasyChain-Leitung f\u00fcr den InduktivCharger, Art. 8408. Optimal geeignet, um die EasyChain-Leitung zu verl\u00e4ngern und entfernte InduktivCharger anzubinden. L\u00e4nge: je Kabel 0,5 m<\/div>\n<hr \/>\n<h2 class=\"product-detail-description-title\">Warn- und Sicherheitshinweise<\/h2>\n<p><strong>Modellbauartikel, kein Spielzeug!<\/strong> Nicht geeignet f\u00fcr Kinder unter 14 Jahren!<\/p>\n","protected":false},"excerpt":{"rendered":"<p>Produktinformationen &#8222;Verl\u00e4ngerungskabel f\u00fcr EasyChain, 0,5 m, 2 St\u00fcck &#8222; Kabel zur Verl\u00e4ngerung der EasyChain-Leitung f\u00fcr den InduktivCharger, Art. 8408. Optimal geeignet, um die EasyChain-Leitung zu verl\u00e4ngern und entfernte InduktivCharger anzubinden. L\u00e4nge: je Kabel 0,5 m Warn- und Sicherheitshinweise Modellbauartikel, kein Spielzeug! Nicht geeignet f\u00fcr Kinder unter 14 Jahren!<\/p>\n","protected":false},"featured_media":10622,"comment_status":"open","ping_status":"closed","template":"","meta":[],"product_brand":[],"product_cat":[272,38,37],"product_tag":[],"class_list":{"0":"post-10621","1":"product","2":"type-product","3":"status-publish","4":"has-post-thumbnail","6":"product_cat-h0-carmotion","7":"product_cat-unkategorisiert","8":"product_cat-viessmann","10":"first","11":"instock","12":"taxable","13":"shipping-taxable","14":"purchasable","15":"product-type-simple"},"jetpack_sharing_enabled":true,"_links":{"self":[{"href":"https:\/\/www.mg-modelleisenbahnbau.de\/startseite-2\/wp-json\/wp\/v2\/product\/10621","targetHints":{"allow":["GET"]}}],"collection":[{"href":"https:\/\/www.mg-modelleisenbahnbau.de\/startseite-2\/wp-json\/wp\/v2\/product"}],"about":[{"href":"https:\/\/www.mg-modelleisenbahnbau.de\/startseite-2\/wp-json\/wp\/v2\/types\/product"}],"replies":[{"embeddable":true,"href":"https:\/\/www.mg-modelleisenbahnbau.de\/startseite-2\/wp-json\/wp\/v2\/comments?post=10621"}],"wp:featuredmedia":[{"embeddable":true,"href":"https:\/\/www.mg-modelleisenbahnbau.de\/startseite-2\/wp-json\/wp\/v2\/media\/10622"}],"wp:attachment":[{"href":"https:\/\/www.mg-modelleisenbahnbau.de\/startseite-2\/wp-json\/wp\/v2\/media?parent=10621"}],"wp:term":[{"taxonomy":"product_brand","embeddable":true,"href":"https:\/\/www.mg-modelleisenbahnbau.de\/startseite-2\/wp-json\/wp\/v2\/product_brand?post=10621"},{"taxonomy":"product_cat","embeddable":true,"href":"https:\/\/www.mg-modelleisenbahnbau.de\/startseite-2\/wp-json\/wp\/v2\/product_cat?post=10621"},{"taxonomy":"product_tag","embeddable":true,"href":"https:\/\/www.mg-modelleisenbahnbau.de\/startseite-2\/wp-json\/wp\/v2\/product_tag?post=10621"}],"curies":[{"name":"wp","href":"https:\/\/api.w.org\/{rel}","templated":true}]}}