{"id":10603,"date":"2025-06-29T23:16:49","date_gmt":"2025-06-29T21:16:49","guid":{"rendered":"https:\/\/www.mg-modelleisenbahnbau.de\/startseite-2\/?post_type=product&#038;p=10603"},"modified":"2025-06-29T23:30:37","modified_gmt":"2025-06-29T21:30:37","slug":"5570-soundmodul-holzhacker","status":"publish","type":"product","link":"https:\/\/www.mg-modelleisenbahnbau.de\/startseite-2\/produkt\/5570-soundmodul-holzhacker\/","title":{"rendered":"5570 Soundmodul Holzhacker"},"content":{"rendered":"<h2 class=\"product-detail-description-title\">Produktinformationen &#8222;Soundmodul Holzhacker &#8222;<\/h2>\n<div class=\"product-detail-description-text\">Modellbahn mit allen Sinnen erleben: Das station\u00e4re Soundmodul erg\u00e4nzt die Szenen der \u201eBewegten Welten\u201c um die passenden Ger\u00e4usche und ist in verschiedenen Themen erh\u00e4ltlich. Das Soundmodul verf\u00fcgt \u00fcber einen internen Lautsprecher und einen Anschluss f\u00fcr einen externen Lautsprecher. Die Lautst\u00e4rke ist selbstverst\u00e4ndlich regelbar. Das Soundmodul verf\u00fcgt \u00fcber einen Steuereingang f\u00fcr bewegungssynchronisierte Sounds. Operating voltage 14 &#8211; 24 V DC = or 10 &#8211; 16 V AC ~. Passend f\u00fcr: Holzhacker Art. 1515.<\/div>\n<hr \/>\n<h2 class=\"product-detail-description-title\">Warn- und Sicherheitshinweise<\/h2>\n<p><strong>Modellbauartikel, kein Spielzeug!<\/strong> Nicht geeignet f\u00fcr Kinder unter 14 Jahren!<\/p>\n","protected":false},"excerpt":{"rendered":"<p>Produktinformationen &#8222;Soundmodul Holzhacker &#8222; Modellbahn mit allen Sinnen erleben: Das station\u00e4re Soundmodul erg\u00e4nzt die Szenen der \u201eBewegten Welten\u201c um die passenden Ger\u00e4usche und ist in verschiedenen Themen erh\u00e4ltlich. Das Soundmodul verf\u00fcgt \u00fcber einen internen Lautsprecher und einen Anschluss f\u00fcr einen externen Lautsprecher. Die Lautst\u00e4rke ist selbstverst\u00e4ndlich regelbar. Das Soundmodul verf\u00fcgt \u00fcber einen Steuereingang f\u00fcr bewegungssynchronisierte&#8230;<\/p>\n","protected":false},"featured_media":10604,"comment_status":"open","ping_status":"closed","template":"","meta":[],"product_brand":[],"product_cat":[143,38,37],"product_tag":[],"class_list":{"0":"post-10603","1":"product","2":"type-product","3":"status-publish","4":"has-post-thumbnail","6":"product_cat-emotion-n","7":"product_cat-unkategorisiert","8":"product_cat-viessmann","10":"first","11":"instock","12":"taxable","13":"shipping-taxable","14":"purchasable","15":"product-type-simple"},"jetpack_sharing_enabled":true,"_links":{"self":[{"href":"https:\/\/www.mg-modelleisenbahnbau.de\/startseite-2\/wp-json\/wp\/v2\/product\/10603","targetHints":{"allow":["GET"]}}],"collection":[{"href":"https:\/\/www.mg-modelleisenbahnbau.de\/startseite-2\/wp-json\/wp\/v2\/product"}],"about":[{"href":"https:\/\/www.mg-modelleisenbahnbau.de\/startseite-2\/wp-json\/wp\/v2\/types\/product"}],"replies":[{"embeddable":true,"href":"https:\/\/www.mg-modelleisenbahnbau.de\/startseite-2\/wp-json\/wp\/v2\/comments?post=10603"}],"wp:featuredmedia":[{"embeddable":true,"href":"https:\/\/www.mg-modelleisenbahnbau.de\/startseite-2\/wp-json\/wp\/v2\/media\/10604"}],"wp:attachment":[{"href":"https:\/\/www.mg-modelleisenbahnbau.de\/startseite-2\/wp-json\/wp\/v2\/media?parent=10603"}],"wp:term":[{"taxonomy":"product_brand","embeddable":true,"href":"https:\/\/www.mg-modelleisenbahnbau.de\/startseite-2\/wp-json\/wp\/v2\/product_brand?post=10603"},{"taxonomy":"product_cat","embeddable":true,"href":"https:\/\/www.mg-modelleisenbahnbau.de\/startseite-2\/wp-json\/wp\/v2\/product_cat?post=10603"},{"taxonomy":"product_tag","embeddable":true,"href":"https:\/\/www.mg-modelleisenbahnbau.de\/startseite-2\/wp-json\/wp\/v2\/product_tag?post=10603"}],"curies":[{"name":"wp","href":"https:\/\/api.w.org\/{rel}","templated":true}]}}