{"id":1049,"date":"2018-10-16T15:32:08","date_gmt":"2018-10-16T13:32:08","guid":{"rendered":"http:\/\/www.mg-modelleisenbahnbau.de\/?post_type=product&#038;p=1049"},"modified":"2025-06-30T00:27:07","modified_gmt":"2025-06-29T22:27:07","slug":"6094-h0-schlanke-strassenleuchte-led-weiss","status":"publish","type":"product","link":"https:\/\/www.mg-modelleisenbahnbau.de\/startseite-2\/produkt\/6094-h0-schlanke-strassenleuchte-led-weiss\/","title":{"rendered":"6094 H0 Schlanke Stra\u00dfenleuchte, LED wei\u00df"},"content":{"rendered":"<p>Produktinformationen &#8222;H0 Schlanke Stra\u00dfenleuchte, LED wei\u00df&#8220;<br \/>\nVorbildgetreuer Messingmast mit Patentsteckfu\u00df f\u00fcr eine besonders einfache Montage. Wartungsfrei dank LED-Beleuchtung. Sehr filigranes Design. H\u00f6he: 87 mm. TIPP: Das Powermodul Art. 5215 sorgt f\u00fcr flackerfreies Licht beim Betrieb mit Wechselstrom und erzeugt nahezu doppelte Helligkeit.<\/p>\n","protected":false},"excerpt":{"rendered":"<p>Produktinformationen &#8222;H0 Schlanke Stra\u00dfenleuchte, LED wei\u00df&#8220; Vorbildgetreuer Messingmast mit Patentsteckfu\u00df f\u00fcr eine besonders einfache Montage. Wartungsfrei dank LED-Beleuchtung. Sehr filigranes Design. H\u00f6he: 87 mm. TIPP: Das Powermodul Art. 5215 sorgt f\u00fcr flackerfreies Licht beim Betrieb mit Wechselstrom und erzeugt nahezu doppelte Helligkeit.<\/p>\n","protected":false},"featured_media":1050,"comment_status":"open","ping_status":"closed","template":"","meta":[],"product_brand":[],"product_cat":[123,38,37,124],"product_tag":[292,291],"class_list":{"0":"post-1049","1":"product","2":"type-product","3":"status-publish","4":"has-post-thumbnail","6":"product_cat-leuchten-h0","7":"product_cat-unkategorisiert","8":"product_cat-viessmann","9":"product_cat-viessmann-spur-h0","10":"product_tag-kein-spielzeug-nicht-geeignet-fuer-kinder-unter-14-jahren","11":"product_tag-warn-und-sicherheitshinweise-modellbauartikel","13":"first","14":"instock","15":"taxable","16":"shipping-taxable","17":"purchasable","18":"product-type-simple"},"jetpack_sharing_enabled":true,"_links":{"self":[{"href":"https:\/\/www.mg-modelleisenbahnbau.de\/startseite-2\/wp-json\/wp\/v2\/product\/1049","targetHints":{"allow":["GET"]}}],"collection":[{"href":"https:\/\/www.mg-modelleisenbahnbau.de\/startseite-2\/wp-json\/wp\/v2\/product"}],"about":[{"href":"https:\/\/www.mg-modelleisenbahnbau.de\/startseite-2\/wp-json\/wp\/v2\/types\/product"}],"replies":[{"embeddable":true,"href":"https:\/\/www.mg-modelleisenbahnbau.de\/startseite-2\/wp-json\/wp\/v2\/comments?post=1049"}],"wp:featuredmedia":[{"embeddable":true,"href":"https:\/\/www.mg-modelleisenbahnbau.de\/startseite-2\/wp-json\/wp\/v2\/media\/1050"}],"wp:attachment":[{"href":"https:\/\/www.mg-modelleisenbahnbau.de\/startseite-2\/wp-json\/wp\/v2\/media?parent=1049"}],"wp:term":[{"taxonomy":"product_brand","embeddable":true,"href":"https:\/\/www.mg-modelleisenbahnbau.de\/startseite-2\/wp-json\/wp\/v2\/product_brand?post=1049"},{"taxonomy":"product_cat","embeddable":true,"href":"https:\/\/www.mg-modelleisenbahnbau.de\/startseite-2\/wp-json\/wp\/v2\/product_cat?post=1049"},{"taxonomy":"product_tag","embeddable":true,"href":"https:\/\/www.mg-modelleisenbahnbau.de\/startseite-2\/wp-json\/wp\/v2\/product_tag?post=1049"}],"curies":[{"name":"wp","href":"https:\/\/api.w.org\/{rel}","templated":true}]}}