{"id":10399,"date":"2025-02-21T10:07:12","date_gmt":"2025-02-21T09:07:12","guid":{"rendered":"https:\/\/www.mg-modelleisenbahnbau.de\/startseite-2\/?post_type=product&#038;p=10399"},"modified":"2026-02-20T11:52:06","modified_gmt":"2026-02-20T10:52:06","slug":"19100-3-obstbaeume-12-cm","status":"publish","type":"product","link":"https:\/\/www.mg-modelleisenbahnbau.de\/startseite-2\/produkt\/19100-3-obstbaeume-12-cm\/","title":{"rendered":"19100  3 Obstb\u00e4ume, 12 cm"},"content":{"rendered":"<p>Die B\u00e4ume aus der realistic-Serie sind fast schon Unikate. Die St\u00e4mme sind von Hand coloriert, die Belaubung wird in mehreren Arbeitsschritten<br \/>\naufgebracht. Das Ergebnis sind B\u00e4ume, die h\u00f6chsten Anspr\u00fcchen an Qualit\u00e4t und Nat\u00fcrlichkeit gerecht werden. Quality made in Germany!<\/p>\n","protected":false},"excerpt":{"rendered":"<p>Die B\u00e4ume aus der realistic-Serie sind fast schon Unikate. Die St\u00e4mme sind von Hand coloriert, die Belaubung wird in mehreren Arbeitsschritten aufgebracht. Das Ergebnis sind B\u00e4ume, die h\u00f6chsten Anspr\u00fcchen an Qualit\u00e4t und Nat\u00fcrlichkeit gerecht werden. Quality made in Germany!<\/p>\n","protected":false},"featured_media":10400,"comment_status":"open","ping_status":"closed","template":"","meta":[],"product_brand":[],"product_cat":[40,38],"product_tag":[292,291],"class_list":{"0":"post-10399","1":"product","2":"type-product","3":"status-publish","4":"has-post-thumbnail","6":"product_cat-heki","7":"product_cat-unkategorisiert","8":"product_tag-kein-spielzeug-nicht-geeignet-fuer-kinder-unter-14-jahren","9":"product_tag-warn-und-sicherheitshinweise-modellbauartikel","11":"first","12":"instock","13":"taxable","14":"shipping-taxable","15":"purchasable","16":"product-type-simple"},"jetpack_sharing_enabled":true,"_links":{"self":[{"href":"https:\/\/www.mg-modelleisenbahnbau.de\/startseite-2\/wp-json\/wp\/v2\/product\/10399","targetHints":{"allow":["GET"]}}],"collection":[{"href":"https:\/\/www.mg-modelleisenbahnbau.de\/startseite-2\/wp-json\/wp\/v2\/product"}],"about":[{"href":"https:\/\/www.mg-modelleisenbahnbau.de\/startseite-2\/wp-json\/wp\/v2\/types\/product"}],"replies":[{"embeddable":true,"href":"https:\/\/www.mg-modelleisenbahnbau.de\/startseite-2\/wp-json\/wp\/v2\/comments?post=10399"}],"wp:featuredmedia":[{"embeddable":true,"href":"https:\/\/www.mg-modelleisenbahnbau.de\/startseite-2\/wp-json\/wp\/v2\/media\/10400"}],"wp:attachment":[{"href":"https:\/\/www.mg-modelleisenbahnbau.de\/startseite-2\/wp-json\/wp\/v2\/media?parent=10399"}],"wp:term":[{"taxonomy":"product_brand","embeddable":true,"href":"https:\/\/www.mg-modelleisenbahnbau.de\/startseite-2\/wp-json\/wp\/v2\/product_brand?post=10399"},{"taxonomy":"product_cat","embeddable":true,"href":"https:\/\/www.mg-modelleisenbahnbau.de\/startseite-2\/wp-json\/wp\/v2\/product_cat?post=10399"},{"taxonomy":"product_tag","embeddable":true,"href":"https:\/\/www.mg-modelleisenbahnbau.de\/startseite-2\/wp-json\/wp\/v2\/product_tag?post=10399"}],"curies":[{"name":"wp","href":"https:\/\/api.w.org\/{rel}","templated":true}]}}