{"id":10368,"date":"2025-01-29T11:36:28","date_gmt":"2025-01-29T10:36:28","guid":{"rendered":"https:\/\/www.mg-modelleisenbahnbau.de\/startseite-2\/?post_type=product&#038;p=10368"},"modified":"2025-06-29T22:53:48","modified_gmt":"2025-06-29T20:53:48","slug":"5159-mini-led-leuchtstreifen-23-mm-breit-mit-5-leds-weiss-4-stueck","status":"publish","type":"product","link":"https:\/\/www.mg-modelleisenbahnbau.de\/startseite-2\/produkt\/5159-mini-led-leuchtstreifen-23-mm-breit-mit-5-leds-weiss-4-stueck\/","title":{"rendered":"5159 Mini LED-Leuchtstreifen 2,3 mm breit, mit 5 LEDs wei\u00df, 4 St\u00fcck"},"content":{"rendered":"<div class=\"offcanvas-body\">\n<div class=\"product-detail-description tab-pane-container\">\n<h2 class=\"product-detail-description-title\">Produktinformationen &#8222;Mini LED-Leuchtstreifen 2,3 mm breit, mit 5 LEDs wei\u00df, 4 St\u00fcck&#8220;<\/h2>\n<div class=\"product-detail-description-text\">Diese LED-Leuchtstreifen eignen sich nur f\u00fcr station\u00e4re Beleuchtung. Zur Simulation von Neonr\u00f6hren in Geb\u00e4uden oder an Bahnsteigen. Sie bestehen aus flexiblem Material. Die LED-Streifen sind vorgesehen f\u00fcr den Betrieb an den Powermodulen, Art. 5215, 5225 oder 5205 bzw. am LED-Dimmer, Art. 5590 oder an Gleichspannungen ab ca. 18 V. Beiliegende Widerst\u00e4nde erm\u00f6glichen die Einstellung der Helligkeit.<br \/>\nEmpfohlene Betriebsspannung: 24 V DC, Gesamtstrom ohne Vorwiderstand: 11 mA. Inkl. Anschlusskabel.<br \/>\nDer mit 5 wei\u00dfen (5700k) LEDs best\u00fcckte Leuchtstreifen hat eine Gesamtl\u00e4nge von ca. 17 mm.<\/div>\n<\/div>\n<div><\/div>\n<div>\n<h2 class=\"product-detail-description-title\">Warn- und Sicherheitshinweise<\/h2>\n<p><strong>Modellbauartikel, kein Spielzeug!<\/strong> Nicht geeignet f\u00fcr Kinder unter 14 Jahren!<\/p>\n<\/div>\n<\/div>\n","protected":false},"excerpt":{"rendered":"<h2><\/h2>\n<h2><\/h2>\n<p>&nbsp;<\/p>\n","protected":false},"featured_media":10369,"comment_status":"open","ping_status":"closed","template":"","meta":[],"product_brand":[],"product_cat":[38,37,148],"product_tag":[292,291],"class_list":{"0":"post-10368","1":"product","2":"type-product","3":"status-publish","4":"has-post-thumbnail","6":"product_cat-unkategorisiert","7":"product_cat-viessmann","8":"product_cat-viessmann-elektronik","9":"product_tag-kein-spielzeug-nicht-geeignet-fuer-kinder-unter-14-jahren","10":"product_tag-warn-und-sicherheitshinweise-modellbauartikel","12":"first","13":"instock","14":"taxable","15":"shipping-taxable","16":"purchasable","17":"product-type-simple"},"jetpack_sharing_enabled":true,"_links":{"self":[{"href":"https:\/\/www.mg-modelleisenbahnbau.de\/startseite-2\/wp-json\/wp\/v2\/product\/10368","targetHints":{"allow":["GET"]}}],"collection":[{"href":"https:\/\/www.mg-modelleisenbahnbau.de\/startseite-2\/wp-json\/wp\/v2\/product"}],"about":[{"href":"https:\/\/www.mg-modelleisenbahnbau.de\/startseite-2\/wp-json\/wp\/v2\/types\/product"}],"replies":[{"embeddable":true,"href":"https:\/\/www.mg-modelleisenbahnbau.de\/startseite-2\/wp-json\/wp\/v2\/comments?post=10368"}],"wp:featuredmedia":[{"embeddable":true,"href":"https:\/\/www.mg-modelleisenbahnbau.de\/startseite-2\/wp-json\/wp\/v2\/media\/10369"}],"wp:attachment":[{"href":"https:\/\/www.mg-modelleisenbahnbau.de\/startseite-2\/wp-json\/wp\/v2\/media?parent=10368"}],"wp:term":[{"taxonomy":"product_brand","embeddable":true,"href":"https:\/\/www.mg-modelleisenbahnbau.de\/startseite-2\/wp-json\/wp\/v2\/product_brand?post=10368"},{"taxonomy":"product_cat","embeddable":true,"href":"https:\/\/www.mg-modelleisenbahnbau.de\/startseite-2\/wp-json\/wp\/v2\/product_cat?post=10368"},{"taxonomy":"product_tag","embeddable":true,"href":"https:\/\/www.mg-modelleisenbahnbau.de\/startseite-2\/wp-json\/wp\/v2\/product_tag?post=10368"}],"curies":[{"name":"wp","href":"https:\/\/api.w.org\/{rel}","templated":true}]}}