{"id":10364,"date":"2025-01-29T11:24:29","date_gmt":"2025-01-29T10:24:29","guid":{"rendered":"https:\/\/www.mg-modelleisenbahnbau.de\/startseite-2\/?post_type=product&#038;p=10364"},"modified":"2026-01-31T01:50:44","modified_gmt":"2026-01-31T00:50:44","slug":"5099-baustellen-verkehrsampel-2-stueck","status":"publish","type":"product","link":"https:\/\/www.mg-modelleisenbahnbau.de\/startseite-2\/produkt\/5099-baustellen-verkehrsampel-2-stueck\/","title":{"rendered":"5099 Baustellen- \/Verkehrsampel, 2 St\u00fcck"},"content":{"rendered":"<div class=\"offcanvas-body\">\n<div class=\"product-detail-description tab-pane-container\">\n<h2 class=\"product-detail-description-title\">Produktinformationen &#8222;Baustellen- \/Verkehrsampel, 2 St\u00fcck &#8222;<\/h2>\n<div class=\"product-detail-description-text\">Die beiden Ampeln sind vorgesehen f\u00fcr einfache Verkehrssituationen, in denen gegensinnige Signalbilder erforderlich sind, z. B. an einspurigen Verkehrsf\u00fchrungen in Baustellen oder an einer einfachen Kreuzung, um Verkehr aus einer Seitenstra\u00dfe in eine Einbahnstra\u00dfe einzusteuern. Das zugeh\u00f6rige Steuermodul ist f\u00fcr die Anwendung mit dem IR-Mini, Art. 8403 vorgesehen, dessen Infrarotbefehle die CarMotion-Fahrzeuge dann entsprechend an den Ampeln wechselseitig anhalten und wieder losfahren lassen. Die Ampelmasten lassen sich aus den Sockeln herausnehmen, sodass sich die Ampeln wie normale Verkehrsampeln montieren lassen.<\/div>\n<hr \/>\n<h2 class=\"product-detail-description-title\">Warn- und Sicherheitshinweise<\/h2>\n<p><strong>Modellbauartikel, kein Spielzeug!<\/strong> Nicht geeignet f\u00fcr Kinder unter 14 Jahren!<\/p>\n<\/div>\n<\/div>\n","protected":false},"excerpt":{"rendered":"<p>Produktinformationen &#8222;Baustellen- \/Verkehrsampel, 2 St\u00fcck &#8222; Die beiden Ampeln sind vorgesehen f\u00fcr einfache Verkehrssituationen, in denen gegensinnige Signalbilder erforderlich sind, z. B. an einspurigen Verkehrsf\u00fchrungen in Baustellen oder an einer einfachen Kreuzung, um Verkehr aus einer Seitenstra\u00dfe in eine Einbahnstra\u00dfe einzusteuern. Das zugeh\u00f6rige Steuermodul ist f\u00fcr die Anwendung mit dem IR-Mini, Art. 8403 vorgesehen, dessen&#8230;<\/p>\n","protected":false},"featured_media":10365,"comment_status":"open","ping_status":"closed","template":"","meta":[],"product_brand":[],"product_cat":[129,38,37,124],"product_tag":[292,291],"class_list":{"0":"post-10364","1":"product","2":"type-product","3":"status-publish","4":"has-post-thumbnail","6":"product_cat-emotion-h0","7":"product_cat-unkategorisiert","8":"product_cat-viessmann","9":"product_cat-viessmann-spur-h0","10":"product_tag-kein-spielzeug-nicht-geeignet-fuer-kinder-unter-14-jahren","11":"product_tag-warn-und-sicherheitshinweise-modellbauartikel","13":"first","14":"instock","15":"taxable","16":"shipping-taxable","17":"purchasable","18":"product-type-simple"},"jetpack_sharing_enabled":true,"_links":{"self":[{"href":"https:\/\/www.mg-modelleisenbahnbau.de\/startseite-2\/wp-json\/wp\/v2\/product\/10364","targetHints":{"allow":["GET"]}}],"collection":[{"href":"https:\/\/www.mg-modelleisenbahnbau.de\/startseite-2\/wp-json\/wp\/v2\/product"}],"about":[{"href":"https:\/\/www.mg-modelleisenbahnbau.de\/startseite-2\/wp-json\/wp\/v2\/types\/product"}],"replies":[{"embeddable":true,"href":"https:\/\/www.mg-modelleisenbahnbau.de\/startseite-2\/wp-json\/wp\/v2\/comments?post=10364"}],"wp:featuredmedia":[{"embeddable":true,"href":"https:\/\/www.mg-modelleisenbahnbau.de\/startseite-2\/wp-json\/wp\/v2\/media\/10365"}],"wp:attachment":[{"href":"https:\/\/www.mg-modelleisenbahnbau.de\/startseite-2\/wp-json\/wp\/v2\/media?parent=10364"}],"wp:term":[{"taxonomy":"product_brand","embeddable":true,"href":"https:\/\/www.mg-modelleisenbahnbau.de\/startseite-2\/wp-json\/wp\/v2\/product_brand?post=10364"},{"taxonomy":"product_cat","embeddable":true,"href":"https:\/\/www.mg-modelleisenbahnbau.de\/startseite-2\/wp-json\/wp\/v2\/product_cat?post=10364"},{"taxonomy":"product_tag","embeddable":true,"href":"https:\/\/www.mg-modelleisenbahnbau.de\/startseite-2\/wp-json\/wp\/v2\/product_tag?post=10364"}],"curies":[{"name":"wp","href":"https:\/\/api.w.org\/{rel}","templated":true}]}}