{"id":10358,"date":"2025-01-29T10:09:00","date_gmt":"2025-01-29T09:09:00","guid":{"rendered":"https:\/\/www.mg-modelleisenbahnbau.de\/startseite-2\/?post_type=product&#038;p=10358"},"modified":"2025-12-18T12:02:56","modified_gmt":"2025-12-18T11:02:56","slug":"8445-handbetaetigter-2-3-wege-abzweig","status":"publish","type":"product","link":"https:\/\/www.mg-modelleisenbahnbau.de\/startseite-2\/produkt\/8445-handbetaetigter-2-3-wege-abzweig\/","title":{"rendered":"8445 Handbet\u00e4tigter 2\/3 Wege Abzweig"},"content":{"rendered":"<div class=\"offcanvas-body\">\n<div class=\"product-detail-description tab-pane-container\">\n<h2 class=\"product-detail-description-title\">Produktinformationen &#8222;Handbet\u00e4tigter 2\/3 Wege Abzweig &#8222;<\/h2>\n<div class=\"product-detail-description-text\">Abzweig wie Art. 8448 mit seitlichen Stellmechanismen (links, rechts) f\u00fcr manuelle Bet\u00e4tigung. Sehr gut geeignet f\u00fcr Anlagen die nur \u00fcber unsere CarMotion Fernbedienung<br \/>\nArt. 8402 und die Dauermagneten Art. 8431 gesteuert werden (ohne Verkabelung).<\/div>\n<hr \/>\n<h2 class=\"product-detail-description-title\">Warn- und Sicherheitshinweise<\/h2>\n<p><strong>Modellbauartikel, kein Spielzeug!<\/strong> Nicht geeignet f\u00fcr Kinder unter 14 Jahren!<\/p>\n<\/div>\n<\/div>\n","protected":false},"excerpt":{"rendered":"<p>Produktinformationen &#8222;Handbet\u00e4tigter 2\/3 Wege Abzweig &#8222; Abzweig wie Art. 8448 mit seitlichen Stellmechanismen (links, rechts) f\u00fcr manuelle Bet\u00e4tigung. Sehr gut geeignet f\u00fcr Anlagen die nur \u00fcber unsere CarMotion Fernbedienung Art. 8402 und die Dauermagneten Art. 8431 gesteuert werden (ohne Verkabelung). Warn- und Sicherheitshinweise Modellbauartikel, kein Spielzeug! Nicht geeignet f\u00fcr Kinder unter 14 Jahren!<\/p>\n","protected":false},"featured_media":10359,"comment_status":"open","ping_status":"closed","template":"","meta":[],"product_brand":[],"product_cat":[272,38,37],"product_tag":[292,291],"class_list":{"0":"post-10358","1":"product","2":"type-product","3":"status-publish","4":"has-post-thumbnail","6":"product_cat-h0-carmotion","7":"product_cat-unkategorisiert","8":"product_cat-viessmann","9":"product_tag-kein-spielzeug-nicht-geeignet-fuer-kinder-unter-14-jahren","10":"product_tag-warn-und-sicherheitshinweise-modellbauartikel","12":"first","13":"instock","14":"taxable","15":"shipping-taxable","16":"purchasable","17":"product-type-simple"},"jetpack_sharing_enabled":true,"_links":{"self":[{"href":"https:\/\/www.mg-modelleisenbahnbau.de\/startseite-2\/wp-json\/wp\/v2\/product\/10358","targetHints":{"allow":["GET"]}}],"collection":[{"href":"https:\/\/www.mg-modelleisenbahnbau.de\/startseite-2\/wp-json\/wp\/v2\/product"}],"about":[{"href":"https:\/\/www.mg-modelleisenbahnbau.de\/startseite-2\/wp-json\/wp\/v2\/types\/product"}],"replies":[{"embeddable":true,"href":"https:\/\/www.mg-modelleisenbahnbau.de\/startseite-2\/wp-json\/wp\/v2\/comments?post=10358"}],"wp:featuredmedia":[{"embeddable":true,"href":"https:\/\/www.mg-modelleisenbahnbau.de\/startseite-2\/wp-json\/wp\/v2\/media\/10359"}],"wp:attachment":[{"href":"https:\/\/www.mg-modelleisenbahnbau.de\/startseite-2\/wp-json\/wp\/v2\/media?parent=10358"}],"wp:term":[{"taxonomy":"product_brand","embeddable":true,"href":"https:\/\/www.mg-modelleisenbahnbau.de\/startseite-2\/wp-json\/wp\/v2\/product_brand?post=10358"},{"taxonomy":"product_cat","embeddable":true,"href":"https:\/\/www.mg-modelleisenbahnbau.de\/startseite-2\/wp-json\/wp\/v2\/product_cat?post=10358"},{"taxonomy":"product_tag","embeddable":true,"href":"https:\/\/www.mg-modelleisenbahnbau.de\/startseite-2\/wp-json\/wp\/v2\/product_tag?post=10358"}],"curies":[{"name":"wp","href":"https:\/\/api.w.org\/{rel}","templated":true}]}}