{"id":10356,"date":"2025-01-29T10:05:54","date_gmt":"2025-01-29T09:05:54","guid":{"rendered":"https:\/\/www.mg-modelleisenbahnbau.de\/startseite-2\/?post_type=product&#038;p=10356"},"modified":"2025-06-30T09:03:50","modified_gmt":"2025-06-30T07:03:50","slug":"8446-antriebseinheit-fuer-art-8445","status":"publish","type":"product","link":"https:\/\/www.mg-modelleisenbahnbau.de\/startseite-2\/produkt\/8446-antriebseinheit-fuer-art-8445\/","title":{"rendered":"8446 Antriebseinheit f\u00fcr Art. 8445"},"content":{"rendered":"<div class=\"offcanvas-body\">\n<div class=\"product-detail-description tab-pane-container\">\n<h2 class=\"product-detail-description-title\">Produktinformationen &#8222;Antriebseinheit f\u00fcr Art. 8445 &#8222;<\/h2>\n<div class=\"product-detail-description-text\">Kraftvoller, ger\u00e4uscharmer Antrieb f\u00fcr die Motorisierung der handbet\u00e4tigten 2\/3-Wege Abzweigung (Art. 8445). Mit einem starken 10 mm Motor und Planetengetriebe gew\u00e4hrleistet er sichere Stellbewegungen. Durch das Umstecken der variablen Endanschl\u00e4ge l\u00e4sst sich ein Links-, Rechts- oder 3-Wege-Abzweig flexibel erzeugen. Die kompakte Elektronik ist im Geh\u00e4use integriert. Die Steuerung erfolgt manuell, \u00fcber Taster\/Schalter oder den InduktivCharger (Art. 8408), was digitale Steuerung erm\u00f6glicht. Die Antriebseinheit kann, wie die Fahrzeuge, komfortabel im CarManager konfiguriert werden.<\/div>\n<hr \/>\n<h2 class=\"product-detail-description-title\">Warn- und Sicherheitshinweise<\/h2>\n<p><strong>Modellbauartikel, kein Spielzeug!<\/strong> Nicht geeignet f\u00fcr Kinder unter 14 Jahren!<\/p>\n<\/div>\n<\/div>\n","protected":false},"excerpt":{"rendered":"<p>Produktinformationen &#8222;Antriebseinheit f\u00fcr Art. 8445 &#8222; Kraftvoller, ger\u00e4uscharmer Antrieb f\u00fcr die Motorisierung der handbet\u00e4tigten 2\/3-Wege Abzweigung (Art. 8445). Mit einem starken 10 mm Motor und Planetengetriebe gew\u00e4hrleistet er sichere Stellbewegungen. Durch das Umstecken der variablen Endanschl\u00e4ge l\u00e4sst sich ein Links-, Rechts- oder 3-Wege-Abzweig flexibel erzeugen. Die kompakte Elektronik ist im Geh\u00e4use integriert. Die Steuerung erfolgt&#8230;<\/p>\n","protected":false},"featured_media":10357,"comment_status":"open","ping_status":"closed","template":"","meta":[],"product_brand":[],"product_cat":[272,38,37],"product_tag":[292,291],"class_list":{"0":"post-10356","1":"product","2":"type-product","3":"status-publish","4":"has-post-thumbnail","6":"product_cat-h0-carmotion","7":"product_cat-unkategorisiert","8":"product_cat-viessmann","9":"product_tag-kein-spielzeug-nicht-geeignet-fuer-kinder-unter-14-jahren","10":"product_tag-warn-und-sicherheitshinweise-modellbauartikel","12":"first","13":"outofstock","14":"taxable","15":"shipping-taxable","16":"purchasable","17":"product-type-simple"},"jetpack_sharing_enabled":true,"_links":{"self":[{"href":"https:\/\/www.mg-modelleisenbahnbau.de\/startseite-2\/wp-json\/wp\/v2\/product\/10356","targetHints":{"allow":["GET"]}}],"collection":[{"href":"https:\/\/www.mg-modelleisenbahnbau.de\/startseite-2\/wp-json\/wp\/v2\/product"}],"about":[{"href":"https:\/\/www.mg-modelleisenbahnbau.de\/startseite-2\/wp-json\/wp\/v2\/types\/product"}],"replies":[{"embeddable":true,"href":"https:\/\/www.mg-modelleisenbahnbau.de\/startseite-2\/wp-json\/wp\/v2\/comments?post=10356"}],"wp:featuredmedia":[{"embeddable":true,"href":"https:\/\/www.mg-modelleisenbahnbau.de\/startseite-2\/wp-json\/wp\/v2\/media\/10357"}],"wp:attachment":[{"href":"https:\/\/www.mg-modelleisenbahnbau.de\/startseite-2\/wp-json\/wp\/v2\/media?parent=10356"}],"wp:term":[{"taxonomy":"product_brand","embeddable":true,"href":"https:\/\/www.mg-modelleisenbahnbau.de\/startseite-2\/wp-json\/wp\/v2\/product_brand?post=10356"},{"taxonomy":"product_cat","embeddable":true,"href":"https:\/\/www.mg-modelleisenbahnbau.de\/startseite-2\/wp-json\/wp\/v2\/product_cat?post=10356"},{"taxonomy":"product_tag","embeddable":true,"href":"https:\/\/www.mg-modelleisenbahnbau.de\/startseite-2\/wp-json\/wp\/v2\/product_tag?post=10356"}],"curies":[{"name":"wp","href":"https:\/\/api.w.org\/{rel}","templated":true}]}}