{"id":10352,"date":"2025-01-29T09:59:47","date_gmt":"2025-01-29T08:59:47","guid":{"rendered":"https:\/\/www.mg-modelleisenbahnbau.de\/startseite-2\/?post_type=product&#038;p=10352"},"modified":"2026-02-12T13:11:22","modified_gmt":"2026-02-12T12:11:22","slug":"8448-motorischer-2-3-wege-abzweig","status":"publish","type":"product","link":"https:\/\/www.mg-modelleisenbahnbau.de\/startseite-2\/produkt\/8448-motorischer-2-3-wege-abzweig\/","title":{"rendered":"8448 Motorischer 2\/3 Wege Abzweig"},"content":{"rendered":"<div class=\"offcanvas-body\">\n<div class=\"product-detail-description tab-pane-container\">\n<h2 class=\"product-detail-description-title\">Produktinformationen &#8222;Motorischer 2\/3 Wege Abzweig &#8222;<\/h2>\n<div class=\"product-detail-description-text\">Diese Abzweigung ist mit einem leistungsstarken und ger\u00e4uscharmen Antrieb mit sicherer Stellbewegung durch einen kraftvollen 10 mm Motor mit Planetengetriebe ausgestattet. Durch Umstecken der variablen Endanschl\u00e4ge kann wahlweise ein Links-, Rechts- oder 3-Wege-Abzweig erzeugt werden. Die Elektronik ist kompakt im Geh\u00e4use untergebracht. Der Abzweig kann manuell, \u00fcber Taster\/Schalter oder den InduktivCharger Art. 8408 angesteuert werden und ist somit auch digital steuerbar. Der Abzweig kann, wie die Fahrzeuge, komfortabel im CarManager konfiguriert werden.<\/div>\n<hr \/>\n<h2 class=\"product-detail-description-title\">Warn- und Sicherheitshinweise<\/h2>\n<p><strong>Modellbauartikel, kein Spielzeug!<\/strong> Nicht geeignet f\u00fcr Kinder unter 14 Jahren!<\/p>\n<\/div>\n<\/div>\n","protected":false},"excerpt":{"rendered":"<p>Produktinformationen &#8222;Motorischer 2\/3 Wege Abzweig &#8222; Diese Abzweigung ist mit einem leistungsstarken und ger\u00e4uscharmen Antrieb mit sicherer Stellbewegung durch einen kraftvollen 10 mm Motor mit Planetengetriebe ausgestattet. Durch Umstecken der variablen Endanschl\u00e4ge kann wahlweise ein Links-, Rechts- oder 3-Wege-Abzweig erzeugt werden. Die Elektronik ist kompakt im Geh\u00e4use untergebracht. Der Abzweig kann manuell, \u00fcber Taster\/Schalter oder&#8230;<\/p>\n","protected":false},"featured_media":10353,"comment_status":"open","ping_status":"closed","template":"","meta":[],"product_brand":[],"product_cat":[272,38,37],"product_tag":[292,291],"class_list":{"0":"post-10352","1":"product","2":"type-product","3":"status-publish","4":"has-post-thumbnail","6":"product_cat-h0-carmotion","7":"product_cat-unkategorisiert","8":"product_cat-viessmann","9":"product_tag-kein-spielzeug-nicht-geeignet-fuer-kinder-unter-14-jahren","10":"product_tag-warn-und-sicherheitshinweise-modellbauartikel","12":"first","13":"instock","14":"taxable","15":"shipping-taxable","16":"purchasable","17":"product-type-simple"},"jetpack_sharing_enabled":true,"_links":{"self":[{"href":"https:\/\/www.mg-modelleisenbahnbau.de\/startseite-2\/wp-json\/wp\/v2\/product\/10352","targetHints":{"allow":["GET"]}}],"collection":[{"href":"https:\/\/www.mg-modelleisenbahnbau.de\/startseite-2\/wp-json\/wp\/v2\/product"}],"about":[{"href":"https:\/\/www.mg-modelleisenbahnbau.de\/startseite-2\/wp-json\/wp\/v2\/types\/product"}],"replies":[{"embeddable":true,"href":"https:\/\/www.mg-modelleisenbahnbau.de\/startseite-2\/wp-json\/wp\/v2\/comments?post=10352"}],"wp:featuredmedia":[{"embeddable":true,"href":"https:\/\/www.mg-modelleisenbahnbau.de\/startseite-2\/wp-json\/wp\/v2\/media\/10353"}],"wp:attachment":[{"href":"https:\/\/www.mg-modelleisenbahnbau.de\/startseite-2\/wp-json\/wp\/v2\/media?parent=10352"}],"wp:term":[{"taxonomy":"product_brand","embeddable":true,"href":"https:\/\/www.mg-modelleisenbahnbau.de\/startseite-2\/wp-json\/wp\/v2\/product_brand?post=10352"},{"taxonomy":"product_cat","embeddable":true,"href":"https:\/\/www.mg-modelleisenbahnbau.de\/startseite-2\/wp-json\/wp\/v2\/product_cat?post=10352"},{"taxonomy":"product_tag","embeddable":true,"href":"https:\/\/www.mg-modelleisenbahnbau.de\/startseite-2\/wp-json\/wp\/v2\/product_tag?post=10352"}],"curies":[{"name":"wp","href":"https:\/\/api.w.org\/{rel}","templated":true}]}}