{"id":10337,"date":"2025-01-28T21:36:46","date_gmt":"2025-01-28T20:36:46","guid":{"rendered":"https:\/\/www.mg-modelleisenbahnbau.de\/startseite-2\/?post_type=product&#038;p=10337"},"modified":"2025-06-30T08:48:26","modified_gmt":"2025-06-30T06:48:26","slug":"8419-h0-akku-fuer-mb-rundhauber-und-magirus-eckhauber","status":"publish","type":"product","link":"https:\/\/www.mg-modelleisenbahnbau.de\/startseite-2\/produkt\/8419-h0-akku-fuer-mb-rundhauber-und-magirus-eckhauber\/","title":{"rendered":"8419 H0 Akku f\u00fcr MB Rundhauber und MAGIRUS Eckhauber"},"content":{"rendered":"<div class=\"offcanvas-body\">\n<div class=\"product-detail-description tab-pane-container\">\n<h2 class=\"product-detail-description-title\">Produktinformationen &#8222;H0 Akku f\u00fcr MB Rundhauber und MAGIRUS Eckhauber &#8222;<\/h2>\n<div class=\"product-detail-description-text\">Leichte, leistungsstarke und kompakte LiPo-Pouch-Zelle mit eingebauter Schutzelektronik gegen \u00dcberladung, Tiefentladung und \u00dcberstrom (kurzschlussfest). Ersatzteil f\u00fcr Fahrzeuge vom Typ MB Rundhauber und MAGIRUS Eckhauber.<br \/>\nNennspannung 3,7 V, Kapazit\u00e4t 120 mAh, maximaler Lade- und Entladestrom: 2C (240 mA).<br \/>\nL 24 x B 12 x H 7,5 mm<\/div>\n<hr \/>\n<h2 class=\"product-detail-description-title\">Warn- und Sicherheitshinweise<\/h2>\n<p><strong>Modellbauartikel, kein Spielzeug!<\/strong> Nicht geeignet f\u00fcr Kinder unter 14 Jahren!<\/p>\n<\/div>\n<\/div>\n","protected":false},"excerpt":{"rendered":"<p>Produktinformationen &#8222;H0 Akku f\u00fcr MB Rundhauber und MAGIRUS Eckhauber &#8222; Leichte, leistungsstarke und kompakte LiPo-Pouch-Zelle mit eingebauter Schutzelektronik gegen \u00dcberladung, Tiefentladung und \u00dcberstrom (kurzschlussfest). Ersatzteil f\u00fcr Fahrzeuge vom Typ MB Rundhauber und MAGIRUS Eckhauber. Nennspannung 3,7 V, Kapazit\u00e4t 120 mAh, maximaler Lade- und Entladestrom: 2C (240 mA). L 24 x B 12 x H 7,5&#8230;<\/p>\n","protected":false},"featured_media":10338,"comment_status":"open","ping_status":"closed","template":"","meta":[],"product_brand":[],"product_cat":[272,38,37],"product_tag":[292,291],"class_list":{"0":"post-10337","1":"product","2":"type-product","3":"status-publish","4":"has-post-thumbnail","6":"product_cat-h0-carmotion","7":"product_cat-unkategorisiert","8":"product_cat-viessmann","9":"product_tag-kein-spielzeug-nicht-geeignet-fuer-kinder-unter-14-jahren","10":"product_tag-warn-und-sicherheitshinweise-modellbauartikel","12":"first","13":"instock","14":"taxable","15":"shipping-taxable","16":"purchasable","17":"product-type-simple"},"jetpack_sharing_enabled":true,"_links":{"self":[{"href":"https:\/\/www.mg-modelleisenbahnbau.de\/startseite-2\/wp-json\/wp\/v2\/product\/10337","targetHints":{"allow":["GET"]}}],"collection":[{"href":"https:\/\/www.mg-modelleisenbahnbau.de\/startseite-2\/wp-json\/wp\/v2\/product"}],"about":[{"href":"https:\/\/www.mg-modelleisenbahnbau.de\/startseite-2\/wp-json\/wp\/v2\/types\/product"}],"replies":[{"embeddable":true,"href":"https:\/\/www.mg-modelleisenbahnbau.de\/startseite-2\/wp-json\/wp\/v2\/comments?post=10337"}],"wp:featuredmedia":[{"embeddable":true,"href":"https:\/\/www.mg-modelleisenbahnbau.de\/startseite-2\/wp-json\/wp\/v2\/media\/10338"}],"wp:attachment":[{"href":"https:\/\/www.mg-modelleisenbahnbau.de\/startseite-2\/wp-json\/wp\/v2\/media?parent=10337"}],"wp:term":[{"taxonomy":"product_brand","embeddable":true,"href":"https:\/\/www.mg-modelleisenbahnbau.de\/startseite-2\/wp-json\/wp\/v2\/product_brand?post=10337"},{"taxonomy":"product_cat","embeddable":true,"href":"https:\/\/www.mg-modelleisenbahnbau.de\/startseite-2\/wp-json\/wp\/v2\/product_cat?post=10337"},{"taxonomy":"product_tag","embeddable":true,"href":"https:\/\/www.mg-modelleisenbahnbau.de\/startseite-2\/wp-json\/wp\/v2\/product_tag?post=10337"}],"curies":[{"name":"wp","href":"https:\/\/api.w.org\/{rel}","templated":true}]}}