{"id":10335,"date":"2025-01-28T21:34:37","date_gmt":"2025-01-28T20:34:37","guid":{"rendered":"https:\/\/www.mg-modelleisenbahnbau.de\/startseite-2\/?post_type=product&#038;p=10335"},"modified":"2025-06-30T08:48:26","modified_gmt":"2025-06-30T06:48:26","slug":"8418-h0-akku-fuer-mb-actros-fahrzeuge-2-stueck","status":"publish","type":"product","link":"https:\/\/www.mg-modelleisenbahnbau.de\/startseite-2\/produkt\/8418-h0-akku-fuer-mb-actros-fahrzeuge-2-stueck\/","title":{"rendered":"8418 H0 Akku f\u00fcr MB ACTROS Fahrzeuge, 2 St\u00fcck"},"content":{"rendered":"<div class=\"offcanvas-body\">\n<div class=\"product-detail-description tab-pane-container\">\n<h2 class=\"product-detail-description-title\">Produktinformationen &#8222;H0 Akku f\u00fcr MB ACTROS Fahrzeuge, 2 St\u00fcck &#8222;<\/h2>\n<div class=\"product-detail-description-text\">Leichte, leistungsstarke und kompakte LiPo-Pouch-Zellen mit eingebauter Schutzelektronik gegen \u00dcberladung, Tiefentladung und \u00dcberstrom (kurzschlussfest). Ersatzteil f\u00fcr Fahrzeuge vom Typ MB Actros, wobei die Zellen parallel geschaltet betrieben werden.<br \/>\nNennspannung 3,7 V, Kapazit\u00e4t jeweils 60 mAh, maximaler Lade- und Entladestrom: 2C (120 mA).<br \/>\nL 22 x B 12 x H 4,5 mm<\/div>\n<hr \/>\n<h2 class=\"product-detail-description-title\">Warn- und Sicherheitshinweise<\/h2>\n<p><strong>Modellbauartikel, kein Spielzeug!<\/strong> Nicht geeignet f\u00fcr Kinder unter 14 Jahren!<\/p>\n<\/div>\n<\/div>\n","protected":false},"excerpt":{"rendered":"<p>Produktinformationen &#8222;H0 Akku f\u00fcr MB ACTROS Fahrzeuge, 2 St\u00fcck &#8222; Leichte, leistungsstarke und kompakte LiPo-Pouch-Zellen mit eingebauter Schutzelektronik gegen \u00dcberladung, Tiefentladung und \u00dcberstrom (kurzschlussfest). Ersatzteil f\u00fcr Fahrzeuge vom Typ MB Actros, wobei die Zellen parallel geschaltet betrieben werden. Nennspannung 3,7 V, Kapazit\u00e4t jeweils 60 mAh, maximaler Lade- und Entladestrom: 2C (120 mA). L 22 x&#8230;<\/p>\n","protected":false},"featured_media":10336,"comment_status":"open","ping_status":"closed","template":"","meta":[],"product_brand":[],"product_cat":[272,38,37],"product_tag":[292,291],"class_list":{"0":"post-10335","1":"product","2":"type-product","3":"status-publish","4":"has-post-thumbnail","6":"product_cat-h0-carmotion","7":"product_cat-unkategorisiert","8":"product_cat-viessmann","9":"product_tag-kein-spielzeug-nicht-geeignet-fuer-kinder-unter-14-jahren","10":"product_tag-warn-und-sicherheitshinweise-modellbauartikel","12":"first","13":"instock","14":"taxable","15":"shipping-taxable","16":"purchasable","17":"product-type-simple"},"jetpack_sharing_enabled":true,"_links":{"self":[{"href":"https:\/\/www.mg-modelleisenbahnbau.de\/startseite-2\/wp-json\/wp\/v2\/product\/10335","targetHints":{"allow":["GET"]}}],"collection":[{"href":"https:\/\/www.mg-modelleisenbahnbau.de\/startseite-2\/wp-json\/wp\/v2\/product"}],"about":[{"href":"https:\/\/www.mg-modelleisenbahnbau.de\/startseite-2\/wp-json\/wp\/v2\/types\/product"}],"replies":[{"embeddable":true,"href":"https:\/\/www.mg-modelleisenbahnbau.de\/startseite-2\/wp-json\/wp\/v2\/comments?post=10335"}],"wp:featuredmedia":[{"embeddable":true,"href":"https:\/\/www.mg-modelleisenbahnbau.de\/startseite-2\/wp-json\/wp\/v2\/media\/10336"}],"wp:attachment":[{"href":"https:\/\/www.mg-modelleisenbahnbau.de\/startseite-2\/wp-json\/wp\/v2\/media?parent=10335"}],"wp:term":[{"taxonomy":"product_brand","embeddable":true,"href":"https:\/\/www.mg-modelleisenbahnbau.de\/startseite-2\/wp-json\/wp\/v2\/product_brand?post=10335"},{"taxonomy":"product_cat","embeddable":true,"href":"https:\/\/www.mg-modelleisenbahnbau.de\/startseite-2\/wp-json\/wp\/v2\/product_cat?post=10335"},{"taxonomy":"product_tag","embeddable":true,"href":"https:\/\/www.mg-modelleisenbahnbau.de\/startseite-2\/wp-json\/wp\/v2\/product_tag?post=10335"}],"curies":[{"name":"wp","href":"https:\/\/api.w.org\/{rel}","templated":true}]}}