{"id":10331,"date":"2025-01-28T21:26:07","date_gmt":"2025-01-28T20:26:07","guid":{"rendered":"https:\/\/www.mg-modelleisenbahnbau.de\/startseite-2\/?post_type=product&#038;p=10331"},"modified":"2026-04-01T18:41:07","modified_gmt":"2026-04-01T16:41:07","slug":"8225-h0-3-achs-containeranhaenger-kommunalorange-funktionsmodell","status":"publish","type":"product","link":"https:\/\/www.mg-modelleisenbahnbau.de\/startseite-2\/produkt\/8225-h0-3-achs-containeranhaenger-kommunalorange-funktionsmodell\/","title":{"rendered":"8225 H0 3-achs Containeranh\u00e4nger, kommunalorange, Funktionsmodell"},"content":{"rendered":"<div class=\"offcanvas-body\">\n<div class=\"product-detail-description tab-pane-container\">\n<h2 class=\"product-detail-description-title\">Produktinformationen &#8222;H0 3-achs Containeranh\u00e4nger, kommunalorange, Funktionsmodell&#8220;<\/h2>\n<div class=\"product-detail-description-text\">Der Anh\u00e4nger mit r\u00fcckw\u00e4rtiger Beleuchtung verf\u00fcgt \u00fcber eine 5-polige Steckkupplung, um eine Verbindung zum jeweiligen Fahrzeug herzustellen. Durch den Anschluss an die Zugmaschine werden folgende Funktionen \u00fcbertragen:<br \/>\n\u2022 Infrarot-Sender f\u00fcr Abstandssteuerung<br \/>\n\u2022 Bremslichter und R\u00fcckfahrscheinwerfer<br \/>\n\u2022 Blinker rechts\/links und Warnblinker steuerbar<br \/>\nL 12,3 x B 3 x H 3,6 cm<\/div>\n<hr \/>\n<h2 class=\"product-detail-description-title\">Warn- und Sicherheitshinweise<\/h2>\n<p><strong>Modellbauartikel, kein Spielzeug!<\/strong> Nicht geeignet f\u00fcr Kinder unter 14 Jahren!<\/p>\n<\/div>\n<\/div>\n","protected":false},"excerpt":{"rendered":"<p>Produktinformationen &#8222;H0 3-achs Containeranh\u00e4nger, kommunalorange, Funktionsmodell&#8220; Der Anh\u00e4nger mit r\u00fcckw\u00e4rtiger Beleuchtung verf\u00fcgt \u00fcber eine 5-polige Steckkupplung, um eine Verbindung zum jeweiligen Fahrzeug herzustellen. Durch den Anschluss an die Zugmaschine werden folgende Funktionen \u00fcbertragen: \u2022 Infrarot-Sender f\u00fcr Abstandssteuerung \u2022 Bremslichter und R\u00fcckfahrscheinwerfer \u2022 Blinker rechts\/links und Warnblinker steuerbar L 12,3 x B 3 x H 3,6&#8230;<\/p>\n","protected":false},"featured_media":10332,"comment_status":"open","ping_status":"closed","template":"","meta":[],"product_brand":[],"product_cat":[272,38,37],"product_tag":[292,291],"class_list":{"0":"post-10331","1":"product","2":"type-product","3":"status-publish","4":"has-post-thumbnail","6":"product_cat-h0-carmotion","7":"product_cat-unkategorisiert","8":"product_cat-viessmann","9":"product_tag-kein-spielzeug-nicht-geeignet-fuer-kinder-unter-14-jahren","10":"product_tag-warn-und-sicherheitshinweise-modellbauartikel","12":"first","13":"instock","14":"taxable","15":"shipping-taxable","16":"purchasable","17":"product-type-simple"},"jetpack_sharing_enabled":true,"_links":{"self":[{"href":"https:\/\/www.mg-modelleisenbahnbau.de\/startseite-2\/wp-json\/wp\/v2\/product\/10331","targetHints":{"allow":["GET"]}}],"collection":[{"href":"https:\/\/www.mg-modelleisenbahnbau.de\/startseite-2\/wp-json\/wp\/v2\/product"}],"about":[{"href":"https:\/\/www.mg-modelleisenbahnbau.de\/startseite-2\/wp-json\/wp\/v2\/types\/product"}],"replies":[{"embeddable":true,"href":"https:\/\/www.mg-modelleisenbahnbau.de\/startseite-2\/wp-json\/wp\/v2\/comments?post=10331"}],"wp:featuredmedia":[{"embeddable":true,"href":"https:\/\/www.mg-modelleisenbahnbau.de\/startseite-2\/wp-json\/wp\/v2\/media\/10332"}],"wp:attachment":[{"href":"https:\/\/www.mg-modelleisenbahnbau.de\/startseite-2\/wp-json\/wp\/v2\/media?parent=10331"}],"wp:term":[{"taxonomy":"product_brand","embeddable":true,"href":"https:\/\/www.mg-modelleisenbahnbau.de\/startseite-2\/wp-json\/wp\/v2\/product_brand?post=10331"},{"taxonomy":"product_cat","embeddable":true,"href":"https:\/\/www.mg-modelleisenbahnbau.de\/startseite-2\/wp-json\/wp\/v2\/product_cat?post=10331"},{"taxonomy":"product_tag","embeddable":true,"href":"https:\/\/www.mg-modelleisenbahnbau.de\/startseite-2\/wp-json\/wp\/v2\/product_tag?post=10331"}],"curies":[{"name":"wp","href":"https:\/\/api.w.org\/{rel}","templated":true}]}}