{"id":1032,"date":"2018-10-16T13:19:50","date_gmt":"2018-10-16T11:19:50","guid":{"rendered":"http:\/\/www.mg-modelleisenbahnbau.de\/?post_type=product&#038;p=1032"},"modified":"2025-06-30T00:54:20","modified_gmt":"2025-06-29T22:54:20","slug":"6362-h0-bahnhofsleuchte-wallau-led-weiss-ersetzt-63622","status":"publish","type":"product","link":"https:\/\/www.mg-modelleisenbahnbau.de\/startseite-2\/produkt\/6362-h0-bahnhofsleuchte-wallau-led-weiss-ersetzt-63622\/","title":{"rendered":"6362 H0 Bahnhofsleuchte Wallau, LED wei\u00df ersetzt 63622"},"content":{"rendered":"<p>Produktinformationen &#8222;H0 Bahnhofsleuchte Wallau, LED wei\u00df ersetzt 63622&#8220;<br \/>\nMit Patentsteckfu\u00df f\u00fcr eine besonders einfache Montage. Wartungsfrei dank LED-Beleuchtung. Das Vorbild dieser Leuchte steht u. a. im nordhessischen Wallau. Diese Bahnhofsleuchte mit dem feinen Messingmast und dem Schirm einer Peitschenleuchte eignet sich zur Beleuchtung von Bahnsteigen und den \u00fcbrigen Bahnanlagen ab der sp\u00e4ten Epoche III. H\u00f6he: 123 mm. TIPP: Das Powermodul Art. 5215 sorgt f\u00fcr flackerfreies Licht beim Betrieb mit Wechselstrom und erzeugt nahezu doppelte Helligkeit.<\/p>\n","protected":false},"excerpt":{"rendered":"<p>Produktinformationen &#8222;H0 Bahnhofsleuchte Wallau, LED wei\u00df ersetzt 63622&#8220; Mit Patentsteckfu\u00df f\u00fcr eine besonders einfache Montage. Wartungsfrei dank LED-Beleuchtung. Das Vorbild dieser Leuchte steht u. a. im nordhessischen Wallau. Diese Bahnhofsleuchte mit dem feinen Messingmast und dem Schirm einer Peitschenleuchte eignet sich zur Beleuchtung von Bahnsteigen und den \u00fcbrigen Bahnanlagen ab der sp\u00e4ten Epoche III. H\u00f6he:&#8230;<\/p>\n","protected":false},"featured_media":1033,"comment_status":"open","ping_status":"closed","template":"","meta":[],"product_brand":[],"product_cat":[123,38,37,124],"product_tag":[292,291],"class_list":{"0":"post-1032","1":"product","2":"type-product","3":"status-publish","4":"has-post-thumbnail","6":"product_cat-leuchten-h0","7":"product_cat-unkategorisiert","8":"product_cat-viessmann","9":"product_cat-viessmann-spur-h0","10":"product_tag-kein-spielzeug-nicht-geeignet-fuer-kinder-unter-14-jahren","11":"product_tag-warn-und-sicherheitshinweise-modellbauartikel","13":"first","14":"instock","15":"taxable","16":"shipping-taxable","17":"purchasable","18":"product-type-simple"},"jetpack_sharing_enabled":true,"_links":{"self":[{"href":"https:\/\/www.mg-modelleisenbahnbau.de\/startseite-2\/wp-json\/wp\/v2\/product\/1032","targetHints":{"allow":["GET"]}}],"collection":[{"href":"https:\/\/www.mg-modelleisenbahnbau.de\/startseite-2\/wp-json\/wp\/v2\/product"}],"about":[{"href":"https:\/\/www.mg-modelleisenbahnbau.de\/startseite-2\/wp-json\/wp\/v2\/types\/product"}],"replies":[{"embeddable":true,"href":"https:\/\/www.mg-modelleisenbahnbau.de\/startseite-2\/wp-json\/wp\/v2\/comments?post=1032"}],"wp:featuredmedia":[{"embeddable":true,"href":"https:\/\/www.mg-modelleisenbahnbau.de\/startseite-2\/wp-json\/wp\/v2\/media\/1033"}],"wp:attachment":[{"href":"https:\/\/www.mg-modelleisenbahnbau.de\/startseite-2\/wp-json\/wp\/v2\/media?parent=1032"}],"wp:term":[{"taxonomy":"product_brand","embeddable":true,"href":"https:\/\/www.mg-modelleisenbahnbau.de\/startseite-2\/wp-json\/wp\/v2\/product_brand?post=1032"},{"taxonomy":"product_cat","embeddable":true,"href":"https:\/\/www.mg-modelleisenbahnbau.de\/startseite-2\/wp-json\/wp\/v2\/product_cat?post=1032"},{"taxonomy":"product_tag","embeddable":true,"href":"https:\/\/www.mg-modelleisenbahnbau.de\/startseite-2\/wp-json\/wp\/v2\/product_tag?post=1032"}],"curies":[{"name":"wp","href":"https:\/\/api.w.org\/{rel}","templated":true}]}}