{"id":10317,"date":"2025-01-28T21:02:50","date_gmt":"2025-01-28T20:02:50","guid":{"rendered":"https:\/\/www.mg-modelleisenbahnbau.de\/startseite-2\/?post_type=product&#038;p=10317"},"modified":"2025-12-18T12:01:37","modified_gmt":"2025-12-18T11:01:37","slug":"8135-h0-magirus-deutz-2-achs-eckhauber-mit-baggeraufbau-basis-funktionsmodell","status":"publish","type":"product","link":"https:\/\/www.mg-modelleisenbahnbau.de\/startseite-2\/produkt\/8135-h0-magirus-deutz-2-achs-eckhauber-mit-baggeraufbau-basis-funktionsmodell\/","title":{"rendered":"8135 H0 MAGIRUS DEUTZ 2-achs Eckhauber mit Baggeraufbau Basis, Funktionsmodell"},"content":{"rendered":"<div class=\"cms-block  pos-2 cms-block-product-description-reviews\">\n<div class=\"cms-block-container\">\n<div class=\"cms-block-container-row row cms-row \">\n<div class=\"col-12\" data-cms-element-id=\"018ea2f7b0417107beea3a9d027abcfb\">\n<div class=\"product-detail-tabs cms-element-product-description-reviews\">\n<div class=\"card card-tabs \">\n<div class=\"product-detail-tabs-content card-body\">\n<div class=\"tab-content\">\n<div id=\"description-tab-e496eea9b1b147afa035b3ebc4ff36b6-pane\" class=\"tab-pane fade show active\" role=\"tabpanel\" aria-labelledby=\"description-tab-e496eea9b1b147afa035b3ebc4ff36b6\">\n<div class=\"offcanvas-body\">\n<div class=\"product-detail-description tab-pane-container\">\n<h2 class=\"product-detail-description-title\">Produktinformationen &#8222;H0 MAGIRUS DEUTZ 2-achs Eckhauber mit Baggeraufbau Basis, Funktionsmodell&#8220;<\/h2>\n<div class=\"product-detail-description-text\">Wie alle Modelle der CarMotion-Serie verf\u00fcgt das Fahrzeug \u00fcber folgende Funktionen:<br \/>\n&#8211; Lade- und Programmieranschluss<br \/>\n&#8211; Kurze Ladezeiten durch moderne Li-Po Akkus<br \/>\n&#8211; Mit einer Akkuladung ist bei normalem Fahrbetrieb mit Wartezeiten und verschiedenen Geschwindigkeiten eine Laufzeit von ca. 4 \u2013 6 Stunden, bei H\u00f6chstgeschwindigkeit von ca. 2 Stunden m\u00f6glich<br \/>\n&#8211; Einfaches Ein-\/Ausschalten mit Hilfe eines Reedkontakts unter dem Dach der Fahrerkabine mit Magnetstift oder Teleskop-Magnetstab Art. 8410<br \/>\n&#8211; Infrarot-Sender\/-Empf\u00e4nger f\u00fcr Abstandssteuerung (nur bedingt mit anderen IR-Systemen kompatibel)<br \/>\n&#8211; Realistische Brems- bzw. Beschleunigungsvorg\u00e4nge und konfigurierbarer Geschwindigkeit durch drehzahlgeregelten Motor<br \/>\n&#8211; Freie Ladefl\u00e4che durch Unterflurantrieb<br \/>\n&#8211; Kabinenbeleuchtung<br \/>\n&#8211; Bremslichter und R\u00fcckfahrscheinwerfer<br \/>\n&#8211; Blinker rechts\/links und Warnblinker steuerbar<br \/>\n&#8211; Abblendlicht \/ Fernlicht<br \/>\n&#8211; Dachblinker (abh\u00e4ngig vom Fahrzeugtyp)<br \/>\n&#8211; Einsehbare Fahrerkabine mit Figur<br \/>\n&#8211; 5-polige Steckkupplung zum Anschluss von CarMotion Anh\u00e4ngern oder Aufliegern<br \/>\n&#8211; Kompatibel zu vorhandenen Systemen mit Fahrdraht oder Magnetband<br \/>\n&#8211; Steuerung \u00fcber Infrarot-Signale, Dauermagnete Art. 8431 in der Stra\u00dfe, elektromagnetische Stopp-Spulen und Fernbedienung Art. 8402<br \/>\n&#8211; Selbst ohne Spurhilfen ist eine kurze geradlinige R\u00fcckw\u00e4rtsfahrt mittels Steuerung \u00fcber die Fernbedienung m\u00f6glich<br \/>\nVorbilddaten: MAGIRUS Deutz 230 D 16, 169 kW \/ 230 PS mit Baggeraufbau FUCHS F301 H.<br \/>\n1965 wurden einige F301 mit einer hydraulischen Baggereinrichtung der Firma Schaeff in Langenburg ausger\u00fcstet, was bei der Kundschaft sehr gut ankam! In die Grundmaschine, die im Wesentlichen dem F301 entspricht, wurden eine Hydraulikanlage und ein etwas st\u00e4rkerer Motor eingebaut. Ein 700 mm breiter L\u00f6ffel und ein 570 mm breiter Greifer standen zur Verf\u00fcgung.<br \/>\nPassendes Nachr\u00fcst-Set Sound: Art. 8450<br \/>\nL 8,1 x B 3,3 x H 3,6 \u2013 6,4 cm<\/div>\n<hr \/>\n<h2 class=\"product-detail-description-title\">Warn- und Sicherheitshinweise<\/h2>\n<p><strong>Modellbauartikel, kein Spielzeug!<\/strong> Nicht geeignet f\u00fcr Kinder unter 14 Jahren!<\/p>\n<\/div>\n<\/div>\n<\/div>\n<\/div>\n<\/div>\n<\/div>\n<\/div>\n<div class=\"lenz-clp-bottom\"><\/div>\n<\/div>\n<\/div>\n<\/div>\n<\/div>\n<div class=\"cms-block  pos-3 cms-block-cross-selling\">\n<div class=\"cms-block-container\">\n<div class=\"cms-block-container-row row cms-row \">\n<div class=\"col-12\" data-cms-element-id=\"018ea2f7b0417107beea3a9d03386a16\"><\/div>\n<div class=\"col-12 acris-suggested-products\" data-cms-element-id=\"018ea2f7b0417107beea3a9d03386a16\" data-nosnippet=\"\">\n<div class=\"\n                                                                    product-detail-cross-selling\n                \"><\/p>\n<div data-acris-recently-viewed-plugin=\"true\" data-acris-recently-viewed-plugin-options=\"{&quot;id&quot;:&quot;e496eea9b1b147afa035b3ebc4ff36b6&quot;,&quot;url&quot;:&quot;\\\/recently-viewed&quot;,&quot;recentlyViewedItemLimit&quot;:7,&quot;recentlyViewedDuration&quot;:365,&quot;sliderConfig&quot;:{&quot;product&quot;:{&quot;extensions&quot;:[],&quot;name&quot;:&quot;product&quot;,&quot;source&quot;:&quot;mapped&quot;,&quot;value&quot;:&quot;e496eea9b1b147afa035b3ebc4ff36b6&quot;},&quot;boxLayout&quot;:{&quot;extensions&quot;:[],&quot;name&quot;:&quot;boxLayout&quot;,&quot;source&quot;:&quot;static&quot;,&quot;value&quot;:&quot;standard&quot;},&quot;elMinWidth&quot;:{&quot;extensions&quot;:[],&quot;name&quot;:&quot;elMinWidth&quot;,&quot;source&quot;:&quot;static&quot;,&quot;value&quot;:&quot;200px&quot;},&quot;displayMode&quot;:{&quot;extensions&quot;:[],&quot;name&quot;:&quot;displayMode&quot;,&quot;source&quot;:&quot;static&quot;,&quot;value&quot;:&quot;standard&quot;}},&quot;displayModeDesktop&quot;:&quot;tab&quot;,&quot;displayModeTablet&quot;:&quot;tab&quot;,&quot;displayModeMobile&quot;:&quot;among&quot;}\"><\/div>\n<div class=\"card card-tabs\" data-cross-selling=\"true\">\n<div class=\"card-header product-detail-tab-navigation product-cross-selling-tab-navigation\n                \"><\/p>\n<ul id=\"product-detail-cross-selling-tabs\" class=\"nav nav-tabs product-detail-tab-navigation-list\" role=\"tablist\">\n<li id=\"acris-suggested-recentlyViewed\" class=\"nav-item li-acris-suggested-recentlyViewed recentlyViewedIsFirst\" role=\"presentation\"><a id=\"cs-recentlyViewed-tab\" class=\"nav-link product-detail-tab-navigation-link active\" role=\"tab\" href=\"https:\/\/viessmann-modell.com\/spur-h0\/carmotion\/h0-magirus-deutz-2-achs-eckhauber-mit-baggeraufbau-basis-funktionsmodell\/8135#cs-recentlyViewed-tab-pane\" data-bs-toggle=\"tab\" aria-controls=\"cs-recentlyViewed-tab-pane\" aria-selected=\"true\"> Zuletzt angesehen <\/a><\/li>\n<li id=\"acris-suggested-customersAlsoBought\" class=\"nav-item li-acris-suggested-customersAlsoBought\" role=\"presentation\"><a id=\"cs-customersAlsoBought-tab\" class=\"nav-link product-detail-tab-navigation-link\" tabindex=\"-1\" role=\"tab\" href=\"https:\/\/viessmann-modell.com\/spur-h0\/carmotion\/h0-magirus-deutz-2-achs-eckhauber-mit-baggeraufbau-basis-funktionsmodell\/8135#cs-customersAlsoBought-tab-pane\" data-bs-toggle=\"tab\" aria-controls=\"cs-customersAlsoBought-tab-pane\" aria-selected=\"false\"> Kunden kauften auch <\/a><\/li>\n<\/ul>\n<\/div>\n<\/div>\n<\/div>\n<\/div>\n<\/div>\n<\/div>\n<\/div>\n","protected":false},"excerpt":{"rendered":"<p>Produktinformationen &#8222;H0 MAGIRUS DEUTZ 2-achs Eckhauber mit Baggeraufbau Basis, Funktionsmodell&#8220; Wie alle Modelle der CarMotion-Serie verf\u00fcgt das Fahrzeug \u00fcber folgende Funktionen: &#8211; Lade- und Programmieranschluss &#8211; Kurze Ladezeiten durch moderne Li-Po Akkus &#8211; Mit einer Akkuladung ist bei normalem Fahrbetrieb mit Wartezeiten und verschiedenen Geschwindigkeiten eine Laufzeit von ca. 4 \u2013 6 Stunden, bei H\u00f6chstgeschwindigkeit&#8230;<\/p>\n","protected":false},"featured_media":10318,"comment_status":"open","ping_status":"closed","template":"","meta":[],"product_brand":[],"product_cat":[272,38,37],"product_tag":[292,291],"class_list":{"0":"post-10317","1":"product","2":"type-product","3":"status-publish","4":"has-post-thumbnail","6":"product_cat-h0-carmotion","7":"product_cat-unkategorisiert","8":"product_cat-viessmann","9":"product_tag-kein-spielzeug-nicht-geeignet-fuer-kinder-unter-14-jahren","10":"product_tag-warn-und-sicherheitshinweise-modellbauartikel","12":"first","13":"instock","14":"taxable","15":"shipping-taxable","16":"purchasable","17":"product-type-simple"},"jetpack_sharing_enabled":true,"_links":{"self":[{"href":"https:\/\/www.mg-modelleisenbahnbau.de\/startseite-2\/wp-json\/wp\/v2\/product\/10317","targetHints":{"allow":["GET"]}}],"collection":[{"href":"https:\/\/www.mg-modelleisenbahnbau.de\/startseite-2\/wp-json\/wp\/v2\/product"}],"about":[{"href":"https:\/\/www.mg-modelleisenbahnbau.de\/startseite-2\/wp-json\/wp\/v2\/types\/product"}],"replies":[{"embeddable":true,"href":"https:\/\/www.mg-modelleisenbahnbau.de\/startseite-2\/wp-json\/wp\/v2\/comments?post=10317"}],"wp:featuredmedia":[{"embeddable":true,"href":"https:\/\/www.mg-modelleisenbahnbau.de\/startseite-2\/wp-json\/wp\/v2\/media\/10318"}],"wp:attachment":[{"href":"https:\/\/www.mg-modelleisenbahnbau.de\/startseite-2\/wp-json\/wp\/v2\/media?parent=10317"}],"wp:term":[{"taxonomy":"product_brand","embeddable":true,"href":"https:\/\/www.mg-modelleisenbahnbau.de\/startseite-2\/wp-json\/wp\/v2\/product_brand?post=10317"},{"taxonomy":"product_cat","embeddable":true,"href":"https:\/\/www.mg-modelleisenbahnbau.de\/startseite-2\/wp-json\/wp\/v2\/product_cat?post=10317"},{"taxonomy":"product_tag","embeddable":true,"href":"https:\/\/www.mg-modelleisenbahnbau.de\/startseite-2\/wp-json\/wp\/v2\/product_tag?post=10317"}],"curies":[{"name":"wp","href":"https:\/\/api.w.org\/{rel}","templated":true}]}}