{"id":10289,"date":"2025-01-28T20:48:37","date_gmt":"2025-01-28T19:48:37","guid":{"rendered":"https:\/\/www.mg-modelleisenbahnbau.de\/startseite-2\/?post_type=product&#038;p=10289"},"modified":"2025-11-22T09:59:05","modified_gmt":"2025-11-22T08:59:05","slug":"8152-h0-mb-rundhauber-2-achs-mit-kipp-pritsche-basis-funktionsmodell","status":"publish","type":"product","link":"https:\/\/www.mg-modelleisenbahnbau.de\/startseite-2\/produkt\/8152-h0-mb-rundhauber-2-achs-mit-kipp-pritsche-basis-funktionsmodell\/","title":{"rendered":"8152 H0 MB Rundhauber 2-achs mit Kipp-Pritsche, Basis, Funktionsmodell"},"content":{"rendered":"<div class=\"offcanvas-body\">\n<div class=\"product-detail-description tab-pane-container\">\n<h2 class=\"product-detail-description-title\">Produktinformationen &#8222;H0 MB Rundhauber 2-achs mit Kipp-Pritsche, Basis, Funktionsmodell&#8220;<\/h2>\n<div class=\"product-detail-description-text\">Wie alle Modelle der CarMotion-Serie verf\u00fcgt das Fahrzeug \u00fcber folgende Funktionen:<br \/>\n&#8211; Lade- und Programmieranschluss<br \/>\n&#8211; Kurze Ladezeiten durch moderne Li-Po Akkus<br \/>\n&#8211; Mit einer Akkuladung ist bei normalem Fahrbetrieb mit Wartezeiten und verschiedenen Geschwindigkeiten eine Laufzeit von ca. 4 \u2013 6 Stunden, bei H\u00f6chstgeschwindigkeit von ca. 2 Stunden m\u00f6glich<br \/>\n&#8211; Einfaches Ein-\/Ausschalten mit Hilfe eines Reedkontakts unter dem Dach der Fahrerkabine mit Magnetstift oder Teleskop-Magnetstab Art. 8410<br \/>\n&#8211; Infrarot-Sender\/-Empf\u00e4nger f\u00fcr Abstandssteuerung (nur bedingt mit anderen IR-Systemen kompatibel)<br \/>\n&#8211; Realistische Brems- bzw. Beschleunigungsvorg\u00e4nge und konfigurierbarer Geschwindigkeit durch drehzahlgeregelten Motor<br \/>\n&#8211; Freie Ladefl\u00e4che durch Unterflurantrieb<br \/>\n&#8211; Kabinenbeleuchtung<br \/>\n&#8211; Bremslichter und R\u00fcckfahrscheinwerfer<br \/>\n&#8211; Blinker rechts\/links und Warnblinker steuerbar<br \/>\n&#8211; Abblendlicht \/ Fernlicht<br \/>\n&#8211; Dachblinker (abh\u00e4ngig vom Fahrzeugtyp)<br \/>\n&#8211; Einsehbare Fahrerkabine mit Figur<br \/>\n&#8211; 5-polige Steckkupplung zum Anschluss von CarMotion Anh\u00e4ngern oder Aufliegern<br \/>\n&#8211; Kompatibel zu vorhandenen Systemen mit Fahrdraht oder Magnetband<br \/>\n&#8211; Steuerung \u00fcber Infrarot-Signale, Dauermagnete Art. 8431 in der Stra\u00dfe, elektromagnetische Stopp-Spulen und Fernbedienung Art. 8402<br \/>\n&#8211; Selbst ohne Spurhilfen ist eine kurze geradlinige R\u00fcckw\u00e4rtsfahrt mittels Steuerung \u00fcber die Fernbedienung m\u00f6glich<br \/>\nVorbilddaten: Mercedes-Benz 1624, 6 Zylinder Reihenmotor OM 355, 177 kW \/ 240 PS.<br \/>\nPassendes Nachr\u00fcst-Set Sound: Artikel 8451<br \/>\nL 8,2 x B 3,3 x H 3,3 \u2013 4,8 cm<\/div>\n<hr \/>\n<h2 class=\"product-detail-description-title\">Warn- und Sicherheitshinweise<\/h2>\n<p><strong>Modellbauartikel, kein Spielzeug!<\/strong> Nicht geeignet f\u00fcr Kinder unter 14 Jahren!<\/p>\n<\/div>\n<\/div>\n","protected":false},"excerpt":{"rendered":"<p>Produktinformationen &#8222;H0 MB Rundhauber 2-achs mit Kipp-Pritsche, Basis, Funktionsmodell&#8220; Wie alle Modelle der CarMotion-Serie verf\u00fcgt das Fahrzeug \u00fcber folgende Funktionen: &#8211; Lade- und Programmieranschluss &#8211; Kurze Ladezeiten durch moderne Li-Po Akkus &#8211; Mit einer Akkuladung ist bei normalem Fahrbetrieb mit Wartezeiten und verschiedenen Geschwindigkeiten eine Laufzeit von ca. 4 \u2013 6 Stunden, bei H\u00f6chstgeschwindigkeit von&#8230;<\/p>\n","protected":false},"featured_media":10310,"comment_status":"open","ping_status":"closed","template":"","meta":[],"product_brand":[],"product_cat":[272,38,37],"product_tag":[292,291],"class_list":{"0":"post-10289","1":"product","2":"type-product","3":"status-publish","4":"has-post-thumbnail","6":"product_cat-h0-carmotion","7":"product_cat-unkategorisiert","8":"product_cat-viessmann","9":"product_tag-kein-spielzeug-nicht-geeignet-fuer-kinder-unter-14-jahren","10":"product_tag-warn-und-sicherheitshinweise-modellbauartikel","12":"first","13":"instock","14":"taxable","15":"shipping-taxable","16":"purchasable","17":"product-type-simple"},"jetpack_sharing_enabled":true,"_links":{"self":[{"href":"https:\/\/www.mg-modelleisenbahnbau.de\/startseite-2\/wp-json\/wp\/v2\/product\/10289","targetHints":{"allow":["GET"]}}],"collection":[{"href":"https:\/\/www.mg-modelleisenbahnbau.de\/startseite-2\/wp-json\/wp\/v2\/product"}],"about":[{"href":"https:\/\/www.mg-modelleisenbahnbau.de\/startseite-2\/wp-json\/wp\/v2\/types\/product"}],"replies":[{"embeddable":true,"href":"https:\/\/www.mg-modelleisenbahnbau.de\/startseite-2\/wp-json\/wp\/v2\/comments?post=10289"}],"wp:featuredmedia":[{"embeddable":true,"href":"https:\/\/www.mg-modelleisenbahnbau.de\/startseite-2\/wp-json\/wp\/v2\/media\/10310"}],"wp:attachment":[{"href":"https:\/\/www.mg-modelleisenbahnbau.de\/startseite-2\/wp-json\/wp\/v2\/media?parent=10289"}],"wp:term":[{"taxonomy":"product_brand","embeddable":true,"href":"https:\/\/www.mg-modelleisenbahnbau.de\/startseite-2\/wp-json\/wp\/v2\/product_brand?post=10289"},{"taxonomy":"product_cat","embeddable":true,"href":"https:\/\/www.mg-modelleisenbahnbau.de\/startseite-2\/wp-json\/wp\/v2\/product_cat?post=10289"},{"taxonomy":"product_tag","embeddable":true,"href":"https:\/\/www.mg-modelleisenbahnbau.de\/startseite-2\/wp-json\/wp\/v2\/product_tag?post=10289"}],"curies":[{"name":"wp","href":"https:\/\/api.w.org\/{rel}","templated":true}]}}