{"id":10027,"date":"2024-07-26T14:18:50","date_gmt":"2024-07-26T12:18:50","guid":{"rendered":"https:\/\/www.mg-modelleisenbahnbau.de\/startseite-2\/?post_type=product&#038;p=10027"},"modified":"2025-06-30T18:27:16","modified_gmt":"2025-06-30T16:27:16","slug":"42412-h0-stille-nacht-gedaechtniskapelle-mit-led-beleuchtung-und-kunstschnee-funktionsbausatz","status":"publish","type":"product","link":"https:\/\/www.mg-modelleisenbahnbau.de\/startseite-2\/produkt\/42412-h0-stille-nacht-gedaechtniskapelle-mit-led-beleuchtung-und-kunstschnee-funktionsbausatz\/","title":{"rendered":"42412 H0 Stille-Nacht-Ged\u00e4chtniskapelle mit LED- Beleuchtung und Kunstschnee, Funktionsbausatz"},"content":{"rendered":"<div class=\"offcanvas-body\">\n<div class=\"product-detail-description tab-pane-container\">\n<div class=\"h3 product-detail-description-title\">Produktinformationen &#8222;H0 Stille-Nacht-Ged\u00e4chtniskapelle mit LED- Beleuchtung und Kunstschnee, Funktionsbausatz&#8220;<\/div>\n<div class=\"product-detail-description-text\">Am 24. Dezember 1818 f\u00fchrten der Dorfschullehrer und Organist Franz Xaver Gruber und der Hilfspriester Joseph Mohr in der Kirche St. Nikolaus in Oberndorf bei Salzburg das bekannte Weihnachtslied erstmals auf. Zur Jahrhundertwende wurde die Kirche St. Nikolaus abgerissen und an ihrer Stelle die Stille-Nacht-Ged\u00e4chtniskapelle errichtet. Die Original Stille-Nacht-Ged\u00e4chtniskapelle im Ma\u00dfstab 1:87 H0 von Vollmer ist ein Bausatz mit vielen Extras, wie z. B. eine LED f\u00fcr die Innenbeleuchtung und Kunstschnee.<br \/>\nMa\u00dfe: L 11 x B 8 x H 16 cm.<\/div>\n<\/div>\n<\/div>\n","protected":false},"excerpt":{"rendered":"<p>Produktinformationen &#8222;H0 Stille-Nacht-Ged\u00e4chtniskapelle mit LED- Beleuchtung und Kunstschnee, Funktionsbausatz&#8220; Am 24. Dezember 1818 f\u00fchrten der Dorfschullehrer und Organist Franz Xaver Gruber und der Hilfspriester Joseph Mohr in der Kirche St. Nikolaus in Oberndorf bei Salzburg das bekannte Weihnachtslied erstmals auf. Zur Jahrhundertwende wurde die Kirche St. Nikolaus abgerissen und an ihrer Stelle die Stille-Nacht-Ged\u00e4chtniskapelle errichtet&#8230;.<\/p>\n","protected":false},"featured_media":10028,"comment_status":"open","ping_status":"closed","template":"","meta":[],"product_brand":[],"product_cat":[175,176,38,41,160],"product_tag":[292,291],"class_list":{"0":"post-10027","1":"product","2":"type-product","3":"status-publish","4":"has-post-thumbnail","6":"product_cat-kirchen-muehlen-ho","7":"product_cat-stadt-dorfhaeuser-ho","8":"product_cat-unkategorisiert","9":"product_cat-vollmer","10":"product_cat-vollmer-ho","11":"product_tag-kein-spielzeug-nicht-geeignet-fuer-kinder-unter-14-jahren","12":"product_tag-warn-und-sicherheitshinweise-modellbauartikel","14":"first","15":"instock","16":"taxable","17":"shipping-taxable","18":"purchasable","19":"product-type-simple"},"jetpack_sharing_enabled":true,"_links":{"self":[{"href":"https:\/\/www.mg-modelleisenbahnbau.de\/startseite-2\/wp-json\/wp\/v2\/product\/10027","targetHints":{"allow":["GET"]}}],"collection":[{"href":"https:\/\/www.mg-modelleisenbahnbau.de\/startseite-2\/wp-json\/wp\/v2\/product"}],"about":[{"href":"https:\/\/www.mg-modelleisenbahnbau.de\/startseite-2\/wp-json\/wp\/v2\/types\/product"}],"replies":[{"embeddable":true,"href":"https:\/\/www.mg-modelleisenbahnbau.de\/startseite-2\/wp-json\/wp\/v2\/comments?post=10027"}],"wp:featuredmedia":[{"embeddable":true,"href":"https:\/\/www.mg-modelleisenbahnbau.de\/startseite-2\/wp-json\/wp\/v2\/media\/10028"}],"wp:attachment":[{"href":"https:\/\/www.mg-modelleisenbahnbau.de\/startseite-2\/wp-json\/wp\/v2\/media?parent=10027"}],"wp:term":[{"taxonomy":"product_brand","embeddable":true,"href":"https:\/\/www.mg-modelleisenbahnbau.de\/startseite-2\/wp-json\/wp\/v2\/product_brand?post=10027"},{"taxonomy":"product_cat","embeddable":true,"href":"https:\/\/www.mg-modelleisenbahnbau.de\/startseite-2\/wp-json\/wp\/v2\/product_cat?post=10027"},{"taxonomy":"product_tag","embeddable":true,"href":"https:\/\/www.mg-modelleisenbahnbau.de\/startseite-2\/wp-json\/wp\/v2\/product_tag?post=10027"}],"curies":[{"name":"wp","href":"https:\/\/api.w.org\/{rel}","templated":true}]}}