{"id":10025,"date":"2024-07-26T14:14:21","date_gmt":"2024-07-26T12:14:21","guid":{"rendered":"https:\/\/www.mg-modelleisenbahnbau.de\/startseite-2\/?post_type=product&#038;p=10025"},"modified":"2025-06-30T18:27:15","modified_gmt":"2025-06-30T16:27:15","slug":"42004-h0-botschaftsgebaeude-mit-led-beleuchtung-funktionsbausatz","status":"publish","type":"product","link":"https:\/\/www.mg-modelleisenbahnbau.de\/startseite-2\/produkt\/42004-h0-botschaftsgebaeude-mit-led-beleuchtung-funktionsbausatz\/","title":{"rendered":"42004 H0 Botschaftsgeb\u00e4ude mit LED-Beleuchtung, Funktionsbausatz"},"content":{"rendered":"<div class=\"col-12 col-md-7\">\n<div class=\"offcanvas-body\">\n<div class=\"product-detail-description tab-pane-container\">\n<div class=\"h3 product-detail-description-title\">Produktinformationen &#8222;H0 Botschaftsgeb\u00e4ude mit LED-Beleuchtung, Funktionsbausatz&#8220;<\/div>\n<div class=\"product-detail-description-text\">Dieses imposante Geb\u00e4ude dient als Botschaftssitz. Dem Bausatz liegt die praktische und variable Etageninnenbeleuchtung von Viessmann bei. Diese bietet unbegrenzte M\u00f6glichkeiten zur individuellen Beleuchtung von Geb\u00e4uden mit gro\u00dfen Fensterfronten. Ma\u00dfe: L 12,6 x B 12,5 x H 16,7 cm.<\/div>\n<\/div>\n<\/div>\n<\/div>\n<div class=\"col-12 col-md-5\"><\/div>\n","protected":false},"excerpt":{"rendered":"<p>Produktinformationen &#8222;H0 Botschaftsgeb\u00e4ude mit LED-Beleuchtung, Funktionsbausatz&#8220; Dieses imposante Geb\u00e4ude dient als Botschaftssitz. Dem Bausatz liegt die praktische und variable Etageninnenbeleuchtung von Viessmann bei. Diese bietet unbegrenzte M\u00f6glichkeiten zur individuellen Beleuchtung von Geb\u00e4uden mit gro\u00dfen Fensterfronten. Ma\u00dfe: L 12,6 x B 12,5 x H 16,7 cm.<\/p>\n","protected":false},"featured_media":10026,"comment_status":"open","ping_status":"closed","template":"","meta":[],"product_brand":[],"product_cat":[176,38,41,160],"product_tag":[292,291],"class_list":{"0":"post-10025","1":"product","2":"type-product","3":"status-publish","4":"has-post-thumbnail","6":"product_cat-stadt-dorfhaeuser-ho","7":"product_cat-unkategorisiert","8":"product_cat-vollmer","9":"product_cat-vollmer-ho","10":"product_tag-kein-spielzeug-nicht-geeignet-fuer-kinder-unter-14-jahren","11":"product_tag-warn-und-sicherheitshinweise-modellbauartikel","13":"first","14":"instock","15":"taxable","16":"shipping-taxable","17":"purchasable","18":"product-type-simple"},"jetpack_sharing_enabled":true,"_links":{"self":[{"href":"https:\/\/www.mg-modelleisenbahnbau.de\/startseite-2\/wp-json\/wp\/v2\/product\/10025","targetHints":{"allow":["GET"]}}],"collection":[{"href":"https:\/\/www.mg-modelleisenbahnbau.de\/startseite-2\/wp-json\/wp\/v2\/product"}],"about":[{"href":"https:\/\/www.mg-modelleisenbahnbau.de\/startseite-2\/wp-json\/wp\/v2\/types\/product"}],"replies":[{"embeddable":true,"href":"https:\/\/www.mg-modelleisenbahnbau.de\/startseite-2\/wp-json\/wp\/v2\/comments?post=10025"}],"wp:featuredmedia":[{"embeddable":true,"href":"https:\/\/www.mg-modelleisenbahnbau.de\/startseite-2\/wp-json\/wp\/v2\/media\/10026"}],"wp:attachment":[{"href":"https:\/\/www.mg-modelleisenbahnbau.de\/startseite-2\/wp-json\/wp\/v2\/media?parent=10025"}],"wp:term":[{"taxonomy":"product_brand","embeddable":true,"href":"https:\/\/www.mg-modelleisenbahnbau.de\/startseite-2\/wp-json\/wp\/v2\/product_brand?post=10025"},{"taxonomy":"product_cat","embeddable":true,"href":"https:\/\/www.mg-modelleisenbahnbau.de\/startseite-2\/wp-json\/wp\/v2\/product_cat?post=10025"},{"taxonomy":"product_tag","embeddable":true,"href":"https:\/\/www.mg-modelleisenbahnbau.de\/startseite-2\/wp-json\/wp\/v2\/product_tag?post=10025"}],"curies":[{"name":"wp","href":"https:\/\/api.w.org\/{rel}","templated":true}]}}