{"id":10023,"date":"2024-07-26T14:12:00","date_gmt":"2024-07-26T12:12:00","guid":{"rendered":"https:\/\/www.mg-modelleisenbahnbau.de\/startseite-2\/?post_type=product&#038;p=10023"},"modified":"2025-06-30T18:27:15","modified_gmt":"2025-06-30T16:27:15","slug":"42080-h0-set-alpendorf","status":"publish","type":"product","link":"https:\/\/www.mg-modelleisenbahnbau.de\/startseite-2\/produkt\/42080-h0-set-alpendorf\/","title":{"rendered":"42080 H0 Set Alpendorf"},"content":{"rendered":"<div class=\"offcanvas-body\">\n<div class=\"product-detail-description tab-pane-container\">\n<div class=\"h3 product-detail-description-title\">Produktinformationen &#8222;H0 Set Alpendorf &#8222;<\/div>\n<div class=\"product-detail-description-text\">Dieses liebliche alpenl\u00e4ndische Set besteht aus der Kirche St. Andr\u00e4 Art. 43709, dem Haus Wetterstein Art. 43703 und Haus Wiesengrund Art. 49251. Damit legen Sie den Grundstein f\u00fcr ein kleines alpenl\u00e4ndisches Dorf zum g\u00fcnstigen Preis. Ma\u00dfe: 43703: L 12 x B 11 x H 8,5 cm. 43709: L 18,6 x B 14 x H 28,5 cm. 49251: L 12,5 x B 13 x H 7,8 cm.<\/div>\n<\/div>\n<\/div>\n","protected":false},"excerpt":{"rendered":"<p>Produktinformationen &#8222;H0 Set Alpendorf &#8222; Dieses liebliche alpenl\u00e4ndische Set besteht aus der Kirche St. Andr\u00e4 Art. 43709, dem Haus Wetterstein Art. 43703 und Haus Wiesengrund Art. 49251. Damit legen Sie den Grundstein f\u00fcr ein kleines alpenl\u00e4ndisches Dorf zum g\u00fcnstigen Preis. Ma\u00dfe: 43703: L 12 x B 11 x H 8,5 cm. 43709: L 18,6 x&#8230;<\/p>\n","protected":false},"featured_media":10024,"comment_status":"open","ping_status":"closed","template":"","meta":[],"product_brand":[],"product_cat":[176,38,41,160],"product_tag":[292,291],"class_list":{"0":"post-10023","1":"product","2":"type-product","3":"status-publish","4":"has-post-thumbnail","6":"product_cat-stadt-dorfhaeuser-ho","7":"product_cat-unkategorisiert","8":"product_cat-vollmer","9":"product_cat-vollmer-ho","10":"product_tag-kein-spielzeug-nicht-geeignet-fuer-kinder-unter-14-jahren","11":"product_tag-warn-und-sicherheitshinweise-modellbauartikel","13":"first","14":"instock","15":"taxable","16":"shipping-taxable","17":"purchasable","18":"product-type-simple"},"jetpack_sharing_enabled":true,"_links":{"self":[{"href":"https:\/\/www.mg-modelleisenbahnbau.de\/startseite-2\/wp-json\/wp\/v2\/product\/10023","targetHints":{"allow":["GET"]}}],"collection":[{"href":"https:\/\/www.mg-modelleisenbahnbau.de\/startseite-2\/wp-json\/wp\/v2\/product"}],"about":[{"href":"https:\/\/www.mg-modelleisenbahnbau.de\/startseite-2\/wp-json\/wp\/v2\/types\/product"}],"replies":[{"embeddable":true,"href":"https:\/\/www.mg-modelleisenbahnbau.de\/startseite-2\/wp-json\/wp\/v2\/comments?post=10023"}],"wp:featuredmedia":[{"embeddable":true,"href":"https:\/\/www.mg-modelleisenbahnbau.de\/startseite-2\/wp-json\/wp\/v2\/media\/10024"}],"wp:attachment":[{"href":"https:\/\/www.mg-modelleisenbahnbau.de\/startseite-2\/wp-json\/wp\/v2\/media?parent=10023"}],"wp:term":[{"taxonomy":"product_brand","embeddable":true,"href":"https:\/\/www.mg-modelleisenbahnbau.de\/startseite-2\/wp-json\/wp\/v2\/product_brand?post=10023"},{"taxonomy":"product_cat","embeddable":true,"href":"https:\/\/www.mg-modelleisenbahnbau.de\/startseite-2\/wp-json\/wp\/v2\/product_cat?post=10023"},{"taxonomy":"product_tag","embeddable":true,"href":"https:\/\/www.mg-modelleisenbahnbau.de\/startseite-2\/wp-json\/wp\/v2\/product_tag?post=10023"}],"curies":[{"name":"wp","href":"https:\/\/api.w.org\/{rel}","templated":true}]}}