{"id":10015,"date":"2024-07-26T13:57:45","date_gmt":"2024-07-26T11:57:45","guid":{"rendered":"https:\/\/www.mg-modelleisenbahnbau.de\/startseite-2\/?post_type=product&#038;p=10015"},"modified":"2025-07-01T11:56:40","modified_gmt":"2025-07-01T09:56:40","slug":"49412-z-stille-nacht-gedaechtnis-kapelle-mit-led-beleuchtung-und-kunstschnee-funktionsbausatz","status":"publish","type":"product","link":"https:\/\/www.mg-modelleisenbahnbau.de\/startseite-2\/produkt\/49412-z-stille-nacht-gedaechtnis-kapelle-mit-led-beleuchtung-und-kunstschnee-funktionsbausatz\/","title":{"rendered":"49412 Z Stille-Nacht-Ged\u00e4chtnis-Kapelle mit LED- Beleuchtung und Kunstschnee, Funktionsbausatz"},"content":{"rendered":"<div class=\"offcanvas-body\">\n<div class=\"product-detail-description tab-pane-container\">\n<div class=\"h3 product-detail-description-title\">Produktinformationen &#8222;Z Stille-Nacht-Ged\u00e4chtnis-Kapelle mit LED- Beleuchtung und Kunstschnee, Funktionsbausatz &#8222;<\/div>\n<div class=\"product-detail-description-text\">Die Original Stille-Nacht-Ged\u00e4chtniskapelle in Spurgr\u00f6\u00dfe Z von Vollmer ist ein Bausatz mit vielen Extras, wie z. B. eine LED f\u00fcr die Innenbeleuchtung und Kunstschnee. Ma\u00dfe: L 5,2 x B 3,7 x H 8 cm.<\/div>\n<\/div>\n<\/div>\n","protected":false},"excerpt":{"rendered":"<p>Produktinformationen &#8222;Z Stille-Nacht-Ged\u00e4chtnis-Kapelle mit LED- Beleuchtung und Kunstschnee, Funktionsbausatz &#8222; Die Original Stille-Nacht-Ged\u00e4chtniskapelle in Spurgr\u00f6\u00dfe Z von Vollmer ist ein Bausatz mit vielen Extras, wie z. B. eine LED f\u00fcr die Innenbeleuchtung und Kunstschnee. Ma\u00dfe: L 5,2 x B 3,7 x H 8 cm.<\/p>\n","protected":false},"featured_media":10016,"comment_status":"open","ping_status":"closed","template":"","meta":[],"product_brand":[],"product_cat":[200,38,41,185],"product_tag":[292,291],"class_list":{"0":"post-10015","1":"product","2":"type-product","3":"status-publish","4":"has-post-thumbnail","6":"product_cat-gebaeude-z","7":"product_cat-unkategorisiert","8":"product_cat-vollmer","9":"product_cat-vollmer-spur-z","10":"product_tag-kein-spielzeug-nicht-geeignet-fuer-kinder-unter-14-jahren","11":"product_tag-warn-und-sicherheitshinweise-modellbauartikel","13":"first","14":"instock","15":"taxable","16":"shipping-taxable","17":"purchasable","18":"product-type-simple"},"jetpack_sharing_enabled":true,"_links":{"self":[{"href":"https:\/\/www.mg-modelleisenbahnbau.de\/startseite-2\/wp-json\/wp\/v2\/product\/10015","targetHints":{"allow":["GET"]}}],"collection":[{"href":"https:\/\/www.mg-modelleisenbahnbau.de\/startseite-2\/wp-json\/wp\/v2\/product"}],"about":[{"href":"https:\/\/www.mg-modelleisenbahnbau.de\/startseite-2\/wp-json\/wp\/v2\/types\/product"}],"replies":[{"embeddable":true,"href":"https:\/\/www.mg-modelleisenbahnbau.de\/startseite-2\/wp-json\/wp\/v2\/comments?post=10015"}],"wp:featuredmedia":[{"embeddable":true,"href":"https:\/\/www.mg-modelleisenbahnbau.de\/startseite-2\/wp-json\/wp\/v2\/media\/10016"}],"wp:attachment":[{"href":"https:\/\/www.mg-modelleisenbahnbau.de\/startseite-2\/wp-json\/wp\/v2\/media?parent=10015"}],"wp:term":[{"taxonomy":"product_brand","embeddable":true,"href":"https:\/\/www.mg-modelleisenbahnbau.de\/startseite-2\/wp-json\/wp\/v2\/product_brand?post=10015"},{"taxonomy":"product_cat","embeddable":true,"href":"https:\/\/www.mg-modelleisenbahnbau.de\/startseite-2\/wp-json\/wp\/v2\/product_cat?post=10015"},{"taxonomy":"product_tag","embeddable":true,"href":"https:\/\/www.mg-modelleisenbahnbau.de\/startseite-2\/wp-json\/wp\/v2\/product_tag?post=10015"}],"curies":[{"name":"wp","href":"https:\/\/api.w.org\/{rel}","templated":true}]}}