{"id":10000,"date":"2024-07-26T13:25:36","date_gmt":"2024-07-26T11:25:36","guid":{"rendered":"https:\/\/www.mg-modelleisenbahnbau.de\/startseite-2\/?post_type=product&#038;p=10000"},"modified":"2025-07-01T11:34:31","modified_gmt":"2025-07-01T09:34:31","slug":"48286-h0-kriegerdenkmal","status":"publish","type":"product","link":"https:\/\/www.mg-modelleisenbahnbau.de\/startseite-2\/produkt\/48286-h0-kriegerdenkmal\/","title":{"rendered":"48286 H0 Kriegerdenkmal"},"content":{"rendered":"<div class=\"offcanvas-body\">\n<div class=\"product-detail-description tab-pane-container\">\n<div class=\"h3 product-detail-description-title\">Produktinformationen &#8222;H0 Kriegerdenkmal &#8222;<\/div>\n<div class=\"product-detail-description-text\">Das Kriegerdenkmal wurde vom deutschen Bildhauer Hugo Knittel erschaffen und steht heute in Murg, Baden-W\u00fcrttemberg. Es wurde im Jahr 2000 f\u00fcr 45.000 Euro saniert. Die Inschrift lautet: &#8222;Unseren Gefallenen 1914-1918 1939-1945 zum Ged\u00e4chtnis&#8220;. Der Sockel ist aus Steinkunst gefertigt. Dieser Mineralverbundwerkstoff ist wetterfest und erzeugt eine un\u00fcbertroffen realistische Steinoberfl\u00e4che. H\u00f6he: 3,5 cm.<\/div>\n<\/div>\n<\/div>\n","protected":false},"excerpt":{"rendered":"<p>Produktinformationen &#8222;H0 Kriegerdenkmal &#8222; Das Kriegerdenkmal wurde vom deutschen Bildhauer Hugo Knittel erschaffen und steht heute in Murg, Baden-W\u00fcrttemberg. Es wurde im Jahr 2000 f\u00fcr 45.000 Euro saniert. Die Inschrift lautet: &#8222;Unseren Gefallenen 1914-1918 1939-1945 zum Ged\u00e4chtnis&#8220;. Der Sockel ist aus Steinkunst gefertigt. Dieser Mineralverbundwerkstoff ist wetterfest und erzeugt eine un\u00fcbertroffen realistische Steinoberfl\u00e4che. H\u00f6he: 3,5&#8230;<\/p>\n","protected":false},"featured_media":10001,"comment_status":"open","ping_status":"closed","template":"","meta":[],"product_brand":[],"product_cat":[161,38,41,160],"product_tag":[292,291],"class_list":{"0":"post-10000","1":"product","2":"type-product","3":"status-publish","4":"has-post-thumbnail","6":"product_cat-steinkunst-ho","7":"product_cat-unkategorisiert","8":"product_cat-vollmer","9":"product_cat-vollmer-ho","10":"product_tag-kein-spielzeug-nicht-geeignet-fuer-kinder-unter-14-jahren","11":"product_tag-warn-und-sicherheitshinweise-modellbauartikel","13":"first","14":"instock","15":"taxable","16":"shipping-taxable","17":"purchasable","18":"product-type-simple"},"jetpack_sharing_enabled":true,"_links":{"self":[{"href":"https:\/\/www.mg-modelleisenbahnbau.de\/startseite-2\/wp-json\/wp\/v2\/product\/10000","targetHints":{"allow":["GET"]}}],"collection":[{"href":"https:\/\/www.mg-modelleisenbahnbau.de\/startseite-2\/wp-json\/wp\/v2\/product"}],"about":[{"href":"https:\/\/www.mg-modelleisenbahnbau.de\/startseite-2\/wp-json\/wp\/v2\/types\/product"}],"replies":[{"embeddable":true,"href":"https:\/\/www.mg-modelleisenbahnbau.de\/startseite-2\/wp-json\/wp\/v2\/comments?post=10000"}],"wp:featuredmedia":[{"embeddable":true,"href":"https:\/\/www.mg-modelleisenbahnbau.de\/startseite-2\/wp-json\/wp\/v2\/media\/10001"}],"wp:attachment":[{"href":"https:\/\/www.mg-modelleisenbahnbau.de\/startseite-2\/wp-json\/wp\/v2\/media?parent=10000"}],"wp:term":[{"taxonomy":"product_brand","embeddable":true,"href":"https:\/\/www.mg-modelleisenbahnbau.de\/startseite-2\/wp-json\/wp\/v2\/product_brand?post=10000"},{"taxonomy":"product_cat","embeddable":true,"href":"https:\/\/www.mg-modelleisenbahnbau.de\/startseite-2\/wp-json\/wp\/v2\/product_cat?post=10000"},{"taxonomy":"product_tag","embeddable":true,"href":"https:\/\/www.mg-modelleisenbahnbau.de\/startseite-2\/wp-json\/wp\/v2\/product_tag?post=10000"}],"curies":[{"name":"wp","href":"https:\/\/api.w.org\/{rel}","templated":true}]}}