{"id":269,"date":"2018-04-03T11:22:49","date_gmt":"2018-04-03T09:22:49","guid":{"rendered":"http:\/\/www.mg-modelleisenbahnbau.de\/?page_id=269"},"modified":"2019-09-29T20:09:08","modified_gmt":"2019-09-29T18:09:08","slug":"dienstleistungen","status":"publish","type":"page","link":"https:\/\/www.mg-modelleisenbahnbau.de\/startseite-2\/dienstleistungen\/","title":{"rendered":"DIENSTLEISTUNGEN"},"content":{"rendered":"<section class=\"l-section wpb_row height_auto\"><div class=\"l-section-h i-cf\"><div class=\"g-cols type_default\"><div class=\"vc_col-sm-12 wpb_column vc_column_container\"><div class=\"vc_column-inner\"><div class=\"wpb_wrapper\">[vc_empty_space height=&#8220;70px&#8220;]<div class=\"wpb_text_column \"><div class=\"wpb_wrapper\">\n<h3 style=\"text-align: center;\"><span style=\"color: #ffffff;\"><strong>\u00a0 \u00a0 \u00a0 \u00a0 <\/strong><\/span><\/h3>\n<h3 style=\"text-align: center;\"><span style=\"color: #ffffff;\"><strong>\u00a0 \u00a0 \u00a0 \u00a0DIENSTLEISTUNGEN<\/strong><\/span><\/h3>\n<h3 style=\"text-align: center;\"><span style=\"color: #ffffff;\"><strong>\u00a0 \u00a0 \u00a0Zu unserem Service geh\u00f6ren unter <\/strong><\/span><strong style=\"color: #ffffff;\">anderem\u00a0<\/strong><\/h3>\n<\/div> <\/div> [vc_empty_space height=&#8220;80px&#8220;]<\/div><\/div><\/div><\/div><\/div><\/section><section class=\"l-section wpb_row height_medium\"><div class=\"l-section-h i-cf\"><div class=\"g-cols type_default\"><div class=\"vc_col-sm-12 wpb_column vc_column_container\"><div class=\"vc_column-inner\"><div class=\"wpb_wrapper\"><div class=\"wpb_text_column \"><div class=\"wpb_wrapper\">\n<p style=\"text-align: center;\"><strong>Dienstleisungen<\/strong><\/p>\n<\/div> <\/div> <div class=\"w-separator type_default size_medium thick_2 style_solid color_primary cont_none\"><span class=\"w-separator-h\"><\/span><\/div><div class=\"wpb_text_column \"><div class=\"wpb_wrapper\">\n<p style=\"text-align: center;\">Das altern von Lokomotiven, Br\u00fccken und H\u00e4usern<\/p>\n<p style=\"text-align: center;\">Zusammenbau von H\u00e4usern und Br\u00fccken<\/p>\n<p style=\"text-align: center;\">Gestaltung \/ Begr\u00fcnung von Anlagen mit modernster Technik<\/p>\n<p style=\"text-align: center;\">Fehlersuche und Problembehebung an Anlagen<\/p>\n<p style=\"text-align: center;\">Verlegung der kompletten elektrischen Installation<\/p>\n<p style=\"text-align: center;\">Unterst\u00fctzung von Projekten<\/p>\n<p style=\"text-align: center;\">Komplette Umsetzung von der Planung bis hin zum fertigen Projekt<\/p>\n<\/div> <\/div> <\/div><\/div><\/div><\/div><\/div><\/section>\n","protected":false},"excerpt":{"rendered":"[vc_empty_space height=\"70px\"] \u00a0 \u00a0 \u00a0 \u00a0 \u00a0 \u00a0 \u00a0 \u00a0DIENSTLEISTUNGEN \u00a0 \u00a0 \u00a0Zu unserem Service geh\u00f6ren unter anderem\u00a0 [vc_empty_space height=\"80px\"] Dienstleisungen Das altern von Lokomotiven, Br\u00fccken und H\u00e4usern Zusammenbau von H\u00e4usern und Br\u00fccken Gestaltung \/ Begr\u00fcnung von Anlagen mit modernster Technik Fehlersuche und Problembehebung an Anlagen Verlegung der kompletten elektrischen Installation Unterst\u00fctzung von Projekten Komplette...","protected":false},"author":1,"featured_media":0,"parent":0,"menu_order":0,"comment_status":"closed","ping_status":"closed","template":"","meta":{"footnotes":""},"class_list":["post-269","page","type-page","status-publish","hentry"],"jetpack_sharing_enabled":true,"_links":{"self":[{"href":"https:\/\/www.mg-modelleisenbahnbau.de\/startseite-2\/wp-json\/wp\/v2\/pages\/269","targetHints":{"allow":["GET"]}}],"collection":[{"href":"https:\/\/www.mg-modelleisenbahnbau.de\/startseite-2\/wp-json\/wp\/v2\/pages"}],"about":[{"href":"https:\/\/www.mg-modelleisenbahnbau.de\/startseite-2\/wp-json\/wp\/v2\/types\/page"}],"author":[{"embeddable":true,"href":"https:\/\/www.mg-modelleisenbahnbau.de\/startseite-2\/wp-json\/wp\/v2\/users\/1"}],"replies":[{"embeddable":true,"href":"https:\/\/www.mg-modelleisenbahnbau.de\/startseite-2\/wp-json\/wp\/v2\/comments?post=269"}],"version-history":[{"count":0,"href":"https:\/\/www.mg-modelleisenbahnbau.de\/startseite-2\/wp-json\/wp\/v2\/pages\/269\/revisions"}],"wp:attachment":[{"href":"https:\/\/www.mg-modelleisenbahnbau.de\/startseite-2\/wp-json\/wp\/v2\/media?parent=269"}],"curies":[{"name":"wp","href":"https:\/\/api.w.org\/{rel}","templated":true}]}}